{"id":58480,"date":"2024-08-30T15:05:35","date_gmt":"2024-08-30T13:05:35","guid":{"rendered":"https:\/\/provence-mediterranee.prep.faire-savoir.eu\/tolone-la-seyne\/toulon\/il-museo-darte-di-tolone-mat\/"},"modified":"2025-10-20T10:40:51","modified_gmt":"2025-10-20T08:40:51","slug":"il-museo-darte-di-tolone-mat","status":"publish","type":"page","link":"https:\/\/provence-mediterranee.prep.faire-savoir.eu\/it\/tolone-la-seyne\/toulon\/il-museo-darte-di-tolone-mat\/","title":{"rendered":"Il Museo d&#8217;Arte di Tolone (MAT)"},"content":{"rendered":"\n<section class=\"wp-block-group alignfull pattern-text-image--map has-global-padding is-layout-constrained wp-block-group-is-layout-constrained\">\n<div class=\"wp-block-columns are-vertically-aligned-center is-layout-flex wp-container-core-columns-is-layout-28f84493 wp-block-columns-is-layout-flex\">\n<div class=\"wp-block-column is-vertically-aligned-center pattern-text-image--map__content is-layout-flow wp-block-column-is-layout-flow\">\n<h2 class=\"wp-block-heading\"><strong>Un dialogo tra arte e storia<\/strong><\/h2>\n\n\n\n<p>Dal 1888, il <a href=\"https:\/\/provence-mediterranee.prep.faire-savoir.eu\/activites\/mat-musee-dart-de-toulon\/\" target=\"_blank\" rel=\"noreferrer noopener\">Mus\u00e9e d&#8217;Art<\/a> rappresenta una parte della storia moderna di Tolone e ospita una collezione in continua espansione di arte antica, moderna e contemporanea. Vengono messe in evidenza le correnti provenzali e orientaliste, oltre a rinomate opere contemporanee. Tutto l&#8217;anno ti aspetta un viaggio artistico entusiasmante, arricchito da mostre emozionanti.  <\/p>\n<\/div>\n\n\n\n<div class=\"wp-block-column is-vertically-aligned-center pattern-text-image--map__media is-layout-flow wp-block-column-is-layout-flow\" style=\"flex-basis:470px\">\n<figure class=\"wp-block-image size-thumbnail\"><img loading=\"lazy\" decoding=\"async\" width=\"470\" height=\"276\" src=\"https:\/\/provence-mediterranee.prep.faire-savoir.eu\/assets\/uploads\/2024\/01\/carte-toulon.svg\" alt=\"Toulon\" class=\"wp-image-428\"\/><\/figure>\n<\/div>\n<\/div>\n<\/section>\n\n\n\n<section class=\"wp-block-cover alignfull is-light pattern-cover\"><img loading=\"lazy\" decoding=\"async\" width=\"1920\" height=\"720\" class=\"wp-block-cover__image-background wp-image-47969\" alt=\"\" src=\"https:\/\/provence-mediterranee.prep.faire-savoir.eu\/assets\/uploads\/2024\/09\/5bonnesraisons-mat.jpg\" data-object-fit=\"cover\" srcset=\"https:\/\/provence-mediterranee.prep.faire-savoir.eu\/assets\/uploads\/2024\/09\/5bonnesraisons-mat.jpg 1920w, https:\/\/provence-mediterranee.prep.faire-savoir.eu\/assets\/uploads\/2024\/09\/5bonnesraisons-mat-800x300.jpg 800w, https:\/\/provence-mediterranee.prep.faire-savoir.eu\/assets\/uploads\/2024\/09\/5bonnesraisons-mat-1200x450.jpg 1200w, https:\/\/provence-mediterranee.prep.faire-savoir.eu\/assets\/uploads\/2024\/09\/5bonnesraisons-mat-520x195.jpg 520w, https:\/\/provence-mediterranee.prep.faire-savoir.eu\/assets\/uploads\/2024\/09\/5bonnesraisons-mat-768x288.jpg 768w, https:\/\/provence-mediterranee.prep.faire-savoir.eu\/assets\/uploads\/2024\/09\/5bonnesraisons-mat-1536x576.jpg 1536w\" sizes=\"auto, (max-width: 1920px) 100vw, 1920px\" \/><span aria-hidden=\"true\" class=\"wp-block-cover__background has-background-dim\" style=\"background-color:#b3a496\"><\/span><div class=\"wp-block-cover__inner-container is-layout-flow wp-block-cover-is-layout-flow\">\n<div class=\"wp-block-columns alignwide are-vertically-aligned-center is-layout-flex wp-container-core-columns-is-layout-28f84493 wp-block-columns-is-layout-flex\">\n<div class=\"wp-block-column is-vertically-aligned-center pattern-cover__content has-white-color has-text-color has-link-color wp-elements-1c574c7ca97324b8e381179065bd06f9 is-layout-flow wp-block-column-is-layout-flow\" style=\"padding-right:var(--wp--preset--spacing--xx-large);padding-left:var(--wp--preset--spacing--xx-large);flex-basis:50%\">\n<h2 class=\"wp-block-heading has-text-align-left\">5 buoni motivi per venire al Mus\u00e9e d&#8217;Art<\/h2>\n\n\n\n<ol class=\"wp-block-list\">\n<li>Ammira la facciata monumentale del museo<\/li>\n\n\n\n<li>Ammira le ricche collezioni di arte antica, moderna e contemporanea<\/li>\n\n\n\n<li>Goditi le prestigiose mostre temporanee<\/li>\n\n\n\n<li>Torna indietro nel tempo nella biblioteca d&#8217;arte<\/li>\n\n\n\n<li>Immergiti nella luce radiosa del luogo<\/li>\n<\/ol>\n<\/div>\n\n\n\n<div class=\"wp-block-column is-vertically-aligned-center pattern-cover__empty is-layout-flow wp-block-column-is-layout-flow\" style=\"flex-basis:50%\"><\/div>\n<\/div>\n<\/div><\/section>\n\n\n\n<section class=\"wp-block-group alignfull pattern-gallery has-global-padding is-layout-constrained wp-block-group-is-layout-constrained\">\n<div class=\"wp-block-group alignwide is-content-justification-left is-layout-flow wp-block-group-is-layout-flow\">\n<figure class=\"wp-block-image size-thumbnail\"><img loading=\"lazy\" decoding=\"async\" width=\"520\" height=\"520\" src=\"https:\/\/provence-mediterranee.prep.faire-savoir.eu\/assets\/uploads\/2024\/08\/toulon-la-seyne-toulon-le-musee-dart-generique-carrejpg-520x520.jpg\" alt=\"\" class=\"wp-image-47888\" style=\"aspect-ratio:1;object-fit:cover\" srcset=\"https:\/\/provence-mediterranee.prep.faire-savoir.eu\/assets\/uploads\/2024\/08\/toulon-la-seyne-toulon-le-musee-dart-generique-carrejpg-520x520.jpg 520w, https:\/\/provence-mediterranee.prep.faire-savoir.eu\/assets\/uploads\/2024\/08\/toulon-la-seyne-toulon-le-musee-dart-generique-carrejpg-800x800.jpg 800w, https:\/\/provence-mediterranee.prep.faire-savoir.eu\/assets\/uploads\/2024\/08\/toulon-la-seyne-toulon-le-musee-dart-generique-carrejpg-768x768.jpg 768w, https:\/\/provence-mediterranee.prep.faire-savoir.eu\/assets\/uploads\/2024\/08\/toulon-la-seyne-toulon-le-musee-dart-generique-carrejpg.jpg 900w\" sizes=\"auto, (max-width: 520px) 100vw, 520px\" \/><figcaption class=\"wp-element-caption\">Prestigiose mostre temporanee<\/figcaption><\/figure>\n\n\n\n<figure class=\"wp-block-image size-large\"><img loading=\"lazy\" decoding=\"async\" width=\"1200\" height=\"581\" src=\"https:\/\/provence-mediterranee.prep.faire-savoir.eu\/assets\/uploads\/2024\/08\/toulon-la-seyne-toulon-le-musee-dart-generique-rectangulairejpg-2-1200x581.jpg\" alt=\"\" class=\"wp-image-47891\" style=\"aspect-ratio:1;object-fit:cover\" srcset=\"https:\/\/provence-mediterranee.prep.faire-savoir.eu\/assets\/uploads\/2024\/08\/toulon-la-seyne-toulon-le-musee-dart-generique-rectangulairejpg-2-1200x581.jpg 1200w, https:\/\/provence-mediterranee.prep.faire-savoir.eu\/assets\/uploads\/2024\/08\/toulon-la-seyne-toulon-le-musee-dart-generique-rectangulairejpg-2-800x388.jpg 800w, https:\/\/provence-mediterranee.prep.faire-savoir.eu\/assets\/uploads\/2024\/08\/toulon-la-seyne-toulon-le-musee-dart-generique-rectangulairejpg-2-520x252.jpg 520w, https:\/\/provence-mediterranee.prep.faire-savoir.eu\/assets\/uploads\/2024\/08\/toulon-la-seyne-toulon-le-musee-dart-generique-rectangulairejpg-2-768x372.jpg 768w, https:\/\/provence-mediterranee.prep.faire-savoir.eu\/assets\/uploads\/2024\/08\/toulon-la-seyne-toulon-le-musee-dart-generique-rectangulairejpg-2-1536x744.jpg 1536w, https:\/\/provence-mediterranee.prep.faire-savoir.eu\/assets\/uploads\/2024\/08\/toulon-la-seyne-toulon-le-musee-dart-generique-rectangulairejpg-2.jpg 1920w\" sizes=\"auto, (max-width: 1200px) 100vw, 1200px\" \/><figcaption class=\"wp-element-caption\">La facciata monumentale del Mus\u00e9e d&#8217;Art<\/figcaption><\/figure>\n<\/div>\n<\/section>\n\n\n\n<section class=\"wp-block-group alignfull pattern-text-image has-global-padding is-layout-constrained wp-block-group-is-layout-constrained\">\n<div class=\"wp-block-columns alignwide are-vertically-aligned-center is-layout-flex wp-container-core-columns-is-layout-28f84493 wp-block-columns-is-layout-flex\">\n<div class=\"wp-block-column is-vertically-aligned-center pattern-text-image__content is-layout-flow wp-block-column-is-layout-flow\" style=\"flex-basis:33%\">\n<h2 class=\"wp-block-heading\">Una cornice monumentale per l&#8217;arte<\/h2>\n\n\n\n<p>Situato nel cuore della citt\u00e0 alta in stile Haussmann, il Mus\u00e9e d&#8217;Art \u00e8 uno dei simboli dell&#8217;architettura moderna di Tolone.\nIl suo imponente aspetto rinascimentale italiano, la facciata scolpita e il vasto piazzale ti invitano a spalancare le porte di questo tempio delle arti e della conoscenza.   <br>All&#8217;interno del museo, ampie scalinate inondate di luce soffusa conducono alle sale espositive.\nPrima di sfogliare le opere, fai una deviazione verso la biblioteca storica.\nAl centro, le nicchie del gabinetto delle curiosit\u00e0 espongono oggetti provenienti da viaggi lontani e fanno eco alle ricche collezioni di libri.  <\/p>\n<\/div>\n\n\n\n<div class=\"wp-block-column is-vertically-aligned-center pattern-text-image__media is-layout-flow wp-block-column-is-layout-flow\" style=\"flex-basis:67%\">\n<figure class=\"wp-block-image size-large is-resized\"><img loading=\"lazy\" decoding=\"async\" width=\"1200\" height=\"900\" src=\"https:\/\/provence-mediterranee.prep.faire-savoir.eu\/assets\/uploads\/2024\/08\/toulon-la-seyne-toulon-le-musee-a1-le-lieujpg-1200x900.jpg\" alt=\"\" class=\"wp-image-47894\" style=\"width:1201px;height:auto\" srcset=\"https:\/\/provence-mediterranee.prep.faire-savoir.eu\/assets\/uploads\/2024\/08\/toulon-la-seyne-toulon-le-musee-a1-le-lieujpg-1200x900.jpg 1200w, https:\/\/provence-mediterranee.prep.faire-savoir.eu\/assets\/uploads\/2024\/08\/toulon-la-seyne-toulon-le-musee-a1-le-lieujpg-800x600.jpg 800w, https:\/\/provence-mediterranee.prep.faire-savoir.eu\/assets\/uploads\/2024\/08\/toulon-la-seyne-toulon-le-musee-a1-le-lieujpg-520x390.jpg 520w, https:\/\/provence-mediterranee.prep.faire-savoir.eu\/assets\/uploads\/2024\/08\/toulon-la-seyne-toulon-le-musee-a1-le-lieujpg-768x576.jpg 768w, https:\/\/provence-mediterranee.prep.faire-savoir.eu\/assets\/uploads\/2024\/08\/toulon-la-seyne-toulon-le-musee-a1-le-lieujpg-1536x1152.jpg 1536w, https:\/\/provence-mediterranee.prep.faire-savoir.eu\/assets\/uploads\/2024\/08\/toulon-la-seyne-toulon-le-musee-a1-le-lieujpg.jpg 1920w\" sizes=\"auto, (max-width: 1200px) 100vw, 1200px\" \/><figcaption class=\"wp-element-caption\">Una vasta gamma di movimenti artistici<\/figcaption><\/figure>\n<\/div>\n<\/div>\n<\/section>\n\n\n\n<section class=\"wp-block-group alignfull pattern-micro-content has-global-padding is-content-justification-center is-layout-constrained wp-block-group-is-layout-constrained\">\n<div class=\"wp-block-group has-border-color has-primary-border-color has-primary-color has-tertiary-background-color has-text-color has-background has-link-color wp-elements-a95f853510cf821daa9cb70aff353be6 has-global-padding is-layout-constrained wp-container-core-group-is-layout-fea5198f wp-block-group-is-layout-constrained\" style=\"border-width:2px;border-radius:16px;padding-top:var(--wp--preset--spacing--large);padding-right:var(--wp--preset--spacing--x-large);padding-bottom:var(--wp--preset--spacing--large);padding-left:var(--wp--preset--spacing--x-large)\">\n<h2 class=\"wp-block-heading\">Il nostro consiglio<\/h2>\n\n\n\n<p>Durante tutto l&#8217;anno, il servizio di mediazione culturale dei musei della citt\u00e0 offre<strong> visite guidate <\/strong>ed <strong>eventi <\/strong>gratuiti, adatti a tutti i tipi di pubblico.\nQueste attivit\u00e0 sono disponibili solo su appuntamento. <br><br>Per maggiori informazioni e per prenotare la tua visita, contatta <a href=\"mailto:cgrand-perret@mairie-toulon.fr\">cgrand-perret@mairie-toulon.fr <\/a>o chiama il numero 04 94 36 47 86.<\/p>\n<\/div>\n<\/section>\n\n\n\n<section class=\"wp-block-group alignfull pattern-text-image has-global-padding is-layout-constrained wp-block-group-is-layout-constrained\">\n<div class=\"wp-block-columns alignwide are-vertically-aligned-center is-layout-flex wp-container-core-columns-is-layout-28f84493 wp-block-columns-is-layout-flex\">\n<div class=\"wp-block-column is-vertically-aligned-center pattern-text-image__media is-layout-flow wp-block-column-is-layout-flow\" style=\"flex-basis:67%\">\n<figure class=\"wp-block-image size-large\"><img loading=\"lazy\" decoding=\"async\" width=\"1200\" height=\"900\" src=\"https:\/\/provence-mediterranee.prep.faire-savoir.eu\/assets\/uploads\/2024\/08\/toulon-la-seyne-toulon-le-musee-dart-a2-expo-temporaire-remplace-lanciennejpg-1200x900.jpg\" alt=\"\" class=\"wp-image-47897\" srcset=\"https:\/\/provence-mediterranee.prep.faire-savoir.eu\/assets\/uploads\/2024\/08\/toulon-la-seyne-toulon-le-musee-dart-a2-expo-temporaire-remplace-lanciennejpg-1200x900.jpg 1200w, https:\/\/provence-mediterranee.prep.faire-savoir.eu\/assets\/uploads\/2024\/08\/toulon-la-seyne-toulon-le-musee-dart-a2-expo-temporaire-remplace-lanciennejpg-800x600.jpg 800w, https:\/\/provence-mediterranee.prep.faire-savoir.eu\/assets\/uploads\/2024\/08\/toulon-la-seyne-toulon-le-musee-dart-a2-expo-temporaire-remplace-lanciennejpg-520x390.jpg 520w, https:\/\/provence-mediterranee.prep.faire-savoir.eu\/assets\/uploads\/2024\/08\/toulon-la-seyne-toulon-le-musee-dart-a2-expo-temporaire-remplace-lanciennejpg-768x576.jpg 768w, https:\/\/provence-mediterranee.prep.faire-savoir.eu\/assets\/uploads\/2024\/08\/toulon-la-seyne-toulon-le-musee-dart-a2-expo-temporaire-remplace-lanciennejpg-1536x1152.jpg 1536w, https:\/\/provence-mediterranee.prep.faire-savoir.eu\/assets\/uploads\/2024\/08\/toulon-la-seyne-toulon-le-musee-dart-a2-expo-temporaire-remplace-lanciennejpg.jpg 1920w\" sizes=\"auto, (max-width: 1200px) 100vw, 1200px\" \/><figcaption class=\"wp-element-caption\">Il cuore delle collezioni di arte contemporanea<\/figcaption><\/figure>\n<\/div>\n\n\n\n<div class=\"wp-block-column is-vertically-aligned-center pattern-text-image__content is-layout-flow wp-block-column-is-layout-flow\" style=\"flex-basis:33%\">\n<h2 class=\"wp-block-heading\">Dalle collezioni alle mostre<\/h2>\n\n\n\n<p>Sfogliando la collezione di arte antica e moderna, principalmente del XIX secolo, noterai una grande variet\u00e0 di movimenti artistici.\nCon un&#8217;attenzione particolare ai paesaggi e alla pittura marina, il Mus\u00e9e d&#8217;Art mette in mostra i pittori marsigliesi e tolonesi dell&#8217;epoca (Courdouan, Nardi, Monticelli, ecc.).\nDurante la visita, le opere provenzali e orientaliste &#8211; arricchite dalle collezioni del Museo d&#8217;Orsay &#8211; rivelano la loro luce e i loro colori.  <\/p>\n<\/div>\n<\/div>\n<\/section>\n\n\n\n<section class=\"wp-block-group alignfull pattern-text has-global-padding is-content-justification-center is-layout-constrained wp-block-group-is-layout-constrained\">\n<p>Al primo piano, la collezione di arte contemporanea presenta nomi prestigiosi di vari movimenti come l&#8217;Arte Concettuale, il Nuovo Realismo, il Minimalismo e il Supporto\/Superficie.<br>Scopri le opere di artisti importanti come Daniel Buren, Arman, Yves Klein, Niki de Saint Phalle e Gerhard Richter. Le sale per le esposizioni temporanee ospitano mostre importanti durante l&#8217;anno, tra cui<em>Picasso e il paesaggio mediterraneo<\/em>, <em>L&#8217;Algeria dei pittori<\/em> e un affascinante dialogo tra le collezioni. Il gabinetto delle arti grafiche espone opere fragili, tra cui fotografie e disegni provenienti dalle collezioni del museo.  <\/p>\n<\/section>\n\n\n\n<section class=\"wp-block-group alignfull pattern-full-width-image is-layout-flow wp-block-group-is-layout-flow\">\n<figure class=\"wp-block-image alignfull size-full\"><img loading=\"lazy\" decoding=\"async\" width=\"1920\" height=\"1080\" src=\"https:\/\/provence-mediterranee.prep.faire-savoir.eu\/assets\/uploads\/2024\/08\/toulon-la-seyne-toulon-le-musee-dart-full-pagejpg.jpg\" alt=\"\" class=\"wp-image-47882\" srcset=\"https:\/\/provence-mediterranee.prep.faire-savoir.eu\/assets\/uploads\/2024\/08\/toulon-la-seyne-toulon-le-musee-dart-full-pagejpg.jpg 1920w, https:\/\/provence-mediterranee.prep.faire-savoir.eu\/assets\/uploads\/2024\/08\/toulon-la-seyne-toulon-le-musee-dart-full-pagejpg-800x450.jpg 800w, https:\/\/provence-mediterranee.prep.faire-savoir.eu\/assets\/uploads\/2024\/08\/toulon-la-seyne-toulon-le-musee-dart-full-pagejpg-1200x675.jpg 1200w, https:\/\/provence-mediterranee.prep.faire-savoir.eu\/assets\/uploads\/2024\/08\/toulon-la-seyne-toulon-le-musee-dart-full-pagejpg-520x293.jpg 520w, https:\/\/provence-mediterranee.prep.faire-savoir.eu\/assets\/uploads\/2024\/08\/toulon-la-seyne-toulon-le-musee-dart-full-pagejpg-768x432.jpg 768w, https:\/\/provence-mediterranee.prep.faire-savoir.eu\/assets\/uploads\/2024\/08\/toulon-la-seyne-toulon-le-musee-dart-full-pagejpg-1536x864.jpg 1536w\" sizes=\"auto, (max-width: 1920px) 100vw, 1920px\" \/><figcaption class=\"wp-element-caption\">Nei corridoi della biblioteca, nelle alcove del gabinetto delle curiosit\u00e0<\/figcaption><div class=\"wp-block-button is-style-tiny\"><a class=\"wp-block-button__link\" href=\"https:\/\/www.google.com\/maps\/dir\/\/43.12619211729813,5.927293649834182\" target=\"_blank\" rel=\"nofollow noopener\">S\u2019y rendre<\/a><\/div><\/figure>\n<\/section>\n\n\n\n<section class=\"wp-block-group alignfull pattern-text-image--columns has-global-padding is-layout-constrained wp-block-group-is-layout-constrained\">\n<div class=\"wp-block-columns are-vertically-aligned-center is-layout-flex wp-container-core-columns-is-layout-28f84493 wp-block-columns-is-layout-flex\">\n<div class=\"wp-block-column is-vertically-aligned-center pattern-text-image--columns__left is-layout-flow wp-block-column-is-layout-flow\" style=\"flex-basis:60%\">\n<p class=\"step is-style-surtitle\">Concentrati su<\/p>\n\n\n\n<h2 class=\"wp-block-heading\">Musei di Tolone<\/h2>\n\n\n\n<p>Arte, storia e patrimonio marittimo costituiscono il vasto panorama culturale dei musei di Tolone. Attraverso le loro ricche collezioni di opere classiche e contemporanee, mettono in luce un prezioso patrimonio storico e uno stimolante spirito d&#8217;avanguardia. <br><\/p>\n\n\n\n<figure class=\"wp-block-image size-medium\"><img loading=\"lazy\" decoding=\"async\" width=\"800\" height=\"600\" src=\"https:\/\/provence-mediterranee.prep.faire-savoir.eu\/assets\/uploads\/2024\/08\/toulon-la-seyne-toulon-le-musee-dart-a3-musee-toulon-sitjpg-800x600.jpg\" alt=\"\" class=\"wp-image-47900\" srcset=\"https:\/\/provence-mediterranee.prep.faire-savoir.eu\/assets\/uploads\/2024\/08\/toulon-la-seyne-toulon-le-musee-dart-a3-musee-toulon-sitjpg-800x600.jpg 800w, https:\/\/provence-mediterranee.prep.faire-savoir.eu\/assets\/uploads\/2024\/08\/toulon-la-seyne-toulon-le-musee-dart-a3-musee-toulon-sitjpg-1200x900.jpg 1200w, https:\/\/provence-mediterranee.prep.faire-savoir.eu\/assets\/uploads\/2024\/08\/toulon-la-seyne-toulon-le-musee-dart-a3-musee-toulon-sitjpg-520x390.jpg 520w, https:\/\/provence-mediterranee.prep.faire-savoir.eu\/assets\/uploads\/2024\/08\/toulon-la-seyne-toulon-le-musee-dart-a3-musee-toulon-sitjpg-768x576.jpg 768w, https:\/\/provence-mediterranee.prep.faire-savoir.eu\/assets\/uploads\/2024\/08\/toulon-la-seyne-toulon-le-musee-dart-a3-musee-toulon-sitjpg-1536x1152.jpg 1536w, https:\/\/provence-mediterranee.prep.faire-savoir.eu\/assets\/uploads\/2024\/08\/toulon-la-seyne-toulon-le-musee-dart-a3-musee-toulon-sitjpg.jpg 1920w\" sizes=\"auto, (max-width: 800px) 100vw, 800px\" \/><\/figure>\n<\/div>\n\n\n\n<div class=\"wp-block-column is-vertically-aligned-center pattern-text-image--columns__right is-layout-flow wp-block-column-is-layout-flow\" style=\"flex-basis:40%\">\n<figure class=\"wp-block-image size-medium\"><img loading=\"lazy\" decoding=\"async\" width=\"800\" height=\"600\" src=\"https:\/\/provence-mediterranee.prep.faire-savoir.eu\/assets\/uploads\/2024\/08\/toulon-la-seyne-toulon-centre-historique-et-musees-m2-800x600.jpg\" alt=\"\" class=\"wp-image-47903\" srcset=\"https:\/\/provence-mediterranee.prep.faire-savoir.eu\/assets\/uploads\/2024\/08\/toulon-la-seyne-toulon-centre-historique-et-musees-m2-800x600.jpg 800w, https:\/\/provence-mediterranee.prep.faire-savoir.eu\/assets\/uploads\/2024\/08\/toulon-la-seyne-toulon-centre-historique-et-musees-m2-1200x900.jpg 1200w, https:\/\/provence-mediterranee.prep.faire-savoir.eu\/assets\/uploads\/2024\/08\/toulon-la-seyne-toulon-centre-historique-et-musees-m2-520x390.jpg 520w, https:\/\/provence-mediterranee.prep.faire-savoir.eu\/assets\/uploads\/2024\/08\/toulon-la-seyne-toulon-centre-historique-et-musees-m2-768x576.jpg 768w, https:\/\/provence-mediterranee.prep.faire-savoir.eu\/assets\/uploads\/2024\/08\/toulon-la-seyne-toulon-centre-historique-et-musees-m2-1536x1152.jpg 1536w, https:\/\/provence-mediterranee.prep.faire-savoir.eu\/assets\/uploads\/2024\/08\/toulon-la-seyne-toulon-centre-historique-et-musees-m2.jpg 1920w\" sizes=\"auto, (max-width: 800px) 100vw, 800px\" \/><\/figure>\n\n\n\n<p>Mostre permanenti e temporanee, attivit\u00e0 ed eventi a tema: scopri le tante sfaccettature dell&#8217;arte nel cuore dei musei di Tolone.<\/p>\n\n\n\n<div class=\"wp-block-buttons is-layout-flex wp-block-buttons-is-layout-flex\">\n<div class=\"wp-block-button\"><a class=\"wp-block-button__link wp-element-button\" href=\"https:\/\/provence-mediterranee.prep.faire-savoir.eu\/it\/vivere-in-provenza\/cultura-e-stile-di-vita\/musei\/?_commune=toulon\" target=\"_blank\" rel=\"noreferrer noopener\">I MUSEI di Tolone<\/a><\/div>\n<\/div>\n<\/div>\n<\/div>\n<\/section>\n","protected":false},"excerpt":{"rendered":"<p>Un dialogo tra arte e storia Dal 1888, il Mus\u00e9e d&#8217;Art rappresenta una parte della storia moderna di Tolone e ospita una collezione in continua espansione di arte antica, moderna e contemporanea. Vengono messe in evidenza le correnti provenzali e orientaliste, oltre a rinomate opere contemporanee. Tutto l&#8217;anno ti aspetta un viaggio artistico entusiasmante, arricchito [&hellip;]<\/p>\n","protected":false},"author":4,"featured_media":0,"parent":57525,"menu_order":0,"comment_status":"closed","ping_status":"closed","template":"templates\/experience.php","meta":{"_acf_changed":false,"footnotes":"","_links_to":"","_links_to_target":""},"class_list":["post-58480","page","type-page","status-publish","hentry"],"acf":[],"_links":{"self":[{"href":"https:\/\/provence-mediterranee.prep.faire-savoir.eu\/it\/wp-json\/wp\/v2\/pages\/58480","targetHints":{"allow":["GET"]}}],"collection":[{"href":"https:\/\/provence-mediterranee.prep.faire-savoir.eu\/it\/wp-json\/wp\/v2\/pages"}],"about":[{"href":"https:\/\/provence-mediterranee.prep.faire-savoir.eu\/it\/wp-json\/wp\/v2\/types\/page"}],"author":[{"embeddable":true,"href":"https:\/\/provence-mediterranee.prep.faire-savoir.eu\/it\/wp-json\/wp\/v2\/users\/4"}],"replies":[{"embeddable":true,"href":"https:\/\/provence-mediterranee.prep.faire-savoir.eu\/it\/wp-json\/wp\/v2\/comments?post=58480"}],"version-history":[{"count":7,"href":"https:\/\/provence-mediterranee.prep.faire-savoir.eu\/it\/wp-json\/wp\/v2\/pages\/58480\/revisions"}],"predecessor-version":[{"id":102898,"href":"https:\/\/provence-mediterranee.prep.faire-savoir.eu\/it\/wp-json\/wp\/v2\/pages\/58480\/revisions\/102898"}],"up":[{"embeddable":true,"href":"https:\/\/provence-mediterranee.prep.faire-savoir.eu\/it\/wp-json\/wp\/v2\/pages\/57525"}],"wp:attachment":[{"href":"https:\/\/provence-mediterranee.prep.faire-savoir.eu\/it\/wp-json\/wp\/v2\/media?parent=58480"}],"curies":[{"name":"wp","href":"https:\/\/api.w.org\/{rel}","templated":true}]}}