{"id":58126,"date":"2024-02-27T10:46:19","date_gmt":"2024-02-27T09:46:19","guid":{"rendered":"https:\/\/provence-mediterranee.prep.faire-savoir.eu\/brochure\/"},"modified":"2024-12-13T09:27:01","modified_gmt":"2024-12-13T08:27:01","slug":"brochure","status":"publish","type":"page","link":"https:\/\/provence-mediterranee.prep.faire-savoir.eu\/it\/preparazione-della-visita\/brochure\/","title":{"rendered":"Brochure"},"content":{"rendered":"\n<div class=\"wp-block-group alignfull has-global-padding is-layout-constrained wp-block-group-is-layout-constrained\">\n<div class=\"wp-block-group is-nowrap is-layout-flex wp-container-core-group-is-layout-6c531013 wp-block-group-is-layout-flex\">\n<p>Escursioni, immersioni, cantine, <a href=\"https:\/\/provence-mediterranee.prep.faire-savoir.eu\/preparer-ma-venue\/plans-cartes\/\">mappe della <\/a>rete di autobus e percorsi ciclabili, attivit\u00e0 per il tempo libero, intrattenimento: sfoglia le brochure di Provence M\u00e9diterran\u00e9e e preparati al tuo soggiorno. Trova <a href=\"https:\/\/provence-mediterranee.prep.faire-savoir.eu\/preparer-ma-venue\/plans-cartes\/\">qui<\/a> le <a href=\"https:\/\/provence-mediterranee.prep.faire-savoir.eu\/preparer-ma-venue\/plans-cartes\/\">mappe della citt\u00e0<\/a>, di Porquerolles, dei percorsi degli autobus e delle piste ciclabili. <br><\/p>\n<\/div>\n\n\n\n<div class=\"wp-block-group is-nowrap is-layout-flex wp-container-core-group-is-layout-6c531013 wp-block-group-is-layout-flex\">\n<iframe loading=\"lazy\" id=\"frame-avizi-widget1\" src=\"https:\/\/app.avizi.fr\/widgets\/public\/fd13da2fce6ea6db14966242be83321c\/3333\" frameborder=\"0\" width=\"100%\" height=\"3800px\"><\/iframe>\n<\/div>\n<\/div>\n","protected":false},"excerpt":{"rendered":"<p>Escursioni, immersioni, cantine, mappe della rete di autobus e percorsi ciclabili, attivit\u00e0 per il tempo libero, intrattenimento: sfoglia le brochure di Provence M\u00e9diterran\u00e9e e preparati al tuo soggiorno. Trova qui le mappe della citt\u00e0, di Porquerolles, dei percorsi degli autobus e delle piste ciclabili.<\/p>\n","protected":false},"author":4,"featured_media":58134,"parent":58906,"menu_order":60,"comment_status":"closed","ping_status":"closed","template":"templates\/pro.php","meta":{"_acf_changed":false,"footnotes":"","_links_to":"","_links_to_target":""},"class_list":["post-58126","page","type-page","status-publish","has-post-thumbnail","hentry"],"acf":[],"_links":{"self":[{"href":"https:\/\/provence-mediterranee.prep.faire-savoir.eu\/it\/wp-json\/wp\/v2\/pages\/58126","targetHints":{"allow":["GET"]}}],"collection":[{"href":"https:\/\/provence-mediterranee.prep.faire-savoir.eu\/it\/wp-json\/wp\/v2\/pages"}],"about":[{"href":"https:\/\/provence-mediterranee.prep.faire-savoir.eu\/it\/wp-json\/wp\/v2\/types\/page"}],"author":[{"embeddable":true,"href":"https:\/\/provence-mediterranee.prep.faire-savoir.eu\/it\/wp-json\/wp\/v2\/users\/4"}],"replies":[{"embeddable":true,"href":"https:\/\/provence-mediterranee.prep.faire-savoir.eu\/it\/wp-json\/wp\/v2\/comments?post=58126"}],"version-history":[{"count":2,"href":"https:\/\/provence-mediterranee.prep.faire-savoir.eu\/it\/wp-json\/wp\/v2\/pages\/58126\/revisions"}],"predecessor-version":[{"id":60382,"href":"https:\/\/provence-mediterranee.prep.faire-savoir.eu\/it\/wp-json\/wp\/v2\/pages\/58126\/revisions\/60382"}],"up":[{"embeddable":true,"href":"https:\/\/provence-mediterranee.prep.faire-savoir.eu\/it\/wp-json\/wp\/v2\/pages\/58906"}],"wp:featuredmedia":[{"embeddable":true,"href":"https:\/\/provence-mediterranee.prep.faire-savoir.eu\/it\/wp-json\/wp\/v2\/media\/58134"}],"wp:attachment":[{"href":"https:\/\/provence-mediterranee.prep.faire-savoir.eu\/it\/wp-json\/wp\/v2\/media?parent=58126"}],"curies":[{"name":"wp","href":"https:\/\/api.w.org\/{rel}","templated":true}]}}