{"id":57691,"date":"2024-03-12T13:53:55","date_gmt":"2024-03-12T12:53:55","guid":{"rendered":"https:\/\/provence-mediterranee.prep.faire-savoir.eu\/six-fours-les-embiez\/i-nostri-must-have\/chapelle-di-notre-dame-du-mai\/"},"modified":"2024-12-03T10:33:21","modified_gmt":"2024-12-03T09:33:21","slug":"chapelle-di-notre-dame-du-mai","status":"publish","type":"page","link":"https:\/\/provence-mediterranee.prep.faire-savoir.eu\/it\/six-fours-les-embiez\/i-nostri-must-have\/chapelle-di-notre-dame-du-mai\/","title":{"rendered":"Capella di Notre-Dame-du-Mai"},"content":{"rendered":"\n<section class=\"wp-block-group alignfull pattern-text-image--map has-global-padding is-layout-constrained wp-block-group-is-layout-constrained\">\n<div class=\"wp-block-columns are-vertically-aligned-center is-layout-flex wp-container-core-columns-is-layout-28f84493 wp-block-columns-is-layout-flex\">\n<div class=\"wp-block-column is-vertically-aligned-center pattern-text-image--map__content is-layout-flow wp-block-column-is-layout-flow\">\n<h2 class=\"wp-block-heading\"><strong>Rituale della meraviglia  <\/strong><\/h2>\n\n\n\n<p>Andare alla cappella di Notre-Dame-du-Mai, o pi\u00f9 semplicemente &#8220;salire sulla Mai&#8221; come si dice in Provenza, non \u00e8 solo una questione di fede religiosa. La cappella in cima a <a href=\"https:\/\/provence-mediterranee.prep.faire-savoir.eu\/it\/il-massiccio-di-cap-sicie\/\" target=\"_blank\" rel=\"noreferrer noopener\">Cap Sici\u00e9<\/a> \u00e8 uno dei luoghi preferiti dagli abitanti del posto per una passeggiata. E per una buona ragione! Quando arrivi davanti alla cappella, non \u00e8 il giallo brillante della sua facciata a colpirti di pi\u00f9, ma la vista a 360\u00b0 sulle isole di Hy\u00e8res, le colline dell&#8217;entroterra, il <a href=\"https:\/\/provence-mediterranee.prep.faire-savoir.eu\/it\/tolone-la-seyne\/i-nostri-must-have\/il-porto-e-la-base-navale\/\" target=\"_blank\" rel=\"noreferrer noopener\">porto di Tolone<\/a> e le insenature di Cassis.<\/p>\n<\/div>\n\n\n\n<div class=\"wp-block-column is-vertically-aligned-center pattern-text-image--map__media is-layout-flow wp-block-column-is-layout-flow\" style=\"flex-basis:470px\">\n<figure class=\"wp-block-image size-thumbnail\"><img loading=\"lazy\" decoding=\"async\" width=\"367\" height=\"210\" src=\"https:\/\/provence-mediterranee.prep.faire-savoir.eu\/assets\/uploads\/2024\/03\/carte-sixfours.svg\" alt=\"\" class=\"wp-image-2780\"\/><\/figure>\n<\/div>\n<\/div>\n<\/section>\n\n\n\n<section class=\"wp-block-cover alignfull is-light pattern-cover\"><span aria-hidden=\"true\" class=\"wp-block-cover__background has-background-dim\"><\/span><img loading=\"lazy\" decoding=\"async\" width=\"1920\" height=\"720\" class=\"wp-block-cover__image-background wp-image-16409\" alt=\"\" src=\"https:\/\/provence-mediterranee.prep.faire-savoir.eu\/assets\/uploads\/2024\/04\/six-fours-les-embiez-les-incontournables-notre-dame-du-mai-5-bonnes-raisons-remplace-precedente.jpg\" style=\"object-position:39% 70%\" data-object-fit=\"cover\" data-object-position=\"39% 70%\" srcset=\"https:\/\/provence-mediterranee.prep.faire-savoir.eu\/assets\/uploads\/2024\/04\/six-fours-les-embiez-les-incontournables-notre-dame-du-mai-5-bonnes-raisons-remplace-precedente.jpg 1920w, https:\/\/provence-mediterranee.prep.faire-savoir.eu\/assets\/uploads\/2024\/04\/six-fours-les-embiez-les-incontournables-notre-dame-du-mai-5-bonnes-raisons-remplace-precedente-800x300.jpg 800w, https:\/\/provence-mediterranee.prep.faire-savoir.eu\/assets\/uploads\/2024\/04\/six-fours-les-embiez-les-incontournables-notre-dame-du-mai-5-bonnes-raisons-remplace-precedente-1200x450.jpg 1200w, https:\/\/provence-mediterranee.prep.faire-savoir.eu\/assets\/uploads\/2024\/04\/six-fours-les-embiez-les-incontournables-notre-dame-du-mai-5-bonnes-raisons-remplace-precedente-520x195.jpg 520w, https:\/\/provence-mediterranee.prep.faire-savoir.eu\/assets\/uploads\/2024\/04\/six-fours-les-embiez-les-incontournables-notre-dame-du-mai-5-bonnes-raisons-remplace-precedente-768x288.jpg 768w, https:\/\/provence-mediterranee.prep.faire-savoir.eu\/assets\/uploads\/2024\/04\/six-fours-les-embiez-les-incontournables-notre-dame-du-mai-5-bonnes-raisons-remplace-precedente-1536x576.jpg 1536w\" sizes=\"auto, (max-width: 1920px) 100vw, 1920px\" \/><div class=\"wp-block-cover__inner-container is-layout-flow wp-block-cover-is-layout-flow\">\n<div class=\"wp-block-columns alignwide are-vertically-aligned-center has-background-color has-text-color has-link-color wp-elements-6e04ffc286ef8471985b615d9966411c is-layout-flex wp-container-core-columns-is-layout-28f84493 wp-block-columns-is-layout-flex\">\n<div class=\"wp-block-column is-vertically-aligned-center pattern-cover__content has-white-color has-text-color has-link-color wp-elements-dac6ef7eea3a5e619188d2555763074d is-layout-flow wp-block-column-is-layout-flow\" style=\"padding-right:var(--wp--preset--spacing--xx-large);padding-left:var(--wp--preset--spacing--xx-large);flex-basis:50%\">\n<h2 class=\"wp-block-heading has-text-align-left\">5 buoni motivi per visitare la cappella di Notre-Dame-du-Mai<\/h2>\n\n\n\n<ol class=\"wp-block-list\">\n<li>Ammira la vista a 360\u00b0<\/li>\n\n\n\n<li>Contemplare la regione della Provence M\u00e9diterran\u00e9e<\/li>\n\n\n\n<li>Una pausa dall&#8217;immensit\u00e0 del Mediterraneo<\/li>\n\n\n\n<li>Visita la cappella e i suoi ex-voto<\/li>\n\n\n\n<li>Partecipa al pellegrinaggio di maggio<\/li>\n<\/ol>\n<\/div>\n\n\n\n<div class=\"wp-block-column is-vertically-aligned-center pattern-cover__empty is-layout-flow wp-block-column-is-layout-flow\" style=\"flex-basis:50%\"><\/div>\n<\/div>\n<\/div><\/section>\n\n\n\n<section class=\"wp-block-group alignfull pattern-text has-global-padding is-content-justification-center is-layout-constrained wp-block-group-is-layout-constrained\">\n<h2 class=\"wp-block-heading\"><strong>Tutte le strade portano a Mai<\/strong><\/h2>\n\n\n\n<p>Nel cuore di Cap Sici\u00e9, una vasta foresta di querce kermes, pini ed eucalipti, la strada Corniche merveilleuse ti porta in auto fino all&#8217;aire des Mascs, vicino alla cappella di Notre-Dame-du-Mai. Per raggiungere la cima e la cappella, l&#8217;ultimo chilometro \u00e8 una ripida salita a piedi. Assicurati di essere adeguatamente equipaggiato. Per raggiungere la cappella, puoi anche percorrere il sentiero costiero tra <a href=\"https:\/\/provence-mediterranee.prep.faire-savoir.eu\/it\/six-fours-les-embiez\/i-nostri-must-have\/le-brusc\/\" target=\"_blank\" rel=\"noreferrer noopener\">Le Brusc<\/a> e la <a href=\"https:\/\/provence-mediterranee.prep.faire-savoir.eu\/activites\/plage-de-fabregas\/\" target=\"_blank\" rel=\"noreferrer noopener\">spiaggia di Fabr\u00e9gas<\/a> o uno dei sentieri escursionistici che partono dalla <a href=\"https:\/\/provence-mediterranee.prep.faire-savoir.eu\/activites\/foret-de-janas\/\" target=\"_blank\" rel=\"noreferrer noopener\">foresta di Janas<\/a>.<\/p>\n<\/section>\n\n\n\n<section class=\"wp-block-group alignfull pattern-gallery has-global-padding is-layout-constrained wp-block-group-is-layout-constrained\">\n<div class=\"wp-block-group alignwide is-content-justification-left is-layout-flow wp-block-group-is-layout-flow\">\n<figure class=\"wp-block-image size-thumbnail\"><img loading=\"lazy\" decoding=\"async\" width=\"520\" height=\"520\" src=\"https:\/\/provence-mediterranee.prep.faire-savoir.eu\/assets\/uploads\/2024\/04\/six-fours-les-embiez-les-incontournables-notre-dame-du-mai-generique-carre-520x520.jpg\" alt=\"croix chapelle notre dame mai six fours\" class=\"wp-image-7509\" style=\"aspect-ratio:1;object-fit:cover\" srcset=\"https:\/\/provence-mediterranee.prep.faire-savoir.eu\/assets\/uploads\/2024\/04\/six-fours-les-embiez-les-incontournables-notre-dame-du-mai-generique-carre-520x520.jpg 520w, https:\/\/provence-mediterranee.prep.faire-savoir.eu\/assets\/uploads\/2024\/04\/six-fours-les-embiez-les-incontournables-notre-dame-du-mai-generique-carre-800x800.jpg 800w, https:\/\/provence-mediterranee.prep.faire-savoir.eu\/assets\/uploads\/2024\/04\/six-fours-les-embiez-les-incontournables-notre-dame-du-mai-generique-carre-768x768.jpg 768w, https:\/\/provence-mediterranee.prep.faire-savoir.eu\/assets\/uploads\/2024\/04\/six-fours-les-embiez-les-incontournables-notre-dame-du-mai-generique-carre.jpg 900w\" sizes=\"auto, (max-width: 520px) 100vw, 520px\" \/><figcaption class=\"wp-element-caption\">Un orizzonte blu<\/figcaption><\/figure>\n\n\n\n<figure class=\"wp-block-image size-large\"><img loading=\"lazy\" decoding=\"async\" width=\"1200\" height=\"581\" src=\"https:\/\/provence-mediterranee.prep.faire-savoir.eu\/assets\/uploads\/2024\/04\/toulon-la-seyne-la-seyne-m3-cap-siciie-1200x581.jpg\" alt=\"\" class=\"wp-image-10500\" style=\"aspect-ratio:1;object-fit:cover\" srcset=\"https:\/\/provence-mediterranee.prep.faire-savoir.eu\/assets\/uploads\/2024\/04\/toulon-la-seyne-la-seyne-m3-cap-siciie-1200x581.jpg 1200w, https:\/\/provence-mediterranee.prep.faire-savoir.eu\/assets\/uploads\/2024\/04\/toulon-la-seyne-la-seyne-m3-cap-siciie-800x388.jpg 800w, https:\/\/provence-mediterranee.prep.faire-savoir.eu\/assets\/uploads\/2024\/04\/toulon-la-seyne-la-seyne-m3-cap-siciie-520x252.jpg 520w, https:\/\/provence-mediterranee.prep.faire-savoir.eu\/assets\/uploads\/2024\/04\/toulon-la-seyne-la-seyne-m3-cap-siciie-768x372.jpg 768w, https:\/\/provence-mediterranee.prep.faire-savoir.eu\/assets\/uploads\/2024\/04\/toulon-la-seyne-la-seyne-m3-cap-siciie-1536x744.jpg 1536w, https:\/\/provence-mediterranee.prep.faire-savoir.eu\/assets\/uploads\/2024\/04\/toulon-la-seyne-la-seyne-m3-cap-siciie.jpg 1920w\" sizes=\"auto, (max-width: 1200px) 100vw, 1200px\" \/><figcaption class=\"wp-element-caption\">Il semaforo di Cap Sici\u00e9<\/figcaption><\/figure>\n<\/div>\n<\/section>\n\n\n\n<section class=\"wp-block-group alignfull pattern-micro-content has-global-padding is-content-justification-center is-layout-constrained wp-block-group-is-layout-constrained\">\n<div class=\"wp-block-group has-border-color has-primary-border-color has-primary-color has-tertiary-background-color has-text-color has-background has-link-color wp-elements-4dd697f4a5de1fe495ed300fd5a2cfde has-global-padding is-layout-constrained wp-container-core-group-is-layout-fea5198f wp-block-group-is-layout-constrained\" style=\"border-width:2px;border-radius:16px;padding-top:var(--wp--preset--spacing--large);padding-right:var(--wp--preset--spacing--x-large);padding-bottom:var(--wp--preset--spacing--large);padding-left:var(--wp--preset--spacing--x-large)\">\n<h2 class=\"wp-block-heading\">Il nostro consiglio<\/h2>\n\n\n\n<p>Quando l&#8217;inverno volge al termine, la vegetazione si risveglia lentamente e il massiccio si veste di bei colori.<br>Le roccole, specie endemiche del Mediterraneo di colore malva o bianco, abbelliscono le colline offrendo uno spettacolo inebriante. Attenzione: la strada Corniche che porta a Notre-Dame-du-Mai \u00e8 chiusa dal 15 giugno al 15 settembre. Prima di venire, controlla le condizioni di accesso al massiccio.  <br><br><strong><a href=\"https:\/\/provence-mediterranee.prep.faire-savoir.eu\/preparer-ma-venue\/tourisme-responsable\/preserver-notre-nature\/risque-incendie-fermeture-massifs\/\" target=\"_blank\" rel=\"noreferrer noopener\">SCOPRI DI PI\u00d9<\/a><\/strong><\/p>\n<\/div>\n<\/section>\n\n\n\n<section class=\"wp-block-group alignfull pattern-text-image has-global-padding is-layout-constrained wp-block-group-is-layout-constrained\">\n<div class=\"wp-block-columns alignwide are-vertically-aligned-center is-layout-flex wp-container-core-columns-is-layout-28f84493 wp-block-columns-is-layout-flex\">\n<div class=\"wp-block-column is-vertically-aligned-center pattern-text-image__content is-layout-flow wp-block-column-is-layout-flow\" style=\"flex-basis:33%\">\n<h2 class=\"wp-block-heading\"><strong>Il pellegrinaggio di maggio<\/strong><\/h2>\n\n\n\n<p>La cappella di Notre-Dame-du-Mai \u00e8 insolita perch\u00e9 si trova sia a <a href=\"https:\/\/provence-mediterranee.prep.faire-savoir.eu\/it\/la-seyne-sur-mer\/\" target=\"_blank\" rel=\"noreferrer noopener\">La Seyne-sur-Mer<\/a> che a <a href=\"https:\/\/provence-mediterranee.prep.faire-savoir.eu\/it\/six-fours-les-plages\/\" target=\"_blank\" rel=\"noreferrer noopener\">Six-Fours-les-Plages<\/a>. Questo si spiega sicuramente con il fatto che nel 1625, quando l&#8217;edificio fu costruito, i due comuni e <a href=\"https:\/\/provence-mediterranee.prep.faire-savoir.eu\/nos-12-communes\/saint-mandrier\/\" target=\"_blank\" rel=\"noreferrer noopener\">Saint-Mandrier-sur-Mer<\/a> erano un tutt&#8217;uno.   <\/p>\n<\/div>\n\n\n\n<div class=\"wp-block-column is-vertically-aligned-center pattern-text-image__media is-layout-flow wp-block-column-is-layout-flow\" style=\"flex-basis:67%\">\n<figure class=\"wp-block-image size-large\"><img loading=\"lazy\" decoding=\"async\" width=\"1200\" height=\"900\" src=\"https:\/\/provence-mediterranee.prep.faire-savoir.eu\/assets\/uploads\/2024\/04\/six-fours-les-embiez-les-incontournables-notre-dame-du-mai-a2-pelerinage-remplace-precedente-1200x900.jpg\" alt=\"\" class=\"wp-image-16412\" srcset=\"https:\/\/provence-mediterranee.prep.faire-savoir.eu\/assets\/uploads\/2024\/04\/six-fours-les-embiez-les-incontournables-notre-dame-du-mai-a2-pelerinage-remplace-precedente-1200x900.jpg 1200w, https:\/\/provence-mediterranee.prep.faire-savoir.eu\/assets\/uploads\/2024\/04\/six-fours-les-embiez-les-incontournables-notre-dame-du-mai-a2-pelerinage-remplace-precedente-800x600.jpg 800w, https:\/\/provence-mediterranee.prep.faire-savoir.eu\/assets\/uploads\/2024\/04\/six-fours-les-embiez-les-incontournables-notre-dame-du-mai-a2-pelerinage-remplace-precedente-520x390.jpg 520w, https:\/\/provence-mediterranee.prep.faire-savoir.eu\/assets\/uploads\/2024\/04\/six-fours-les-embiez-les-incontournables-notre-dame-du-mai-a2-pelerinage-remplace-precedente-768x576.jpg 768w, https:\/\/provence-mediterranee.prep.faire-savoir.eu\/assets\/uploads\/2024\/04\/six-fours-les-embiez-les-incontournables-notre-dame-du-mai-a2-pelerinage-remplace-precedente-1536x1152.jpg 1536w, https:\/\/provence-mediterranee.prep.faire-savoir.eu\/assets\/uploads\/2024\/04\/six-fours-les-embiez-les-incontournables-notre-dame-du-mai-a2-pelerinage-remplace-precedente.jpg 1920w\" sizes=\"auto, (max-width: 1200px) 100vw, 1200px\" \/><\/figure>\n<\/div>\n<\/div>\n<\/section>\n\n\n\n<section class=\"wp-block-group alignfull pattern-text has-global-padding is-content-justification-center is-layout-constrained wp-block-group-is-layout-constrained\">\n<p>Ogni anno, a maggio, gli abitanti del luogo commemorano la loro storia comune con una processione di canti provenzali e musica di tamburello.<\/p>\n<\/section>\n\n\n\n<section class=\"wp-block-group alignfull pattern-text-image--link-mosaic has-global-padding is-layout-constrained wp-block-group-is-layout-constrained\">\n<div class=\"wp-block-columns are-vertically-aligned-center is-layout-flex wp-container-core-columns-is-layout-28f84493 wp-block-columns-is-layout-flex\">\n<div class=\"wp-block-column is-vertically-aligned-center pattern-text-image--link-mosaic__media is-layout-flow wp-block-column-is-layout-flow\" style=\"flex-basis:60%\">\n<figure class=\"wp-block-image size-medium\"><img loading=\"lazy\" decoding=\"async\" width=\"800\" height=\"600\" src=\"https:\/\/provence-mediterranee.prep.faire-savoir.eu\/assets\/uploads\/2024\/04\/six-fours-les-embiez-les-incontournables-notre-dame-du-mai-zoom-sur-vue-imprenable-800x600.jpg\" alt=\"\" class=\"wp-image-7500\" srcset=\"https:\/\/provence-mediterranee.prep.faire-savoir.eu\/assets\/uploads\/2024\/04\/six-fours-les-embiez-les-incontournables-notre-dame-du-mai-zoom-sur-vue-imprenable-800x600.jpg 800w, https:\/\/provence-mediterranee.prep.faire-savoir.eu\/assets\/uploads\/2024\/04\/six-fours-les-embiez-les-incontournables-notre-dame-du-mai-zoom-sur-vue-imprenable-1200x900.jpg 1200w, https:\/\/provence-mediterranee.prep.faire-savoir.eu\/assets\/uploads\/2024\/04\/six-fours-les-embiez-les-incontournables-notre-dame-du-mai-zoom-sur-vue-imprenable-520x390.jpg 520w, https:\/\/provence-mediterranee.prep.faire-savoir.eu\/assets\/uploads\/2024\/04\/six-fours-les-embiez-les-incontournables-notre-dame-du-mai-zoom-sur-vue-imprenable-768x576.jpg 768w, https:\/\/provence-mediterranee.prep.faire-savoir.eu\/assets\/uploads\/2024\/04\/six-fours-les-embiez-les-incontournables-notre-dame-du-mai-zoom-sur-vue-imprenable-1536x1152.jpg 1536w, https:\/\/provence-mediterranee.prep.faire-savoir.eu\/assets\/uploads\/2024\/04\/six-fours-les-embiez-les-incontournables-notre-dame-du-mai-zoom-sur-vue-imprenable.jpg 1920w\" sizes=\"auto, (max-width: 800px) 100vw, 800px\" \/><figcaption class=\"wp-element-caption\">Vista ininterrotta su Tolone e sulle isole<\/figcaption><\/figure>\n<\/div>\n\n\n\n<div class=\"wp-block-column is-vertically-aligned-center pattern-text-image--link-mosaic__content is-layout-flow wp-block-column-is-layout-flow\" style=\"flex-basis:40%\">\n<h2 class=\"wp-block-heading\">Balcone con vista sul Mediterraneo<\/h2>\n\n\n\n<p>La vista dal piazzale della cappella di Notre-Dame-du-Mai \u00e8 maestosa. Sul mare, il paesaggio si estende dal massiccio dei Maures alle insenature di Cassis, senza dimenticare <a href=\"https:\/\/provence-mediterranee.prep.faire-savoir.eu\/it\/hyeres-porquerolles\/i-nostri-must-have\/la-penisola-di-giens\/\" target=\"_blank\" rel=\"noreferrer noopener\">la rada e le isole di Hy\u00e8res<\/a>, <a href=\"https:\/\/provence-mediterranee.prep.faire-savoir.eu\/it\/hyeres-porquerolles\/i-nostri-must-have\/la-penisola-di-giens\/\" target=\"_blank\" rel=\"noreferrer noopener\">la penisola di Giens <\/a>, la <a href=\"https:\/\/provence-mediterranee.prep.faire-savoir.eu\/it\/tolone-la-seyne\/i-nostri-must-have\/il-porto-e-la-base-navale\/\" target=\"_blank\" rel=\"noreferrer noopener\">rada di Tolone<\/a> e l <a href=\"https:\/\/provence-mediterranee.prep.faire-savoir.eu\/it\/six-fours-les-embiez\/isola-di-embiez\/\" target=\"_blank\" rel=\"noreferrer noopener\">&#8216;arcipelago di Embiez<\/a>. In collina, la vista spazia dai piedi del <a href=\"https:\/\/provence-mediterranee.prep.faire-savoir.eu\/it\/paesaggi-eccezionali\/le-montagne-di-tolone\/\" target=\"_blank\" rel=\"noreferrer noopener\">Coudon<\/a> alla Sainte-Victoire, la montagna di Aix-en-Provence, passando per <a href=\"https:\/\/provence-mediterranee.prep.faire-savoir.eu\/it\/paesaggi-eccezionali\/le-montagne-di-tolone\/\" target=\"_blank\" rel=\"noreferrer noopener\">il Mont Faron<\/a>, il <a href=\"https:\/\/provence-mediterranee.prep.faire-savoir.eu\/it\/paesaggi-eccezionali\/le-montagne-di-tolone\/\" target=\"_blank\" rel=\"noreferrer noopener\">Mont Caume<\/a>, il Baou de Quatre Aures, il <a href=\"https:\/\/provence-mediterranee.prep.faire-savoir.eu\/it\/six-fours-les-embiez\/i-nostri-must-have\/passeggiata-a-gros-cerveau\/\" target=\"_blank\" rel=\"noreferrer noopener\">Gros Cerveau<\/a> e il massiccio della Sainte-Baume. Una tabella di orientamento ti aiuter\u00e0 a individuare tutte queste meraviglie.<\/p>\n<\/div>\n<\/div>\n<\/section>\n\n\n\n<section class=\"wp-block-group alignfull pattern-full-width-image is-layout-flow wp-block-group-is-layout-flow\">\n<figure class=\"wp-block-image alignfull size-full\"><img loading=\"lazy\" decoding=\"async\" width=\"1920\" height=\"1080\" src=\"https:\/\/provence-mediterranee.prep.faire-savoir.eu\/assets\/uploads\/2024\/04\/six-fours-les-embiez-les-incontournables-notre-dame-du-mai-full-page-remplace.jpg\" alt=\"\" class=\"wp-image-16415\" srcset=\"https:\/\/provence-mediterranee.prep.faire-savoir.eu\/assets\/uploads\/2024\/04\/six-fours-les-embiez-les-incontournables-notre-dame-du-mai-full-page-remplace.jpg 1920w, https:\/\/provence-mediterranee.prep.faire-savoir.eu\/assets\/uploads\/2024\/04\/six-fours-les-embiez-les-incontournables-notre-dame-du-mai-full-page-remplace-800x450.jpg 800w, https:\/\/provence-mediterranee.prep.faire-savoir.eu\/assets\/uploads\/2024\/04\/six-fours-les-embiez-les-incontournables-notre-dame-du-mai-full-page-remplace-1200x675.jpg 1200w, https:\/\/provence-mediterranee.prep.faire-savoir.eu\/assets\/uploads\/2024\/04\/six-fours-les-embiez-les-incontournables-notre-dame-du-mai-full-page-remplace-520x293.jpg 520w, https:\/\/provence-mediterranee.prep.faire-savoir.eu\/assets\/uploads\/2024\/04\/six-fours-les-embiez-les-incontournables-notre-dame-du-mai-full-page-remplace-768x432.jpg 768w, https:\/\/provence-mediterranee.prep.faire-savoir.eu\/assets\/uploads\/2024\/04\/six-fours-les-embiez-les-incontournables-notre-dame-du-mai-full-page-remplace-1536x864.jpg 1536w\" sizes=\"auto, (max-width: 1920px) 100vw, 1920px\" \/><figcaption class=\"wp-element-caption\">Sulle alture rivolte all&#8217;orizzonte, verso sud.<\/figcaption><\/figure>\n<\/section>\n","protected":false},"excerpt":{"rendered":"<p>Rituale della meraviglia Andare alla cappella di Notre-Dame-du-Mai, o pi\u00f9 semplicemente &#8220;salire sulla Mai&#8221; come si dice in Provenza, non \u00e8 solo una questione di fede religiosa. La cappella in cima a Cap Sici\u00e9 \u00e8 uno dei luoghi preferiti dagli abitanti del posto per una passeggiata. E per una buona ragione! Quando arrivi davanti alla [&hellip;]<\/p>\n","protected":false},"author":9,"featured_media":57704,"parent":57115,"menu_order":0,"comment_status":"closed","ping_status":"closed","template":"templates\/experience.php","meta":{"_acf_changed":false,"footnotes":"","_links_to":"","_links_to_target":""},"class_list":["post-57691","page","type-page","status-publish","has-post-thumbnail","hentry"],"acf":[],"_links":{"self":[{"href":"https:\/\/provence-mediterranee.prep.faire-savoir.eu\/it\/wp-json\/wp\/v2\/pages\/57691","targetHints":{"allow":["GET"]}}],"collection":[{"href":"https:\/\/provence-mediterranee.prep.faire-savoir.eu\/it\/wp-json\/wp\/v2\/pages"}],"about":[{"href":"https:\/\/provence-mediterranee.prep.faire-savoir.eu\/it\/wp-json\/wp\/v2\/types\/page"}],"author":[{"embeddable":true,"href":"https:\/\/provence-mediterranee.prep.faire-savoir.eu\/it\/wp-json\/wp\/v2\/users\/9"}],"replies":[{"embeddable":true,"href":"https:\/\/provence-mediterranee.prep.faire-savoir.eu\/it\/wp-json\/wp\/v2\/comments?post=57691"}],"version-history":[{"count":4,"href":"https:\/\/provence-mediterranee.prep.faire-savoir.eu\/it\/wp-json\/wp\/v2\/pages\/57691\/revisions"}],"predecessor-version":[{"id":58235,"href":"https:\/\/provence-mediterranee.prep.faire-savoir.eu\/it\/wp-json\/wp\/v2\/pages\/57691\/revisions\/58235"}],"up":[{"embeddable":true,"href":"https:\/\/provence-mediterranee.prep.faire-savoir.eu\/it\/wp-json\/wp\/v2\/pages\/57115"}],"wp:featuredmedia":[{"embeddable":true,"href":"https:\/\/provence-mediterranee.prep.faire-savoir.eu\/it\/wp-json\/wp\/v2\/media\/57704"}],"wp:attachment":[{"href":"https:\/\/provence-mediterranee.prep.faire-savoir.eu\/it\/wp-json\/wp\/v2\/media?parent=57691"}],"curies":[{"name":"wp","href":"https:\/\/api.w.org\/{rel}","templated":true}]}}