{"id":56901,"date":"2024-01-24T09:17:58","date_gmt":"2024-01-24T08:17:58","guid":{"rendered":"https:\/\/provence-mediterranee.prep.faire-savoir.eu\/six-fours-les-embiez\/"},"modified":"2024-11-29T15:13:00","modified_gmt":"2024-11-29T14:13:00","slug":"six-fours-les-embiez","status":"publish","type":"page","link":"https:\/\/provence-mediterranee.prep.faire-savoir.eu\/it\/six-fours-les-embiez\/","title":{"rendered":"Six-Fours Les Embiez"},"content":{"rendered":"\n<section class=\"wp-block-group alignfull pattern-text-image--map has-global-padding is-layout-constrained wp-block-group-is-layout-constrained\">\n<div class=\"wp-block-columns are-vertically-aligned-center is-layout-flex wp-container-core-columns-is-layout-28f84493 wp-block-columns-is-layout-flex\">\n<div class=\"wp-block-column is-vertically-aligned-center pattern-text-image--map__content is-layout-flow wp-block-column-is-layout-flow\">\n<h2 class=\"wp-block-heading\">Il perfetto connubio tra mare e terra<\/h2>\n\n\n\n<p>A ovest de Provence M\u00e9diterran\u00e9e, Six-Fours-les-Plages, con la sua generosa costa e le sue aree naturali incontaminate, \u00e8 il luogo perfetto per una vacanza al mare. A pochi passi dal porto di Le Brusc e dalla penisola di Gaou, l&#8217;Ile des Embiez \u00e8 il luogo ideale per le famiglie per ricaricare le batterie e ammirare il mondo sottomarino. Nell&#8217;entroterra, il villaggio di Ollioules aggiunge un tocco di terroir provenzale al tuo soggiorno.  <\/p>\n<\/div>\n\n\n\n<div class=\"wp-block-column is-vertically-aligned-center pattern-text-image--map__media is-layout-flow wp-block-column-is-layout-flow\" style=\"flex-basis:470px\">\n<figure class=\"wp-block-image size-thumbnail\"><img loading=\"lazy\" decoding=\"async\" width=\"470\" height=\"276\" src=\"https:\/\/provence-mediterranee.prep.faire-savoir.eu\/assets\/uploads\/2024\/01\/carte-toulon.svg\" alt=\"Toulon\" class=\"wp-image-428\"\/><\/figure>\n<\/div>\n<\/div>\n<\/section>\n\t<div class=\"fsgb-block-hub is-style-micro-cards\">\n\t\t\t\t\t\t\t\t\t\t\t\t\t\t<article class=\"card card--page stretched-link card--hub stack\" >\n\t\t\t\t\t<div class=\"card__thumbnail has-middleground-background-color stack\">\n\t\t\t\t\t\t\t\t<figure><img loading=\"lazy\" decoding=\"async\" width=\"1920\" height=\"930\" src=\"https:\/\/provence-mediterranee.prep.faire-savoir.eu\/assets\/uploads\/2024\/04\/six-fours-les-embiez-le-gaou-header-2.jpg\" class=\"attachment-full size-full\" alt=\"\" srcset=\"https:\/\/provence-mediterranee.prep.faire-savoir.eu\/assets\/uploads\/2024\/04\/six-fours-les-embiez-le-gaou-header-2.jpg 1920w, https:\/\/provence-mediterranee.prep.faire-savoir.eu\/assets\/uploads\/2024\/04\/six-fours-les-embiez-le-gaou-header-2-800x388.jpg 800w, https:\/\/provence-mediterranee.prep.faire-savoir.eu\/assets\/uploads\/2024\/04\/six-fours-les-embiez-le-gaou-header-2-1200x581.jpg 1200w, https:\/\/provence-mediterranee.prep.faire-savoir.eu\/assets\/uploads\/2024\/04\/six-fours-les-embiez-le-gaou-header-2-520x252.jpg 520w, https:\/\/provence-mediterranee.prep.faire-savoir.eu\/assets\/uploads\/2024\/04\/six-fours-les-embiez-le-gaou-header-2-768x372.jpg 768w, https:\/\/provence-mediterranee.prep.faire-savoir.eu\/assets\/uploads\/2024\/04\/six-fours-les-embiez-le-gaou-header-2-1536x744.jpg 1536w\" sizes=\"auto, (max-width: 1920px) 100vw, 1920px\" \/><\/figure>\t\t\t\t\t\t\t\t<div class=\"on-hover\"><\/div>\n\t\t\t<\/div>\n\t\t\n\t\t<div class=\"card__content\">\n\t\t\t\t\t\t\n\t\t\t\t\t\t<h3 class=\"title wp-block-heading\">\n\t\t\t\t\t\t\t\t\t<a href=\"https:\/\/provence-mediterranee.prep.faire-savoir.eu\/it\/six-fours-les-embiez\/isola-di-gaou\/\">Isola di Gaou<\/a>\t\t\t\t\t\t\t<\/h3>\n\n\t\t\t\t\t\t\n\t\t\t\t\t\t\t\t\t\n\t\t\t\t\t\t\n\t\t\t\t\t\t\n\t\t\t\t\t\t\n\t\t\t\t\t\t\n\t\t\t\t\t\t\n\t\t\t\t\t\t\n\t\t\t\t\t\t\t\t\t\n\t\t<\/div>\n\t<\/article>\n\t\t\t\t\t\t\t\t\t\t\t\t\t\t\t\t\t<article class=\"card card--page stretched-link card--hub stack\" >\n\t\t\t\t\t<div class=\"card__thumbnail has-middleground-background-color stack\">\n\t\t\t\t\t\t\t\t<figure><img loading=\"lazy\" decoding=\"async\" width=\"900\" height=\"600\" src=\"https:\/\/provence-mediterranee.prep.faire-savoir.eu\/assets\/uploads\/2024\/04\/six-fours-les-embiez-archipel-des-embiez-5-bonnes-raisonsjpeg-9.jpg\" class=\"attachment-full size-full\" alt=\"\" srcset=\"https:\/\/provence-mediterranee.prep.faire-savoir.eu\/assets\/uploads\/2024\/04\/six-fours-les-embiez-archipel-des-embiez-5-bonnes-raisonsjpeg-9.jpg 900w, https:\/\/provence-mediterranee.prep.faire-savoir.eu\/assets\/uploads\/2024\/04\/six-fours-les-embiez-archipel-des-embiez-5-bonnes-raisonsjpeg-9-800x533.jpg 800w, https:\/\/provence-mediterranee.prep.faire-savoir.eu\/assets\/uploads\/2024\/04\/six-fours-les-embiez-archipel-des-embiez-5-bonnes-raisonsjpeg-9-520x347.jpg 520w, https:\/\/provence-mediterranee.prep.faire-savoir.eu\/assets\/uploads\/2024\/04\/six-fours-les-embiez-archipel-des-embiez-5-bonnes-raisonsjpeg-9-768x512.jpg 768w\" sizes=\"auto, (max-width: 900px) 100vw, 900px\" \/><\/figure>\t\t\t\t\t\t\t\t<div class=\"on-hover\"><\/div>\n\t\t\t<\/div>\n\t\t\n\t\t<div class=\"card__content\">\n\t\t\t\t\t\t\n\t\t\t\t\t\t<h3 class=\"title wp-block-heading\">\n\t\t\t\t\t\t\t\t\t<a href=\"https:\/\/provence-mediterranee.prep.faire-savoir.eu\/it\/six-fours-les-embiez\/isola-di-embiez\/\">Isola di Embiez<\/a>\t\t\t\t\t\t\t<\/h3>\n\n\t\t\t\t\t\t\n\t\t\t\t\t\t\t\t\t\n\t\t\t\t\t\t\n\t\t\t\t\t\t\n\t\t\t\t\t\t\n\t\t\t\t\t\t\n\t\t\t\t\t\t\n\t\t\t\t\t\t\n\t\t\t\t\t\t\t\t\t\n\t\t<\/div>\n\t<\/article>\n\t\t\t\t\t\t\t\t\t\t\t\t\t\t\t\t\t<article class=\"card card--page stretched-link card--hub stack\" >\n\t\t\t\t\t<div class=\"card__thumbnail has-middleground-background-color stack\">\n\t\t\t\t\t\t\t\t<figure><img loading=\"lazy\" decoding=\"async\" width=\"900\" height=\"900\" src=\"https:\/\/provence-mediterranee.prep.faire-savoir.eu\/assets\/uploads\/2024\/04\/six-fours-les-embiez-six-fours-hub-header-4.jpg\" class=\"attachment-full size-full\" alt=\"\" srcset=\"https:\/\/provence-mediterranee.prep.faire-savoir.eu\/assets\/uploads\/2024\/04\/six-fours-les-embiez-six-fours-hub-header-4.jpg 900w, https:\/\/provence-mediterranee.prep.faire-savoir.eu\/assets\/uploads\/2024\/04\/six-fours-les-embiez-six-fours-hub-header-4-800x800.jpg 800w, https:\/\/provence-mediterranee.prep.faire-savoir.eu\/assets\/uploads\/2024\/04\/six-fours-les-embiez-six-fours-hub-header-4-520x520.jpg 520w, https:\/\/provence-mediterranee.prep.faire-savoir.eu\/assets\/uploads\/2024\/04\/six-fours-les-embiez-six-fours-hub-header-4-768x768.jpg 768w\" sizes=\"auto, (max-width: 900px) 100vw, 900px\" \/><\/figure>\t\t\t\t\t\t\t\t<div class=\"on-hover\"><\/div>\n\t\t\t<\/div>\n\t\t\n\t\t<div class=\"card__content\">\n\t\t\t\t\t\t\n\t\t\t\t\t\t<h3 class=\"title wp-block-heading\">\n\t\t\t\t\t\t\t\t\t<a href=\"https:\/\/provence-mediterranee.prep.faire-savoir.eu\/it\/six-fours-les-embiez\/six-fours-les-plages\/\">Six-Fours-les-Plages<\/a>\t\t\t\t\t\t\t<\/h3>\n\n\t\t\t\t\t\t\n\t\t\t\t\t\t\t\t\t\n\t\t\t\t\t\t\n\t\t\t\t\t\t\n\t\t\t\t\t\t\n\t\t\t\t\t\t\n\t\t\t\t\t\t\n\t\t\t\t\t\t\n\t\t\t\t\t\t\t\t\t\n\t\t<\/div>\n\t<\/article>\n\t\t\t\t\t\t\t\t\t\t\t\t\t\t\t\t\t<article class=\"card card--page stretched-link card--hub stack\" >\n\t\t\t\t\t<div class=\"card__thumbnail has-middleground-background-color stack\">\n\t\t\t\t\t\t\t\t<figure><img loading=\"lazy\" decoding=\"async\" width=\"900\" height=\"900\" src=\"https:\/\/provence-mediterranee.prep.faire-savoir.eu\/assets\/uploads\/2025\/02\/mosaique-1-1-moyen-900x900-ollioules.jpg\" class=\"attachment-full size-full\" alt=\"\" srcset=\"https:\/\/provence-mediterranee.prep.faire-savoir.eu\/assets\/uploads\/2025\/02\/mosaique-1-1-moyen-900x900-ollioules.jpg 900w, https:\/\/provence-mediterranee.prep.faire-savoir.eu\/assets\/uploads\/2025\/02\/mosaique-1-1-moyen-900x900-ollioules-800x800.jpg 800w, https:\/\/provence-mediterranee.prep.faire-savoir.eu\/assets\/uploads\/2025\/02\/mosaique-1-1-moyen-900x900-ollioules-520x520.jpg 520w, https:\/\/provence-mediterranee.prep.faire-savoir.eu\/assets\/uploads\/2025\/02\/mosaique-1-1-moyen-900x900-ollioules-768x768.jpg 768w\" sizes=\"auto, (max-width: 900px) 100vw, 900px\" \/><\/figure>\t\t\t\t\t\t\t\t<div class=\"on-hover\"><\/div>\n\t\t\t<\/div>\n\t\t\n\t\t<div class=\"card__content\">\n\t\t\t\t\t\t\n\t\t\t\t\t\t<h3 class=\"title wp-block-heading\">\n\t\t\t\t\t\t\t\t\t<a href=\"https:\/\/provence-mediterranee.prep.faire-savoir.eu\/it\/six-fours-les-embiez\/ollioules\/\">Ollioules<\/a>\t\t\t\t\t\t\t<\/h3>\n\n\t\t\t\t\t\t\n\t\t\t\t\t\t\t\t\t\n\t\t\t\t\t\t\n\t\t\t\t\t\t\n\t\t\t\t\t\t\n\t\t\t\t\t\t\n\t\t\t\t\t\t\n\t\t\t\t\t\t\n\t\t\t\t\t\t\t\t\t\n\t\t<\/div>\n\t<\/article>\n\t\t\t\t\t\t\t\t\t\t\t\t\t\t\t\t\t<article class=\"card card--page stretched-link card--hub stack\" >\n\t\t\t\t\t<div class=\"card__thumbnail has-middleground-background-color stack\">\n\t\t\t\t\t\t\t\t<figure><img loading=\"lazy\" decoding=\"async\" width=\"1200\" height=\"1600\" src=\"https:\/\/provence-mediterranee.prep.faire-savoir.eu\/assets\/uploads\/2024\/04\/six-fours-les-embiez-le-gaou-full-page-6.jpg\" class=\"attachment-full size-full\" alt=\"\" srcset=\"https:\/\/provence-mediterranee.prep.faire-savoir.eu\/assets\/uploads\/2024\/04\/six-fours-les-embiez-le-gaou-full-page-6.jpg 1200w, https:\/\/provence-mediterranee.prep.faire-savoir.eu\/assets\/uploads\/2024\/04\/six-fours-les-embiez-le-gaou-full-page-6-800x1067.jpg 800w, https:\/\/provence-mediterranee.prep.faire-savoir.eu\/assets\/uploads\/2024\/04\/six-fours-les-embiez-le-gaou-full-page-6-520x693.jpg 520w, https:\/\/provence-mediterranee.prep.faire-savoir.eu\/assets\/uploads\/2024\/04\/six-fours-les-embiez-le-gaou-full-page-6-768x1024.jpg 768w, https:\/\/provence-mediterranee.prep.faire-savoir.eu\/assets\/uploads\/2024\/04\/six-fours-les-embiez-le-gaou-full-page-6-1152x1536.jpg 1152w\" sizes=\"auto, (max-width: 1200px) 100vw, 1200px\" \/><\/figure>\t\t\t\t\t\t\t\t<div class=\"on-hover\"><\/div>\n\t\t\t<\/div>\n\t\t\n\t\t<div class=\"card__content\">\n\t\t\t\t\t\t\n\t\t\t\t\t\t<h3 class=\"title wp-block-heading\">\n\t\t\t\t\t\t\t\t\t<a href=\"https:\/\/provence-mediterranee.prep.faire-savoir.eu\/it\/six-fours-les-embiez\/i-nostri-must-have\/\">I nostri must-have<\/a>\t\t\t\t\t\t\t<\/h3>\n\n\t\t\t\t\t\t\n\t\t\t\t\t\t\t\t\t\n\t\t\t\t\t\t\n\t\t\t\t\t\t\n\t\t\t\t\t\t\n\t\t\t\t\t\t\n\t\t\t\t\t\t\n\t\t\t\t\t\t\n\t\t\t\t\t\t\t\t\t\n\t\t<\/div>\n\t<\/article>\n\t\t\t\t\t\t\t\t<\/div>\n","protected":false},"excerpt":{"rendered":"<p>Il perfetto connubio tra mare e terra A ovest de Provence M\u00e9diterran\u00e9e, Six-Fours-les-Plages, con la sua generosa costa e le sue aree naturali incontaminate, \u00e8 il luogo perfetto per una vacanza al mare. A pochi passi dal porto di Le Brusc e dalla penisola di Gaou, l&#8217;Ile des Embiez \u00e8 il luogo ideale per le [&hellip;]<\/p>\n","protected":false},"author":1,"featured_media":56902,"parent":0,"menu_order":3,"comment_status":"closed","ping_status":"closed","template":"templates\/hub.php","meta":{"_acf_changed":false,"footnotes":"","_links_to":"","_links_to_target":""},"class_list":["post-56901","page","type-page","status-publish","has-post-thumbnail","hentry"],"acf":[],"_links":{"self":[{"href":"https:\/\/provence-mediterranee.prep.faire-savoir.eu\/it\/wp-json\/wp\/v2\/pages\/56901","targetHints":{"allow":["GET"]}}],"collection":[{"href":"https:\/\/provence-mediterranee.prep.faire-savoir.eu\/it\/wp-json\/wp\/v2\/pages"}],"about":[{"href":"https:\/\/provence-mediterranee.prep.faire-savoir.eu\/it\/wp-json\/wp\/v2\/types\/page"}],"author":[{"embeddable":true,"href":"https:\/\/provence-mediterranee.prep.faire-savoir.eu\/it\/wp-json\/wp\/v2\/users\/1"}],"replies":[{"embeddable":true,"href":"https:\/\/provence-mediterranee.prep.faire-savoir.eu\/it\/wp-json\/wp\/v2\/comments?post=56901"}],"version-history":[{"count":1,"href":"https:\/\/provence-mediterranee.prep.faire-savoir.eu\/it\/wp-json\/wp\/v2\/pages\/56901\/revisions"}],"predecessor-version":[{"id":56904,"href":"https:\/\/provence-mediterranee.prep.faire-savoir.eu\/it\/wp-json\/wp\/v2\/pages\/56901\/revisions\/56904"}],"wp:featuredmedia":[{"embeddable":true,"href":"https:\/\/provence-mediterranee.prep.faire-savoir.eu\/it\/wp-json\/wp\/v2\/media\/56902"}],"wp:attachment":[{"href":"https:\/\/provence-mediterranee.prep.faire-savoir.eu\/it\/wp-json\/wp\/v2\/media?parent=56901"}],"curies":[{"name":"wp","href":"https:\/\/api.w.org\/{rel}","templated":true}]}}