{"id":56842,"date":"2024-03-06T15:20:44","date_gmt":"2024-03-06T14:20:44","guid":{"rendered":"https:\/\/provence-mediterranee.prep.faire-savoir.eu\/il-percorso-artistico\/"},"modified":"2024-11-29T15:17:06","modified_gmt":"2024-11-29T14:17:06","slug":"il-percorso-artistico","status":"publish","type":"page","link":"https:\/\/provence-mediterranee.prep.faire-savoir.eu\/it\/hyeres-porquerolles\/i-nostri-must-have\/il-percorso-artistico\/","title":{"rendered":"Il percorso artistico"},"content":{"rendered":"\n<section class=\"wp-block-group alignfull pattern-text-image--map has-global-padding is-layout-constrained wp-block-group-is-layout-constrained\">\n<div class=\"wp-block-columns are-vertically-aligned-center is-layout-flex wp-container-core-columns-is-layout-28f84493 wp-block-columns-is-layout-flex\">\n<div class=\"wp-block-column is-vertically-aligned-center pattern-text-image--map__content is-layout-flow wp-block-column-is-layout-flow\">\n<h2 class=\"wp-block-heading\">Oltre 30 studi di artisti<\/h2>\n\n\n\n<p>Poich\u00e9 l&#8217;arte si nutre di scambi, il centro di Hy\u00e8res ti invita a fare incontri con artisti e artigiani appassionati, felici di condividere il loro know-how. Esplora la ricchezza dell&#8217;arte locale lungo il Sentiero delle Arti e immergiti nel patrimonio edilizio che riflette la storia della citt\u00e0. <\/p>\n<\/div>\n\n\n\n<div class=\"wp-block-column is-vertically-aligned-center pattern-text-image--map__media is-layout-flow wp-block-column-is-layout-flow\" style=\"flex-basis:470px\">\n<figure class=\"wp-block-image size-thumbnail\"><img loading=\"lazy\" decoding=\"async\" width=\"367\" height=\"210\" src=\"https:\/\/provence-mediterranee.prep.faire-savoir.eu\/assets\/uploads\/2024\/03\/carte-hyeres.svg\" alt=\"\" class=\"wp-image-2760\"\/><\/figure>\n<\/div>\n<\/div>\n<\/section>\n\n<section class=\"wp-block-cover alignfull is-light pattern-cover\"><span aria-hidden=\"true\" class=\"wp-block-cover__background has-background-dim\"><\/span><img loading=\"lazy\" decoding=\"async\" width=\"1920\" height=\"720\" class=\"wp-block-cover__image-background wp-image-2740\" alt=\"\" src=\"https:\/\/provence-mediterranee.prep.faire-savoir.eu\/assets\/uploads\/2024\/03\/hyeresporquerolle-les-incontournables-parcours-des-arts-les-5-bonnes-raisons-1.jpg\" style=\"object-position:0% 100%\" data-object-fit=\"cover\" data-object-position=\"0% 100%\" srcset=\"https:\/\/provence-mediterranee.prep.faire-savoir.eu\/assets\/uploads\/2024\/03\/hyeresporquerolle-les-incontournables-parcours-des-arts-les-5-bonnes-raisons-1.jpg 1920w, https:\/\/provence-mediterranee.prep.faire-savoir.eu\/assets\/uploads\/2024\/03\/hyeresporquerolle-les-incontournables-parcours-des-arts-les-5-bonnes-raisons-1-800x300.jpg 800w, https:\/\/provence-mediterranee.prep.faire-savoir.eu\/assets\/uploads\/2024\/03\/hyeresporquerolle-les-incontournables-parcours-des-arts-les-5-bonnes-raisons-1-1200x450.jpg 1200w, https:\/\/provence-mediterranee.prep.faire-savoir.eu\/assets\/uploads\/2024\/03\/hyeresporquerolle-les-incontournables-parcours-des-arts-les-5-bonnes-raisons-1-520x195.jpg 520w, https:\/\/provence-mediterranee.prep.faire-savoir.eu\/assets\/uploads\/2024\/03\/hyeresporquerolle-les-incontournables-parcours-des-arts-les-5-bonnes-raisons-1-768x288.jpg 768w, https:\/\/provence-mediterranee.prep.faire-savoir.eu\/assets\/uploads\/2024\/03\/hyeresporquerolle-les-incontournables-parcours-des-arts-les-5-bonnes-raisons-1-1536x576.jpg 1536w\" sizes=\"auto, (max-width: 1920px) 100vw, 1920px\" \/><div class=\"wp-block-cover__inner-container is-layout-flow wp-block-cover-is-layout-flow\">\n<div class=\"wp-block-columns alignwide are-vertically-aligned-center has-background-color has-text-color has-link-color wp-elements-058728c4d047ee3f6ba26c7c84ef3466 is-layout-flex wp-container-core-columns-is-layout-28f84493 wp-block-columns-is-layout-flex\">\n<div class=\"wp-block-column is-vertically-aligned-center pattern-cover__content is-layout-flow wp-block-column-is-layout-flow\" style=\"padding-right:var(--wp--preset--spacing--xx-large);padding-left:var(--wp--preset--spacing--xx-large);flex-basis:50%\">\n<h2 class=\"wp-block-heading has-text-align-left\">5 buoni motivi per venire<\/h2>\n\n\n\n<ol class=\"wp-block-list\">\n<li>Espressione artistica innovativa e contemporanea<\/li>\n\n\n\n<li>Artisti locali ispirati dalla regione e dalla loro citt\u00e0<\/li>\n\n\n\n<li>Un&#8217;esperienza sensoriale e artistica arricchente<\/li>\n\n\n\n<li>Una passeggiata all&#8217;aria aperta tra le stradine di Hy\u00e8res<\/li>\n\n\n\n<li>Regala o regalati souvenir unici e fatti a mano<\/li>\n<\/ol>\n<\/div>\n\n\n\n<div class=\"wp-block-column is-vertically-aligned-center pattern-cover__empty is-layout-flow wp-block-column-is-layout-flow\" style=\"flex-basis:50%\"><\/div>\n<\/div>\n<\/div><\/section>\n\n<section class=\"wp-block-group alignfull pattern-text has-global-padding is-content-justification-center is-layout-constrained wp-block-group-is-layout-constrained\">\n<h2 class=\"wp-block-heading\">Passeggia per le botteghe alla ricerca di arte e patrimonio<\/h2>\n\n\n\n<p>Porta con te la mappa, che puoi <a href=\"https:\/\/app.avizi.fr\/fichiers\/preview\/65e87e0eb72ac\" target=\"_blank\" rel=\"noreferrer noopener nofollow\">scaricare <\/a> o trovare in formato cartaceo nei nostri uffici di informazione turistica. Indossa buone scarpe se vuoi salire al castello. Poi, passeggia liberamente tra le botteghe artigiane. Lungo il percorso artistico ne sono state allestite una trentina, che mettono in mostra mestieri antichi e insoliti. Alza lo sguardo e li riconoscerai facilmente dalle targhe in ferro battuto sulle loro facciate.    <\/p>\n<\/section>\n\n<section class=\"wp-block-group alignfull pattern-gallery has-global-padding is-layout-constrained wp-block-group-is-layout-constrained\">\n<div class=\"wp-block-group alignwide is-content-justification-left is-layout-flow wp-block-group-is-layout-flow\">\n<figure class=\"wp-block-image size-thumbnail\"><img loading=\"lazy\" decoding=\"async\" width=\"520\" height=\"520\" src=\"https:\/\/provence-mediterranee.prep.faire-savoir.eu\/assets\/uploads\/2024\/07\/hyeres-porquerolles-incontournables-parcours-des-arts-generique-carrejpg-520x520.jpg\" alt=\"\" class=\"wp-image-36510\" style=\"aspect-ratio:1;object-fit:cover\" srcset=\"https:\/\/provence-mediterranee.prep.faire-savoir.eu\/assets\/uploads\/2024\/07\/hyeres-porquerolles-incontournables-parcours-des-arts-generique-carrejpg-520x520.jpg 520w, https:\/\/provence-mediterranee.prep.faire-savoir.eu\/assets\/uploads\/2024\/07\/hyeres-porquerolles-incontournables-parcours-des-arts-generique-carrejpg-800x800.jpg 800w, https:\/\/provence-mediterranee.prep.faire-savoir.eu\/assets\/uploads\/2024\/07\/hyeres-porquerolles-incontournables-parcours-des-arts-generique-carrejpg-1200x1200.jpg 1200w, https:\/\/provence-mediterranee.prep.faire-savoir.eu\/assets\/uploads\/2024\/07\/hyeres-porquerolles-incontournables-parcours-des-arts-generique-carrejpg-768x768.jpg 768w, https:\/\/provence-mediterranee.prep.faire-savoir.eu\/assets\/uploads\/2024\/07\/hyeres-porquerolles-incontournables-parcours-des-arts-generique-carrejpg.jpg 1400w\" sizes=\"auto, (max-width: 520px) 100vw, 520px\" \/><figcaption class=\"wp-element-caption\">K-Plan e le sue creazioni originali<\/figcaption><\/figure>\n\n\n\n<figure class=\"wp-block-image size-large\"><img loading=\"lazy\" decoding=\"async\" width=\"1200\" height=\"581\" src=\"https:\/\/provence-mediterranee.prep.faire-savoir.eu\/assets\/uploads\/2024\/07\/hyeres-porquerolles-incontournables-parcours-des-arts-generique-rectangulairejpg-1200x581.jpg\" alt=\"\" class=\"wp-image-36513\" style=\"aspect-ratio:1;object-fit:cover\" srcset=\"https:\/\/provence-mediterranee.prep.faire-savoir.eu\/assets\/uploads\/2024\/07\/hyeres-porquerolles-incontournables-parcours-des-arts-generique-rectangulairejpg-1200x581.jpg 1200w, https:\/\/provence-mediterranee.prep.faire-savoir.eu\/assets\/uploads\/2024\/07\/hyeres-porquerolles-incontournables-parcours-des-arts-generique-rectangulairejpg-800x388.jpg 800w, https:\/\/provence-mediterranee.prep.faire-savoir.eu\/assets\/uploads\/2024\/07\/hyeres-porquerolles-incontournables-parcours-des-arts-generique-rectangulairejpg-520x252.jpg 520w, https:\/\/provence-mediterranee.prep.faire-savoir.eu\/assets\/uploads\/2024\/07\/hyeres-porquerolles-incontournables-parcours-des-arts-generique-rectangulairejpg-768x372.jpg 768w, https:\/\/provence-mediterranee.prep.faire-savoir.eu\/assets\/uploads\/2024\/07\/hyeres-porquerolles-incontournables-parcours-des-arts-generique-rectangulairejpg-1536x744.jpg 1536w, https:\/\/provence-mediterranee.prep.faire-savoir.eu\/assets\/uploads\/2024\/07\/hyeres-porquerolles-incontournables-parcours-des-arts-generique-rectangulairejpg.jpg 1920w\" sizes=\"auto, (max-width: 1200px) 100vw, 1200px\" \/><figcaption class=\"wp-element-caption\">Benvenuti nel cuore di Hy\u00e8res, sulla via delle arti<\/figcaption><\/figure>\n<\/div>\n<\/section>\n\n<figure class=\"wp-block-embed is-type-video is-provider-youtube wp-block-embed-youtube wp-embed-aspect-16-9 wp-has-aspect-ratio\"><div class=\"wp-block-embed__wrapper\"> \n<iframe loading=\"lazy\" title=\"Le parcours des arts \u00e0 Hy\u00e8res\" width=\"500\" height=\"281\" src=\"https:\/\/www.youtube.com\/embed\/hRwiXHydXVg?feature=oembed\" frameborder=\"0\" allow=\"accelerometer; autoplay; clipboard-write; encrypted-media; gyroscope; picture-in-picture; web-share\" referrerpolicy=\"strict-origin-when-cross-origin\" allowfullscreen><\/iframe>\n <\/div><\/figure>\n\n<section class=\"wp-block-group alignfull pattern-micro-content has-global-padding is-content-justification-center is-layout-constrained wp-block-group-is-layout-constrained\">\n<div class=\"wp-block-group has-border-color has-primary-border-color has-primary-color has-tertiary-background-color has-text-color has-background has-link-color wp-elements-fa3d61a7adb4a900dcba664e14adf72c has-global-padding is-layout-constrained wp-container-core-group-is-layout-fea5198f wp-block-group-is-layout-constrained\" style=\"border-width:2px;border-radius:16px;padding-top:var(--wp--preset--spacing--large);padding-right:var(--wp--preset--spacing--x-large);padding-bottom:var(--wp--preset--spacing--large);padding-left:var(--wp--preset--spacing--x-large)\">\n<h2 class=\"wp-block-heading\">Il nostro consiglio<\/h2>\n\n\n\n<p>Ogni anno, il Sentiero delle Arti \u00e8 lo scenario di un festival chiamato &#8220;Le Parcours des Arts en f\u00eate&#8221;, che si svolge all&#8217;inizio dell&#8217;estate.<\/p>\n\n\n\n<p><a href=\"https:\/\/www.hyeres.fr\/parcours-des-arts-et-du-patrimoine\" target=\"_blank\" rel=\"noreferrer noopener nofollow\"><strong>SCOPRI DI PI\u00d9<br\/><\/strong><\/a><\/p>\n<\/div>\n<\/section>\n\n<section class=\"wp-block-group alignfull pattern-text-image has-global-padding is-layout-constrained wp-block-group-is-layout-constrained\">\n<div class=\"wp-block-columns alignwide are-vertically-aligned-center is-layout-flex wp-container-core-columns-is-layout-28f84493 wp-block-columns-is-layout-flex\">\n<div class=\"wp-block-column is-vertically-aligned-center pattern-text-image__content is-layout-flow wp-block-column-is-layout-flow\" style=\"flex-basis:33%\">\n<h2 class=\"wp-block-heading\">Made in Hy\u00e8res<\/h2>\n\n\n\n<p>Ci\u00f2 che rende il percorso delle arti cos\u00ec speciale \u00e8 l&#8217;opportunit\u00e0 di incontrare persone appassionate del proprio lavoro. Quando entri negli studi, gli artisti possono trovarsi nel bel mezzo della creazione. Ed \u00e8 questa la magia dello spettacolo! Ogni pezzo creato porta l&#8217;impronta del movimento dell&#8217;artigiano. Affascinato da questa immersione nel loro mondo, te ne andrai con oggetti unici e originali, assemblati da mani esperte.    <\/p>\n<\/div>\n\n\n\n<div class=\"wp-block-column is-vertically-aligned-center pattern-text-image__media is-layout-flow wp-block-column-is-layout-flow\" style=\"flex-basis:67%\">\n<figure class=\"wp-block-image size-large\"><img loading=\"lazy\" decoding=\"async\" width=\"1200\" height=\"900\" src=\"https:\/\/provence-mediterranee.prep.faire-savoir.eu\/assets\/uploads\/2024\/03\/hyeresporquerolle-les-incontournables-parcours-des-arts-a2-creations-1200x900.jpg\" alt=\"\" class=\"wp-image-2748\" srcset=\"https:\/\/provence-mediterranee.prep.faire-savoir.eu\/assets\/uploads\/2024\/03\/hyeresporquerolle-les-incontournables-parcours-des-arts-a2-creations-1200x900.jpg 1200w, https:\/\/provence-mediterranee.prep.faire-savoir.eu\/assets\/uploads\/2024\/03\/hyeresporquerolle-les-incontournables-parcours-des-arts-a2-creations-800x600.jpg 800w, https:\/\/provence-mediterranee.prep.faire-savoir.eu\/assets\/uploads\/2024\/03\/hyeresporquerolle-les-incontournables-parcours-des-arts-a2-creations-520x390.jpg 520w, https:\/\/provence-mediterranee.prep.faire-savoir.eu\/assets\/uploads\/2024\/03\/hyeresporquerolle-les-incontournables-parcours-des-arts-a2-creations-768x576.jpg 768w, https:\/\/provence-mediterranee.prep.faire-savoir.eu\/assets\/uploads\/2024\/03\/hyeresporquerolle-les-incontournables-parcours-des-arts-a2-creations-1536x1152.jpg 1536w, https:\/\/provence-mediterranee.prep.faire-savoir.eu\/assets\/uploads\/2024\/03\/hyeresporquerolle-les-incontournables-parcours-des-arts-a2-creations.jpg 1920w\" sizes=\"auto, (max-width: 1200px) 100vw, 1200px\" \/><figcaption class=\"wp-element-caption\">Opere d&#8217;arte uniche, realizzate a mano  <\/figcaption><\/figure>\n<\/div>\n<\/div>\n<\/section>\n\n<section class=\"wp-block-group alignfull pattern-full-width-image is-layout-flow wp-block-group-is-layout-flow\">\n<figure class=\"wp-block-image alignfull size-full\"><img loading=\"lazy\" decoding=\"async\" width=\"1920\" height=\"1080\" src=\"https:\/\/provence-mediterranee.prep.faire-savoir.eu\/assets\/uploads\/2024\/04\/hyeresporquerolle-les-incontournables-parcours-des-arts-full-page-remplace.jpg\" alt=\"\" class=\"wp-image-16146\" srcset=\"https:\/\/provence-mediterranee.prep.faire-savoir.eu\/assets\/uploads\/2024\/04\/hyeresporquerolle-les-incontournables-parcours-des-arts-full-page-remplace.jpg 1920w, https:\/\/provence-mediterranee.prep.faire-savoir.eu\/assets\/uploads\/2024\/04\/hyeresporquerolle-les-incontournables-parcours-des-arts-full-page-remplace-800x450.jpg 800w, https:\/\/provence-mediterranee.prep.faire-savoir.eu\/assets\/uploads\/2024\/04\/hyeresporquerolle-les-incontournables-parcours-des-arts-full-page-remplace-1200x675.jpg 1200w, https:\/\/provence-mediterranee.prep.faire-savoir.eu\/assets\/uploads\/2024\/04\/hyeresporquerolle-les-incontournables-parcours-des-arts-full-page-remplace-520x293.jpg 520w, https:\/\/provence-mediterranee.prep.faire-savoir.eu\/assets\/uploads\/2024\/04\/hyeresporquerolle-les-incontournables-parcours-des-arts-full-page-remplace-768x432.jpg 768w, https:\/\/provence-mediterranee.prep.faire-savoir.eu\/assets\/uploads\/2024\/04\/hyeresporquerolle-les-incontournables-parcours-des-arts-full-page-remplace-1536x864.jpg 1536w\" sizes=\"auto, (max-width: 1920px) 100vw, 1920px\" \/><figcaption class=\"wp-element-caption\">Passeggia per le strette vie del centro storico e incontra gli artigiani  <\/figcaption><\/figure>\n<\/section>\n\n<section class=\"wp-block-group alignfull pattern-text-image--columns has-global-padding is-layout-constrained wp-block-group-is-layout-constrained\">\n<div class=\"wp-block-columns are-vertically-aligned-center is-layout-flex wp-container-core-columns-is-layout-28f84493 wp-block-columns-is-layout-flex\">\n<div class=\"wp-block-column is-vertically-aligned-center pattern-text-image--columns__left is-layout-flow wp-block-column-is-layout-flow\" style=\"flex-basis:60%\">\n<p class=\"step is-style-surtitle\">Concentrati su<\/p>\n\n\n\n<h2 class=\"wp-block-heading\">Creazione di artigianato al centro<\/h2>\n\n\n\n<p>Condividi e scambia idee con questo vivaio di creatori: artisti del vetro colorato, pittori, ceramisti, tappezzieri, ma anche sarti, calligrafi, disegnatori di tessuti, illustratori, scultori&#8230;<\/p>\n\n\n\n<figure class=\"wp-block-image size-medium\"><img loading=\"lazy\" decoding=\"async\" width=\"800\" height=\"600\" src=\"https:\/\/provence-mediterranee.prep.faire-savoir.eu\/assets\/uploads\/2024\/07\/hyeres-porquerolles-incontournables-parcours-des-arts-zoom-sur-1-grande-photojpg-800x600.jpg\" alt=\"\" class=\"wp-image-36517\" srcset=\"https:\/\/provence-mediterranee.prep.faire-savoir.eu\/assets\/uploads\/2024\/07\/hyeres-porquerolles-incontournables-parcours-des-arts-zoom-sur-1-grande-photojpg-800x600.jpg 800w, https:\/\/provence-mediterranee.prep.faire-savoir.eu\/assets\/uploads\/2024\/07\/hyeres-porquerolles-incontournables-parcours-des-arts-zoom-sur-1-grande-photojpg-1200x900.jpg 1200w, https:\/\/provence-mediterranee.prep.faire-savoir.eu\/assets\/uploads\/2024\/07\/hyeres-porquerolles-incontournables-parcours-des-arts-zoom-sur-1-grande-photojpg-520x390.jpg 520w, https:\/\/provence-mediterranee.prep.faire-savoir.eu\/assets\/uploads\/2024\/07\/hyeres-porquerolles-incontournables-parcours-des-arts-zoom-sur-1-grande-photojpg-768x576.jpg 768w, https:\/\/provence-mediterranee.prep.faire-savoir.eu\/assets\/uploads\/2024\/07\/hyeres-porquerolles-incontournables-parcours-des-arts-zoom-sur-1-grande-photojpg-1536x1152.jpg 1536w, https:\/\/provence-mediterranee.prep.faire-savoir.eu\/assets\/uploads\/2024\/07\/hyeres-porquerolles-incontournables-parcours-des-arts-zoom-sur-1-grande-photojpg.jpg 1920w\" sizes=\"auto, (max-width: 800px) 100vw, 800px\" \/><figcaption class=\"wp-element-caption\">Vieni a conoscere gli artisti nel loro studio. Sei il benvenuto. <\/figcaption><\/figure>\n<\/div>\n\n\n\n<div class=\"wp-block-column is-vertically-aligned-center pattern-text-image--columns__right is-layout-flow wp-block-column-is-layout-flow\" style=\"flex-basis:40%\">\n<figure class=\"wp-block-image size-thumbnail is-resized\"><img loading=\"lazy\" decoding=\"async\" width=\"520\" height=\"390\" src=\"https:\/\/provence-mediterranee.prep.faire-savoir.eu\/assets\/uploads\/2024\/03\/hyeresporquerolle-les-incontournables-parcours-des-arts-zoom-sur-2-520x390.jpg\" alt=\"\" class=\"wp-image-2734\" style=\"width:442px;height:auto\" srcset=\"https:\/\/provence-mediterranee.prep.faire-savoir.eu\/assets\/uploads\/2024\/03\/hyeresporquerolle-les-incontournables-parcours-des-arts-zoom-sur-2-520x390.jpg 520w, https:\/\/provence-mediterranee.prep.faire-savoir.eu\/assets\/uploads\/2024\/03\/hyeresporquerolle-les-incontournables-parcours-des-arts-zoom-sur-2-800x600.jpg 800w, https:\/\/provence-mediterranee.prep.faire-savoir.eu\/assets\/uploads\/2024\/03\/hyeresporquerolle-les-incontournables-parcours-des-arts-zoom-sur-2-1200x900.jpg 1200w, https:\/\/provence-mediterranee.prep.faire-savoir.eu\/assets\/uploads\/2024\/03\/hyeresporquerolle-les-incontournables-parcours-des-arts-zoom-sur-2-768x576.jpg 768w, https:\/\/provence-mediterranee.prep.faire-savoir.eu\/assets\/uploads\/2024\/03\/hyeresporquerolle-les-incontournables-parcours-des-arts-zoom-sur-2-1536x1152.jpg 1536w, https:\/\/provence-mediterranee.prep.faire-savoir.eu\/assets\/uploads\/2024\/03\/hyeresporquerolle-les-incontournables-parcours-des-arts-zoom-sur-2.jpg 1920w\" sizes=\"auto, (max-width: 520px) 100vw, 520px\" \/><figcaption class=\"wp-element-caption\">Produzione e restauro di vetri colorati<\/figcaption><\/figure>\n\n\n\n<p>Un eccellente collegamento tra i 2400 anni di storia di Hy\u00e8res e il dinamismo degli artisti di oggi.<\/p>\n\n\n\n<div class=\"wp-block-buttons is-layout-flex wp-block-buttons-is-layout-flex\">\n<div class=\"wp-block-button\"><a class=\"wp-block-button__link wp-element-button\" href=\"https:\/\/app.avizi.fr\/fichiers\/preview\/65e87e0eb72ac\" target=\"_blank\" rel=\"noreferrer noopener nofollow\">Scarica il percorso<\/a><\/div>\n<\/div>\n<\/div>\n<\/div>\n<\/section>\n","protected":false},"excerpt":{"rendered":"<p>Oltre 30 studi di artisti Poich\u00e9 l&#8217;arte si nutre di scambi, il centro di Hy\u00e8res ti invita a fare incontri con artisti e artigiani appassionati, felici di condividere il loro know-how. Esplora la ricchezza dell&#8217;arte locale lungo il Sentiero delle Arti e immergiti nel patrimonio edilizio che riflette la storia della citt\u00e0. Passeggia per le [&hellip;]<\/p>\n","protected":false},"author":4,"featured_media":56873,"parent":56943,"menu_order":10,"comment_status":"closed","ping_status":"closed","template":"templates\/experience.php","meta":{"_acf_changed":false,"footnotes":"","_links_to":"","_links_to_target":""},"class_list":["post-56842","page","type-page","status-publish","has-post-thumbnail","hentry"],"acf":[],"_links":{"self":[{"href":"https:\/\/provence-mediterranee.prep.faire-savoir.eu\/it\/wp-json\/wp\/v2\/pages\/56842","targetHints":{"allow":["GET"]}}],"collection":[{"href":"https:\/\/provence-mediterranee.prep.faire-savoir.eu\/it\/wp-json\/wp\/v2\/pages"}],"about":[{"href":"https:\/\/provence-mediterranee.prep.faire-savoir.eu\/it\/wp-json\/wp\/v2\/types\/page"}],"author":[{"embeddable":true,"href":"https:\/\/provence-mediterranee.prep.faire-savoir.eu\/it\/wp-json\/wp\/v2\/users\/4"}],"replies":[{"embeddable":true,"href":"https:\/\/provence-mediterranee.prep.faire-savoir.eu\/it\/wp-json\/wp\/v2\/comments?post=56842"}],"version-history":[{"count":1,"href":"https:\/\/provence-mediterranee.prep.faire-savoir.eu\/it\/wp-json\/wp\/v2\/pages\/56842\/revisions"}],"predecessor-version":[{"id":56900,"href":"https:\/\/provence-mediterranee.prep.faire-savoir.eu\/it\/wp-json\/wp\/v2\/pages\/56842\/revisions\/56900"}],"up":[{"embeddable":true,"href":"https:\/\/provence-mediterranee.prep.faire-savoir.eu\/it\/wp-json\/wp\/v2\/pages\/56943"}],"wp:featuredmedia":[{"embeddable":true,"href":"https:\/\/provence-mediterranee.prep.faire-savoir.eu\/it\/wp-json\/wp\/v2\/media\/56873"}],"wp:attachment":[{"href":"https:\/\/provence-mediterranee.prep.faire-savoir.eu\/it\/wp-json\/wp\/v2\/media?parent=56842"}],"curies":[{"name":"wp","href":"https:\/\/api.w.org\/{rel}","templated":true}]}}