{"id":35808,"date":"2024-03-06T14:05:26","date_gmt":"2024-03-06T13:05:26","guid":{"rendered":"https:\/\/provence-mediterranee.prep.faire-savoir.eu\/saint-mandrier-sur-mer\/"},"modified":"2025-10-10T12:15:25","modified_gmt":"2025-10-10T10:15:25","slug":"saint-mandrier-sur-mer","status":"publish","type":"page","link":"https:\/\/provence-mediterranee.prep.faire-savoir.eu\/en\/our-12-destinations\/saint-mandrier-sur-mer\/","title":{"rendered":"Saint-Mandrier-sur-Mer"},"content":{"rendered":"\n<section class=\"wp-block-group alignfull pattern-text-image--map has-global-padding is-layout-constrained wp-block-group-is-layout-constrained\">\n<div class=\"wp-block-columns are-vertically-aligned-center is-layout-flex wp-container-core-columns-is-layout-28f84493 wp-block-columns-is-layout-flex\">\n<div class=\"wp-block-column is-vertically-aligned-center pattern-text-image--map__content is-layout-flow wp-block-column-is-layout-flow\">\n<h2 class=\"wp-block-heading\">A haven of peace at the end of the metropolis<\/h2>\n\n\n\n<p>Nestling at the bottom of the Creux de Saint-Georges, Saint-Mandrier-sur-Mer, nicknamed the charming peninsula, has preserved its fishing village soul. In its port, sheltered from all winds in <a href=\"https:\/\/provence-mediterranee.prep.faire-savoir.eu\/en\/toulon-la-seyne\/our-must-haves\/the-harbour-and-naval-base\/\" target=\"_blank\" rel=\"noreferrer noopener\">Toulon&#8217;s harbor<\/a>, traditional fishing boats rub shoulders with modern sailboats. The Pin Rolland district, popular for its beach and pine forest, forms the link between the village and the Sablettes district of <a href=\"https:\/\/provence-mediterranee.prep.faire-savoir.eu\/en\/our-12-destinations\/la-seyne-sur-mer\/\" target=\"_blank\" rel=\"noreferrer noopener\">La Seyne-sur-Mer<\/a>. Enjoy the pleasures of swimming between beaches and coves, wild or family-friendly. The long shoreline also makes it the ideal playground for nautical activities or hiking along the coastal path.<\/p>\n<\/div>\n\n\n\n<div class=\"wp-block-column is-vertically-aligned-center pattern-text-image--map__media is-layout-flow wp-block-column-is-layout-flow\" style=\"flex-basis:470px\">\n<figure class=\"wp-block-image size-thumbnail\"><img loading=\"lazy\" decoding=\"async\" width=\"367\" height=\"210\" src=\"https:\/\/provence-mediterranee.prep.faire-savoir.eu\/assets\/uploads\/2024\/03\/carte-stmandrier.svg\" alt=\"\" class=\"wp-image-2782\"\/><\/figure>\n<\/div>\n<\/div>\n<\/section>\n\n<section class=\"wp-block-group alignfull pattern-text-image has-global-padding is-layout-constrained wp-block-group-is-layout-constrained\">\n<div class=\"wp-block-columns alignwide are-vertically-aligned-center is-layout-flex wp-container-core-columns-is-layout-28f84493 wp-block-columns-is-layout-flex\">\n<div class=\"wp-block-column is-vertically-aligned-center pattern-text-image__media is-layout-flow wp-block-column-is-layout-flow\" style=\"flex-basis:67%\">\n<figure class=\"wp-block-image size-large\"><img loading=\"lazy\" decoding=\"async\" width=\"1200\" height=\"900\" src=\"https:\/\/provence-mediterranee.prep.faire-savoir.eu\/assets\/uploads\/2024\/04\/six-fours-les-embiez-saint-mandrier-1200x900.jpg\" alt=\"\" class=\"wp-image-15371\" srcset=\"https:\/\/provence-mediterranee.prep.faire-savoir.eu\/assets\/uploads\/2024\/04\/six-fours-les-embiez-saint-mandrier-1200x900.jpg 1200w, https:\/\/provence-mediterranee.prep.faire-savoir.eu\/assets\/uploads\/2024\/04\/six-fours-les-embiez-saint-mandrier-800x600.jpg 800w, https:\/\/provence-mediterranee.prep.faire-savoir.eu\/assets\/uploads\/2024\/04\/six-fours-les-embiez-saint-mandrier-520x390.jpg 520w, https:\/\/provence-mediterranee.prep.faire-savoir.eu\/assets\/uploads\/2024\/04\/six-fours-les-embiez-saint-mandrier-768x576.jpg 768w, https:\/\/provence-mediterranee.prep.faire-savoir.eu\/assets\/uploads\/2024\/04\/six-fours-les-embiez-saint-mandrier-1536x1152.jpg 1536w, https:\/\/provence-mediterranee.prep.faire-savoir.eu\/assets\/uploads\/2024\/04\/six-fours-les-embiez-saint-mandrier.jpg 1920w\" sizes=\"auto, (max-width: 1200px) 100vw, 1200px\" \/><figcaption class=\"wp-element-caption\">A world away from time<\/figcaption><\/figure>\n<\/div>\n\n\n\n<div class=\"wp-block-column is-vertically-aligned-center pattern-text-image__content is-layout-flow wp-block-column-is-layout-flow\" style=\"flex-basis:33%\">\n<h2 class=\"wp-block-heading\"><strong>A village around the port<\/strong><\/h2>\n\n\n\n<p>Time seems to stand still in the marina. Whether you&#8217;re sitting on a caf\u00e9 terrace, at the Saturday morning market or returning from a fishing trip, your conversations with the locals are sure to capture the spirit of the village. A haven of serenity, like the atypical Franco-Italian cemetery and its pyramid, Saint-Mandrier comes alive all year round: garage sales, designer markets, giant bouillabaisse&#8230;<\/p>\n\n\n\n<div class=\"wp-block-buttons is-layout-flex wp-block-buttons-is-layout-flex\">\n<div class=\"wp-block-button\"><a class=\"wp-block-button__link wp-element-button\" href=\"https:\/\/provence-mediterranee.prep.faire-savoir.eu\/en\/toulon-la-seyne\/our-must-haves\/the-port-of-saint-mandrier\/\" target=\"_blank\" rel=\"noreferrer noopener\"><kbd>Stroll along the port<\/kbd><\/a><\/div>\n<\/div>\n<\/div>\n<\/div>\n<\/section>\n\n<section class=\"wp-block-group alignfull pattern-text-image has-global-padding is-layout-constrained wp-block-group-is-layout-constrained\">\n<div class=\"wp-block-columns alignwide are-vertically-aligned-center is-layout-flex wp-container-core-columns-is-layout-28f84493 wp-block-columns-is-layout-flex\">\n<div class=\"wp-block-column is-vertically-aligned-center pattern-text-image__content is-layout-flow wp-block-column-is-layout-flow\" style=\"flex-basis:33%\">\n<h2 class=\"wp-block-heading\"><strong>The coastal path in Saint-Mandrier<\/strong><\/h2>\n\n\n\n<p><a href=\"https:\/\/provence-mediterranee.prep.faire-savoir.eu\/en\/activites\/hiking-on-the-shoreline-trail-in-saint-mandrier\/\" target=\"_blank\" rel=\"noreferrer noopener\">Saint-Mandrier&#8217;s coastal path<\/a>, formerly known as the &#8220;sentier des douaniers&#8221;, links the village to Saint-Asile beach. As you hike along the seafront, you&#8217;ll alternate between balcony or forest passages, and privileged views of the Deux Fr\u00e8res rocks, <a href=\"https:\/\/provence-mediterranee.prep.faire-savoir.eu\/en\/toulon-la-seyne\/la-seyne-sur-mer\/the-cap-sicie-massif\/\" target=\"_blank\" rel=\"noreferrer noopener\">Cap Sici\u00e9<\/a> and <a href=\"https:\/\/provence-mediterranee.prep.faire-savoir.eu\/en\/toulon-la-seyne\/our-must-haves\/the-harbour-and-naval-base\/\" target=\"_blank\" rel=\"noreferrer noopener\">Toulon&#8217;s harbour<\/a>.<\/p>\n<\/div>\n\n\n\n<div class=\"wp-block-column is-vertically-aligned-center pattern-text-image__media is-layout-flow wp-block-column-is-layout-flow\" style=\"flex-basis:67%\">\n<figure class=\"wp-block-image size-large\"><img loading=\"lazy\" decoding=\"async\" width=\"1200\" height=\"900\" src=\"https:\/\/provence-mediterranee.prep.faire-savoir.eu\/assets\/uploads\/2024\/04\/vivre-la-provence-paysages-dexception-sentiers-du-littoral-a2-2-1200x900.jpg\" alt=\"\" class=\"wp-image-15377\" srcset=\"https:\/\/provence-mediterranee.prep.faire-savoir.eu\/assets\/uploads\/2024\/04\/vivre-la-provence-paysages-dexception-sentiers-du-littoral-a2-2-1200x900.jpg 1200w, https:\/\/provence-mediterranee.prep.faire-savoir.eu\/assets\/uploads\/2024\/04\/vivre-la-provence-paysages-dexception-sentiers-du-littoral-a2-2-800x600.jpg 800w, https:\/\/provence-mediterranee.prep.faire-savoir.eu\/assets\/uploads\/2024\/04\/vivre-la-provence-paysages-dexception-sentiers-du-littoral-a2-2-520x390.jpg 520w, https:\/\/provence-mediterranee.prep.faire-savoir.eu\/assets\/uploads\/2024\/04\/vivre-la-provence-paysages-dexception-sentiers-du-littoral-a2-2-768x576.jpg 768w, https:\/\/provence-mediterranee.prep.faire-savoir.eu\/assets\/uploads\/2024\/04\/vivre-la-provence-paysages-dexception-sentiers-du-littoral-a2-2-1536x1152.jpg 1536w, https:\/\/provence-mediterranee.prep.faire-savoir.eu\/assets\/uploads\/2024\/04\/vivre-la-provence-paysages-dexception-sentiers-du-littoral-a2-2.jpg 1920w\" sizes=\"auto, (max-width: 1200px) 100vw, 1200px\" \/><figcaption class=\"wp-element-caption\">The Saint-Asile pine forest, the Deux-Fr\u00e8res rocks in the distance<\/figcaption><\/figure>\n<\/div>\n<\/div>\n<\/section>\n\n<section class=\"wp-block-group alignfull pattern-link-mosaic has-global-padding is-layout-constrained wp-block-group-is-layout-constrained\">\n<div class=\"wp-block-group alignwide is-content-justification-left is-layout-flow wp-block-group-is-layout-flow\">\t<div class=\"fsgb-block-link-mosaic is-style-micro-cards\">\n\n\t\t\t\t\n\t\t\t\t\t\t\t\t\t\t\t\t\t\t\t\t\t\t\t\t\t<article class=\"card card--page stretched-link card--link-mosaic stack\" >\n\t\t\t\t\t<div class=\"card__thumbnail has-middleground-background-color stack\">\n\t\t\t\t\t\t\t\t<figure><img loading=\"lazy\" decoding=\"async\" width=\"1920\" height=\"1080\" src=\"https:\/\/provence-mediterranee.prep.faire-savoir.eu\/assets\/uploads\/2024\/04\/homepage-hebergement-ville.jpg\" class=\"attachment-full size-full\" alt=\"o\u00f9 se loger provence m\u00e9diterran\u00e9e\" srcset=\"https:\/\/provence-mediterranee.prep.faire-savoir.eu\/assets\/uploads\/2024\/04\/homepage-hebergement-ville.jpg 1920w, https:\/\/provence-mediterranee.prep.faire-savoir.eu\/assets\/uploads\/2024\/04\/homepage-hebergement-ville-800x450.jpg 800w, https:\/\/provence-mediterranee.prep.faire-savoir.eu\/assets\/uploads\/2024\/04\/homepage-hebergement-ville-1200x675.jpg 1200w, https:\/\/provence-mediterranee.prep.faire-savoir.eu\/assets\/uploads\/2024\/04\/homepage-hebergement-ville-520x293.jpg 520w, https:\/\/provence-mediterranee.prep.faire-savoir.eu\/assets\/uploads\/2024\/04\/homepage-hebergement-ville-768x432.jpg 768w, https:\/\/provence-mediterranee.prep.faire-savoir.eu\/assets\/uploads\/2024\/04\/homepage-hebergement-ville-1536x864.jpg 1536w\" sizes=\"auto, (max-width: 1920px) 100vw, 1920px\" \/><\/figure>\t\t\t\t\t\t\t\t<div class=\"on-hover\"><\/div>\n\t\t\t<\/div>\n\t\t\n\t\t<div class=\"card__content\">\n\t\t\t\t\t\t\n\t\t\t\t\t\t<h3 class=\"title wp-block-heading\">\n\t\t\t\t\t\t\t\t\t<a href=\"https:\/\/provence-mediterranee.prep.faire-savoir.eu\/en\/our-12-destinations\/saint-mandrier-sur-mer\/accommodation-in-saint-mandrier-sur-mer\/\" target=\"_blank\">Accommodation Saint-Mandrier<\/a>\t\t\t\t\t\t\t<\/h3>\n\n\t\t\t\t\t\t\n\t\t\t\t\t\t\t\t\t\n\t\t\t\t\t\t\n\t\t\t\t\t\t\n\t\t\t\t\t\t\n\t\t\t\t\t\t\n\t\t\t\t\t\t\n\t\t\t\t\t\t\n\t\t\t\t\t\t\t\t\t\n\t\t<\/div>\n\t<\/article>\n\t\t\t\t\t\t\t\t\t\t\t\t\t\t\t\t\t\t\t\t\t\t\t\t\t\t\t\t\t\t\t\t\t\t<article class=\"card card--page stretched-link card--link-mosaic stack\" >\n\t\t\t\t\t<div class=\"card__thumbnail has-middleground-background-color stack\">\n\t\t\t\t\t\t\t\t<figure><img loading=\"lazy\" decoding=\"async\" width=\"1920\" height=\"1080\" src=\"https:\/\/provence-mediterranee.prep.faire-savoir.eu\/assets\/uploads\/2025\/10\/restaurants-saint-mandrier.jpg\" class=\"attachment-full size-full\" alt=\"\" srcset=\"https:\/\/provence-mediterranee.prep.faire-savoir.eu\/assets\/uploads\/2025\/10\/restaurants-saint-mandrier.jpg 1920w, https:\/\/provence-mediterranee.prep.faire-savoir.eu\/assets\/uploads\/2025\/10\/restaurants-saint-mandrier-800x450.jpg 800w, https:\/\/provence-mediterranee.prep.faire-savoir.eu\/assets\/uploads\/2025\/10\/restaurants-saint-mandrier-1200x675.jpg 1200w, https:\/\/provence-mediterranee.prep.faire-savoir.eu\/assets\/uploads\/2025\/10\/restaurants-saint-mandrier-520x293.jpg 520w, https:\/\/provence-mediterranee.prep.faire-savoir.eu\/assets\/uploads\/2025\/10\/restaurants-saint-mandrier-768x432.jpg 768w, https:\/\/provence-mediterranee.prep.faire-savoir.eu\/assets\/uploads\/2025\/10\/restaurants-saint-mandrier-1536x864.jpg 1536w\" sizes=\"auto, (max-width: 1920px) 100vw, 1920px\" \/><\/figure>\t\t\t\t\t\t\t\t<div class=\"on-hover\"><\/div>\n\t\t\t<\/div>\n\t\t\n\t\t<div class=\"card__content\">\n\t\t\t\t\t\t\n\t\t\t\t\t\t<h3 class=\"title wp-block-heading\">\n\t\t\t\t\t\t\t\t\t<a href=\"https:\/\/provence-mediterranee.prep.faire-savoir.eu\/en\/our-12-destinations\/saint-mandrier-sur-mer\/restaurants-of-saint-mandrier-sur-mer\/\">Restaurants Saint-Mandrier<\/a>\t\t\t\t\t\t\t<\/h3>\n\n\t\t\t\t\t\t\n\t\t\t\t\t\t\t\t\t\n\t\t\t\t\t\t\n\t\t\t\t\t\t\n\t\t\t\t\t\t\n\t\t\t\t\t\t\n\t\t\t\t\t\t\n\t\t\t\t\t\t\n\t\t\t\t\t\t\t\t\t\n\t\t<\/div>\n\t<\/article>\n\t\t\t\t\t\t\t\t\t\t\t\t\t\t\t\t\t\t\t\t\t\t\t\t\t\t\t\t\t\t\t\t\t\t<article class=\"card card--page stretched-link card--link-mosaic stack\" >\n\t\t\t\t\t<div class=\"card__thumbnail has-middleground-background-color stack\">\n\t\t\t\t\t\t\t\t<figure><img loading=\"lazy\" decoding=\"async\" width=\"1920\" height=\"1080\" src=\"https:\/\/provence-mediterranee.prep.faire-savoir.eu\/assets\/uploads\/2025\/10\/agendasaintmandriersurmer.jpg\" class=\"attachment-full size-full\" alt=\"\" srcset=\"https:\/\/provence-mediterranee.prep.faire-savoir.eu\/assets\/uploads\/2025\/10\/agendasaintmandriersurmer.jpg 1920w, https:\/\/provence-mediterranee.prep.faire-savoir.eu\/assets\/uploads\/2025\/10\/agendasaintmandriersurmer-800x450.jpg 800w, https:\/\/provence-mediterranee.prep.faire-savoir.eu\/assets\/uploads\/2025\/10\/agendasaintmandriersurmer-1200x675.jpg 1200w, https:\/\/provence-mediterranee.prep.faire-savoir.eu\/assets\/uploads\/2025\/10\/agendasaintmandriersurmer-520x293.jpg 520w, https:\/\/provence-mediterranee.prep.faire-savoir.eu\/assets\/uploads\/2025\/10\/agendasaintmandriersurmer-768x432.jpg 768w, https:\/\/provence-mediterranee.prep.faire-savoir.eu\/assets\/uploads\/2025\/10\/agendasaintmandriersurmer-1536x864.jpg 1536w\" sizes=\"auto, (max-width: 1920px) 100vw, 1920px\" \/><\/figure>\t\t\t\t\t\t\t\t<div class=\"on-hover\"><\/div>\n\t\t\t<\/div>\n\t\t\n\t\t<div class=\"card__content\">\n\t\t\t\t\t\t\n\t\t\t\t\t\t<h3 class=\"title wp-block-heading\">\n\t\t\t\t\t\t\t\t\t<a href=\"https:\/\/provence-mediterranee.prep.faire-savoir.eu\/en\/saint-mandrier-sur-mers-events\/\" target=\"_blank\">Events Saint-Mandrier<\/a>\t\t\t\t\t\t\t<\/h3>\n\n\t\t\t\t\t\t\n\t\t\t\t\t\t\t\t\t\n\t\t\t\t\t\t\n\t\t\t\t\t\t\n\t\t\t\t\t\t\n\t\t\t\t\t\t\n\t\t\t\t\t\t\n\t\t\t\t\t\t\n\t\t\t\t\t\t\t\t\t\n\t\t<\/div>\n\t<\/article>\n\t\t\t\t\t\t\t\t\t\t\t\t\t\t\t\t\t\t\t\t\t\t\t\t\t\t\t\t\t\t\t\t\t\t<article class=\"card card--page stretched-link card--link-mosaic stack\" >\n\t\t\t\t\t<div class=\"card__thumbnail has-middleground-background-color stack\">\n\t\t\t\t\t\t\t\t<figure><img loading=\"lazy\" decoding=\"async\" width=\"1920\" height=\"1080\" src=\"https:\/\/provence-mediterranee.prep.faire-savoir.eu\/assets\/uploads\/2024\/08\/sit-plage-a-remplacerjpg.jpg\" class=\"attachment-full size-full\" alt=\"\" srcset=\"https:\/\/provence-mediterranee.prep.faire-savoir.eu\/assets\/uploads\/2024\/08\/sit-plage-a-remplacerjpg.jpg 1920w, https:\/\/provence-mediterranee.prep.faire-savoir.eu\/assets\/uploads\/2024\/08\/sit-plage-a-remplacerjpg-800x450.jpg 800w, https:\/\/provence-mediterranee.prep.faire-savoir.eu\/assets\/uploads\/2024\/08\/sit-plage-a-remplacerjpg-1200x675.jpg 1200w, https:\/\/provence-mediterranee.prep.faire-savoir.eu\/assets\/uploads\/2024\/08\/sit-plage-a-remplacerjpg-520x293.jpg 520w, https:\/\/provence-mediterranee.prep.faire-savoir.eu\/assets\/uploads\/2024\/08\/sit-plage-a-remplacerjpg-768x432.jpg 768w, https:\/\/provence-mediterranee.prep.faire-savoir.eu\/assets\/uploads\/2024\/08\/sit-plage-a-remplacerjpg-1536x864.jpg 1536w\" sizes=\"auto, (max-width: 1920px) 100vw, 1920px\" \/><\/figure>\t\t\t\t\t\t\t\t<div class=\"on-hover\"><\/div>\n\t\t\t<\/div>\n\t\t\n\t\t<div class=\"card__content\">\n\t\t\t\t\t\t\n\t\t\t\t\t\t<h3 class=\"title wp-block-heading\">\n\t\t\t\t\t\t\t\t\t<a href=\"https:\/\/provence-mediterranee.prep.faire-savoir.eu\/en\/living-provence\/holidays-by-the-sea\/all-beaches\/?_commune=saint-mandrier-sur-mer\" target=\"_blank\">Beaches Saint-Mandrier<\/a>\t\t\t\t\t\t\t<\/h3>\n\n\t\t\t\t\t\t\n\t\t\t\t\t\t\t\t\t\n\t\t\t\t\t\t\n\t\t\t\t\t\t\n\t\t\t\t\t\t\n\t\t\t\t\t\t\n\t\t\t\t\t\t\n\t\t\t\t\t\t\n\t\t\t\t\t\t\t\t\t\n\t\t<\/div>\n\t<\/article>\n\t\t\t\t\t\t\t\t\t\t\t\t\t\t\t\t\t\t\n\t\t\t\t\t\t\t\t\t\t\t<\/div>\n\n<\/div>\n<\/section>\n\n<section class=\"wp-block-group alignfull pattern-text-image has-global-padding is-layout-constrained wp-block-group-is-layout-constrained\">\n<div class=\"wp-block-columns alignwide are-vertically-aligned-center is-layout-flex wp-container-core-columns-is-layout-28f84493 wp-block-columns-is-layout-flex\">\n<div class=\"wp-block-column is-vertically-aligned-center pattern-text-image__media is-layout-flow wp-block-column-is-layout-flow\" style=\"flex-basis:67%\">\n<figure class=\"wp-block-image size-large\"><img loading=\"lazy\" decoding=\"async\" width=\"1200\" height=\"900\" src=\"https:\/\/provence-mediterranee.prep.faire-savoir.eu\/assets\/uploads\/2024\/04\/toulon-la-seyne-les-incontournable-port-saint-mandrier-photo-full-page-1200x900.jpg\" alt=\"\" class=\"wp-image-21128\" srcset=\"https:\/\/provence-mediterranee.prep.faire-savoir.eu\/assets\/uploads\/2024\/04\/toulon-la-seyne-les-incontournable-port-saint-mandrier-photo-full-page-1200x900.jpg 1200w, https:\/\/provence-mediterranee.prep.faire-savoir.eu\/assets\/uploads\/2024\/04\/toulon-la-seyne-les-incontournable-port-saint-mandrier-photo-full-page-800x600.jpg 800w, https:\/\/provence-mediterranee.prep.faire-savoir.eu\/assets\/uploads\/2024\/04\/toulon-la-seyne-les-incontournable-port-saint-mandrier-photo-full-page-520x390.jpg 520w, https:\/\/provence-mediterranee.prep.faire-savoir.eu\/assets\/uploads\/2024\/04\/toulon-la-seyne-les-incontournable-port-saint-mandrier-photo-full-page-768x576.jpg 768w, https:\/\/provence-mediterranee.prep.faire-savoir.eu\/assets\/uploads\/2024\/04\/toulon-la-seyne-les-incontournable-port-saint-mandrier-photo-full-page-1536x1152.jpg 1536w, https:\/\/provence-mediterranee.prep.faire-savoir.eu\/assets\/uploads\/2024\/04\/toulon-la-seyne-les-incontournable-port-saint-mandrier-photo-full-page.jpg 1920w\" sizes=\"auto, (max-width: 1200px) 100vw, 1200px\" \/><figcaption class=\"wp-element-caption\">From the heights of Saint-Mandrier, a sublime view of the bay<\/figcaption><\/figure>\n<\/div>\n\n\n\n<div class=\"wp-block-column is-vertically-aligned-center pattern-text-image__content is-layout-flow wp-block-column-is-layout-flow\" style=\"flex-basis:33%\">\n<h2 class=\"wp-block-heading\"><strong><strong>A sea and forest duo for your vacation<\/strong><\/strong><\/h2>\n\n\n\n<p>On the edge of the Saint-Mandrier peninsula, Pin Rolland is appreciated for its privileged location between sea and forest. Just a stone&#8217;s throw from your campsite or rental property, this small hamlet offers everything you could wish for a successful vacation: a beautiful sandy beach for relaxing moments, water sports activities, hiking trails, and a pine forest with century-old trees for shady picnics or lively games of &#8220;p\u00e9tanque&#8221; (bowls).<\/p>\n<\/div>\n<\/div>\n<\/section>\n\n<section class=\"wp-block-group alignfull pattern-text-image has-global-padding is-layout-constrained wp-block-group-is-layout-constrained\">\n<div class=\"wp-block-columns alignwide are-vertically-aligned-center is-layout-flex wp-container-core-columns-is-layout-28f84493 wp-block-columns-is-layout-flex\">\n<div class=\"wp-block-column is-vertically-aligned-center pattern-text-image__content is-layout-flow wp-block-column-is-layout-flow\" style=\"flex-basis:33%\">\n<h2 class=\"wp-block-heading\"><strong>Proven\u00e7al jousting<\/strong><\/h2>\n\n\n\n<p>On the port, two boats have a strange silhouette: they are those of the Mandrean jousters. Modern knights carrying on the tradition, armed with wooden spears, they challenge their opponents to sensational nautical battles. In summer, bet on who will be the first to fall in the water!<\/p>\n<\/div>\n\n\n\n<div class=\"wp-block-column is-vertically-aligned-center pattern-text-image__media is-layout-flow wp-block-column-is-layout-flow\" style=\"flex-basis:67%\">\n<figure class=\"wp-block-image size-large\"><img loading=\"lazy\" decoding=\"async\" width=\"1200\" height=\"900\" src=\"https:\/\/provence-mediterranee.prep.faire-savoir.eu\/assets\/uploads\/2024\/07\/12-communes-saint-mandrier-joutes-provencalesjpg-1200x900.jpg\" alt=\"\" class=\"wp-image-36487\" srcset=\"https:\/\/provence-mediterranee.prep.faire-savoir.eu\/assets\/uploads\/2024\/07\/12-communes-saint-mandrier-joutes-provencalesjpg-1200x900.jpg 1200w, https:\/\/provence-mediterranee.prep.faire-savoir.eu\/assets\/uploads\/2024\/07\/12-communes-saint-mandrier-joutes-provencalesjpg-800x600.jpg 800w, https:\/\/provence-mediterranee.prep.faire-savoir.eu\/assets\/uploads\/2024\/07\/12-communes-saint-mandrier-joutes-provencalesjpg-520x390.jpg 520w, https:\/\/provence-mediterranee.prep.faire-savoir.eu\/assets\/uploads\/2024\/07\/12-communes-saint-mandrier-joutes-provencalesjpg-768x576.jpg 768w, https:\/\/provence-mediterranee.prep.faire-savoir.eu\/assets\/uploads\/2024\/07\/12-communes-saint-mandrier-joutes-provencalesjpg-1536x1152.jpg 1536w, https:\/\/provence-mediterranee.prep.faire-savoir.eu\/assets\/uploads\/2024\/07\/12-communes-saint-mandrier-joutes-provencalesjpg.jpg 1920w\" sizes=\"auto, (max-width: 1200px) 100vw, 1200px\" \/><figcaption class=\"wp-element-caption\">A nautical battle not to be missed in summer<\/figcaption><\/figure>\n<\/div>\n<\/div>\n<\/section>\n","protected":false},"excerpt":{"rendered":"<p>A haven of peace at the end of the metropolis Nestling at the bottom of the Creux de Saint-Georges, Saint-Mandrier-sur-Mer, nicknamed the charming peninsula, has preserved its fishing village soul. In its port, sheltered from all winds in Toulon&#8217;s harbor, traditional fishing boats rub shoulders with modern sailboats. The Pin Rolland district, popular for its [&hellip;]<\/p>\n","protected":false},"author":4,"featured_media":101873,"parent":35820,"menu_order":80,"comment_status":"closed","ping_status":"closed","template":"templates\/municipality.php","meta":{"_acf_changed":false,"footnotes":"","_links_to":"","_links_to_target":""},"class_list":["post-35808","page","type-page","status-publish","has-post-thumbnail","hentry"],"acf":[],"_links":{"self":[{"href":"https:\/\/provence-mediterranee.prep.faire-savoir.eu\/en\/wp-json\/wp\/v2\/pages\/35808","targetHints":{"allow":["GET"]}}],"collection":[{"href":"https:\/\/provence-mediterranee.prep.faire-savoir.eu\/en\/wp-json\/wp\/v2\/pages"}],"about":[{"href":"https:\/\/provence-mediterranee.prep.faire-savoir.eu\/en\/wp-json\/wp\/v2\/types\/page"}],"author":[{"embeddable":true,"href":"https:\/\/provence-mediterranee.prep.faire-savoir.eu\/en\/wp-json\/wp\/v2\/users\/4"}],"replies":[{"embeddable":true,"href":"https:\/\/provence-mediterranee.prep.faire-savoir.eu\/en\/wp-json\/wp\/v2\/comments?post=35808"}],"version-history":[{"count":5,"href":"https:\/\/provence-mediterranee.prep.faire-savoir.eu\/en\/wp-json\/wp\/v2\/pages\/35808\/revisions"}],"predecessor-version":[{"id":54305,"href":"https:\/\/provence-mediterranee.prep.faire-savoir.eu\/en\/wp-json\/wp\/v2\/pages\/35808\/revisions\/54305"}],"up":[{"embeddable":true,"href":"https:\/\/provence-mediterranee.prep.faire-savoir.eu\/en\/wp-json\/wp\/v2\/pages\/35820"}],"wp:featuredmedia":[{"embeddable":true,"href":"https:\/\/provence-mediterranee.prep.faire-savoir.eu\/en\/wp-json\/wp\/v2\/media\/101873"}],"wp:attachment":[{"href":"https:\/\/provence-mediterranee.prep.faire-savoir.eu\/en\/wp-json\/wp\/v2\/media?parent=35808"}],"curies":[{"name":"wp","href":"https:\/\/api.w.org\/{rel}","templated":true}]}}