{"id":34926,"date":"2024-04-03T10:11:07","date_gmt":"2024-04-03T08:11:07","guid":{"rendered":"https:\/\/provence-mediterranee.prep.faire-savoir.eu\/hotels\/"},"modified":"2024-07-12T08:46:04","modified_gmt":"2024-07-12T06:46:04","slug":"hotels","status":"publish","type":"page","link":"https:\/\/provence-mediterranee.prep.faire-savoir.eu\/en\/prepare-my-visit\/accommodation\/hotels\/","title":{"rendered":"Hotels"},"content":{"rendered":"","protected":false},"excerpt":{"rendered":"","protected":false},"author":1,"featured_media":22788,"parent":35980,"menu_order":0,"comment_status":"closed","ping_status":"closed","template":"templates\/listing.php","meta":{"_acf_changed":false,"footnotes":"","_links_to":"","_links_to_target":""},"class_list":["post-34926","page","type-page","status-publish","has-post-thumbnail","hentry"],"acf":[],"yoast_head":"<!-- This site is optimized with the Yoast SEO plugin v26.4 - https:\/\/yoast.com\/wordpress\/plugins\/seo\/ -->\n<title>Hotels | Provence M\u00e9diterran\u00e9e<\/title>\n<meta name=\"description\" content=\"Between Toulon, Hy\u00e8res, Six-Fours, La Seyne, La Valette...more than 80 hotels from 1 to 5 stars welcome you all year round. More infos\" \/>\n<meta name=\"robots\" content=\"index, follow, max-snippet:-1, max-image-preview:large, max-video-preview:-1\" \/>\n<link rel=\"canonical\" href=\"https:\/\/provence-mediterranee.prep.faire-savoir.eu\/en\/prepare-my-visit\/accommodation\/hotels\/\" \/>\n<meta property=\"og:locale\" content=\"en_US\" \/>\n<meta property=\"og:type\" content=\"article\" \/>\n<meta property=\"og:title\" content=\"Hotels | Provence M\u00e9diterran\u00e9e\" \/>\n<meta property=\"og:description\" content=\"Between Toulon, Hy\u00e8res, Six-Fours, La Seyne, La Valette...more than 80 hotels from 1 to 5 stars welcome you all year round. More infos\" \/>\n<meta property=\"og:url\" content=\"https:\/\/provence-mediterranee.prep.faire-savoir.eu\/en\/prepare-my-visit\/accommodation\/hotels\/\" \/>\n<meta property=\"og:site_name\" content=\"Provence M\u00e9diterran\u00e9e | Site officiel de l&#039;Office de Tourisme\" \/>\n<meta property=\"article:publisher\" content=\"https:\/\/www.facebook.com\/provencemed\" \/>\n<meta property=\"article:modified_time\" content=\"2024-07-12T06:46:04+00:00\" \/>\n<meta property=\"og:image\" content=\"https:\/\/provence-mediterranee.prep.faire-savoir.eu\/assets\/uploads\/2024\/04\/hotels-1920.jpg\" \/>\n\t<meta property=\"og:image:width\" content=\"1920\" \/>\n\t<meta property=\"og:image:height\" content=\"1080\" \/>\n\t<meta property=\"og:image:type\" content=\"image\/jpeg\" \/>\n<meta name=\"twitter:card\" content=\"summary_large_image\" \/>\n<script type=\"application\/ld+json\" class=\"yoast-schema-graph\">{\"@context\":\"https:\/\/schema.org\",\"@graph\":[{\"@type\":\"WebPage\",\"@id\":\"https:\/\/provence-mediterranee.prep.faire-savoir.eu\/en\/prepare-my-visit\/accommodation\/hotels\/\",\"url\":\"https:\/\/provence-mediterranee.prep.faire-savoir.eu\/en\/prepare-my-visit\/accommodation\/hotels\/\",\"name\":\"Hotels | Provence M\u00e9diterran\u00e9e\",\"isPartOf\":{\"@id\":\"https:\/\/provence-mediterranee.prep.faire-savoir.eu\/en\/#website\"},\"primaryImageOfPage\":{\"@id\":\"https:\/\/provence-mediterranee.prep.faire-savoir.eu\/en\/prepare-my-visit\/accommodation\/hotels\/#primaryimage\"},\"image\":{\"@id\":\"https:\/\/provence-mediterranee.prep.faire-savoir.eu\/en\/prepare-my-visit\/accommodation\/hotels\/#primaryimage\"},\"thumbnailUrl\":\"https:\/\/provence-mediterranee.prep.faire-savoir.eu\/assets\/uploads\/2024\/04\/hotels-1920.jpg\",\"datePublished\":\"2024-04-03T08:11:07+00:00\",\"dateModified\":\"2024-07-12T06:46:04+00:00\",\"description\":\"Between Toulon, Hy\u00e8res, Six-Fours, La Seyne, La Valette...more than 80 hotels from 1 to 5 stars welcome you all year round. More infos\",\"breadcrumb\":{\"@id\":\"https:\/\/provence-mediterranee.prep.faire-savoir.eu\/en\/prepare-my-visit\/accommodation\/hotels\/#breadcrumb\"},\"inLanguage\":\"en-US\",\"potentialAction\":[{\"@type\":\"ReadAction\",\"target\":[\"https:\/\/provence-mediterranee.prep.faire-savoir.eu\/en\/prepare-my-visit\/accommodation\/hotels\/\"]}]},{\"@type\":\"ImageObject\",\"inLanguage\":\"en-US\",\"@id\":\"https:\/\/provence-mediterranee.prep.faire-savoir.eu\/en\/prepare-my-visit\/accommodation\/hotels\/#primaryimage\",\"url\":\"https:\/\/provence-mediterranee.prep.faire-savoir.eu\/assets\/uploads\/2024\/04\/hotels-1920.jpg\",\"contentUrl\":\"https:\/\/provence-mediterranee.prep.faire-savoir.eu\/assets\/uploads\/2024\/04\/hotels-1920.jpg\",\"width\":1920,\"height\":1080},{\"@type\":\"BreadcrumbList\",\"@id\":\"https:\/\/provence-mediterranee.prep.faire-savoir.eu\/en\/prepare-my-visit\/accommodation\/hotels\/#breadcrumb\",\"itemListElement\":[{\"@type\":\"ListItem\",\"position\":1,\"name\":\"Accueil\",\"item\":\"https:\/\/provence-mediterranee.prep.faire-savoir.eu\/en\/home\/\"},{\"@type\":\"ListItem\",\"position\":2,\"name\":\"Prepare my visit\",\"item\":\"https:\/\/provence-mediterranee.prep.faire-savoir.eu\/en\/prepare-my-visit\/\"},{\"@type\":\"ListItem\",\"position\":3,\"name\":\"Accommodation\",\"item\":\"https:\/\/provence-mediterranee.prep.faire-savoir.eu\/en\/prepare-my-visit\/accommodation\/\"},{\"@type\":\"ListItem\",\"position\":4,\"name\":\"Hotels\"}]},{\"@type\":\"WebSite\",\"@id\":\"https:\/\/provence-mediterranee.prep.faire-savoir.eu\/en\/#website\",\"url\":\"https:\/\/provence-mediterranee.prep.faire-savoir.eu\/en\/\",\"name\":\"Provence M\u00e9diterran\u00e9e | Site officiel de l'Office de Tourisme\",\"description\":\"\",\"publisher\":{\"@id\":\"https:\/\/provence-mediterranee.prep.faire-savoir.eu\/en\/#organization\"},\"potentialAction\":[{\"@type\":\"SearchAction\",\"target\":{\"@type\":\"EntryPoint\",\"urlTemplate\":\"https:\/\/provence-mediterranee.prep.faire-savoir.eu\/en\/?s={search_term_string}\"},\"query-input\":{\"@type\":\"PropertyValueSpecification\",\"valueRequired\":true,\"valueName\":\"search_term_string\"}}],\"inLanguage\":\"en-US\"},{\"@type\":\"Organization\",\"@id\":\"https:\/\/provence-mediterranee.prep.faire-savoir.eu\/en\/#organization\",\"name\":\"Provence M\u00e9diterran\u00e9e\",\"url\":\"https:\/\/provence-mediterranee.prep.faire-savoir.eu\/en\/\",\"logo\":{\"@type\":\"ImageObject\",\"inLanguage\":\"en-US\",\"@id\":\"https:\/\/provence-mediterranee.prep.faire-savoir.eu\/en\/#\/schema\/logo\/image\/\",\"url\":\"https:\/\/provence-mediterranee.prep.faire-savoir.eu\/assets\/uploads\/2025\/03\/provence-mediterranee.svg\",\"contentUrl\":\"https:\/\/provence-mediterranee.prep.faire-savoir.eu\/assets\/uploads\/2025\/03\/provence-mediterranee.svg\",\"width\":586,\"height\":243,\"caption\":\"Provence M\u00e9diterran\u00e9e\"},\"image\":{\"@id\":\"https:\/\/provence-mediterranee.prep.faire-savoir.eu\/en\/#\/schema\/logo\/image\/\"},\"sameAs\":[\"https:\/\/www.facebook.com\/provencemed\",\"https:\/\/www.linkedin.com\/company\/provencemed\/\",\"https:\/\/www.instagram.com\/provence_med\",\"https:\/\/www.tiktok.com\/@provencemed\",\"https:\/\/www.youtube.com\/@provence_med\"]}]}<\/script>\n<!-- \/ Yoast SEO plugin. -->","yoast_head_json":{"title":"Hotels | Provence M\u00e9diterran\u00e9e","description":"Between Toulon, Hy\u00e8res, Six-Fours, La Seyne, La Valette...more than 80 hotels from 1 to 5 stars welcome you all year round. More infos","robots":{"index":"index","follow":"follow","max-snippet":"max-snippet:-1","max-image-preview":"max-image-preview:large","max-video-preview":"max-video-preview:-1"},"canonical":"https:\/\/provence-mediterranee.prep.faire-savoir.eu\/en\/prepare-my-visit\/accommodation\/hotels\/","og_locale":"en_US","og_type":"article","og_title":"Hotels | Provence M\u00e9diterran\u00e9e","og_description":"Between Toulon, Hy\u00e8res, Six-Fours, La Seyne, La Valette...more than 80 hotels from 1 to 5 stars welcome you all year round. More infos","og_url":"https:\/\/provence-mediterranee.prep.faire-savoir.eu\/en\/prepare-my-visit\/accommodation\/hotels\/","og_site_name":"Provence M\u00e9diterran\u00e9e | Site officiel de l&#039;Office de Tourisme","article_publisher":"https:\/\/www.facebook.com\/provencemed","article_modified_time":"2024-07-12T06:46:04+00:00","og_image":[{"width":1920,"height":1080,"url":"https:\/\/provence-mediterranee.prep.faire-savoir.eu\/assets\/uploads\/2024\/04\/hotels-1920.jpg","type":"image\/jpeg"}],"twitter_card":"summary_large_image","schema":{"@context":"https:\/\/schema.org","@graph":[{"@type":"WebPage","@id":"https:\/\/provence-mediterranee.prep.faire-savoir.eu\/en\/prepare-my-visit\/accommodation\/hotels\/","url":"https:\/\/provence-mediterranee.prep.faire-savoir.eu\/en\/prepare-my-visit\/accommodation\/hotels\/","name":"Hotels | Provence M\u00e9diterran\u00e9e","isPartOf":{"@id":"https:\/\/provence-mediterranee.prep.faire-savoir.eu\/en\/#website"},"primaryImageOfPage":{"@id":"https:\/\/provence-mediterranee.prep.faire-savoir.eu\/en\/prepare-my-visit\/accommodation\/hotels\/#primaryimage"},"image":{"@id":"https:\/\/provence-mediterranee.prep.faire-savoir.eu\/en\/prepare-my-visit\/accommodation\/hotels\/#primaryimage"},"thumbnailUrl":"https:\/\/provence-mediterranee.prep.faire-savoir.eu\/assets\/uploads\/2024\/04\/hotels-1920.jpg","datePublished":"2024-04-03T08:11:07+00:00","dateModified":"2024-07-12T06:46:04+00:00","description":"Between Toulon, Hy\u00e8res, Six-Fours, La Seyne, La Valette...more than 80 hotels from 1 to 5 stars welcome you all year round. More infos","breadcrumb":{"@id":"https:\/\/provence-mediterranee.prep.faire-savoir.eu\/en\/prepare-my-visit\/accommodation\/hotels\/#breadcrumb"},"inLanguage":"en-US","potentialAction":[{"@type":"ReadAction","target":["https:\/\/provence-mediterranee.prep.faire-savoir.eu\/en\/prepare-my-visit\/accommodation\/hotels\/"]}]},{"@type":"ImageObject","inLanguage":"en-US","@id":"https:\/\/provence-mediterranee.prep.faire-savoir.eu\/en\/prepare-my-visit\/accommodation\/hotels\/#primaryimage","url":"https:\/\/provence-mediterranee.prep.faire-savoir.eu\/assets\/uploads\/2024\/04\/hotels-1920.jpg","contentUrl":"https:\/\/provence-mediterranee.prep.faire-savoir.eu\/assets\/uploads\/2024\/04\/hotels-1920.jpg","width":1920,"height":1080},{"@type":"BreadcrumbList","@id":"https:\/\/provence-mediterranee.prep.faire-savoir.eu\/en\/prepare-my-visit\/accommodation\/hotels\/#breadcrumb","itemListElement":[{"@type":"ListItem","position":1,"name":"Accueil","item":"https:\/\/provence-mediterranee.prep.faire-savoir.eu\/en\/home\/"},{"@type":"ListItem","position":2,"name":"Prepare my visit","item":"https:\/\/provence-mediterranee.prep.faire-savoir.eu\/en\/prepare-my-visit\/"},{"@type":"ListItem","position":3,"name":"Accommodation","item":"https:\/\/provence-mediterranee.prep.faire-savoir.eu\/en\/prepare-my-visit\/accommodation\/"},{"@type":"ListItem","position":4,"name":"Hotels"}]},{"@type":"WebSite","@id":"https:\/\/provence-mediterranee.prep.faire-savoir.eu\/en\/#website","url":"https:\/\/provence-mediterranee.prep.faire-savoir.eu\/en\/","name":"Provence M\u00e9diterran\u00e9e | Site officiel de l'Office de Tourisme","description":"","publisher":{"@id":"https:\/\/provence-mediterranee.prep.faire-savoir.eu\/en\/#organization"},"potentialAction":[{"@type":"SearchAction","target":{"@type":"EntryPoint","urlTemplate":"https:\/\/provence-mediterranee.prep.faire-savoir.eu\/en\/?s={search_term_string}"},"query-input":{"@type":"PropertyValueSpecification","valueRequired":true,"valueName":"search_term_string"}}],"inLanguage":"en-US"},{"@type":"Organization","@id":"https:\/\/provence-mediterranee.prep.faire-savoir.eu\/en\/#organization","name":"Provence M\u00e9diterran\u00e9e","url":"https:\/\/provence-mediterranee.prep.faire-savoir.eu\/en\/","logo":{"@type":"ImageObject","inLanguage":"en-US","@id":"https:\/\/provence-mediterranee.prep.faire-savoir.eu\/en\/#\/schema\/logo\/image\/","url":"https:\/\/provence-mediterranee.prep.faire-savoir.eu\/assets\/uploads\/2025\/03\/provence-mediterranee.svg","contentUrl":"https:\/\/provence-mediterranee.prep.faire-savoir.eu\/assets\/uploads\/2025\/03\/provence-mediterranee.svg","width":586,"height":243,"caption":"Provence M\u00e9diterran\u00e9e"},"image":{"@id":"https:\/\/provence-mediterranee.prep.faire-savoir.eu\/en\/#\/schema\/logo\/image\/"},"sameAs":["https:\/\/www.facebook.com\/provencemed","https:\/\/www.linkedin.com\/company\/provencemed\/","https:\/\/www.instagram.com\/provence_med","https:\/\/www.tiktok.com\/@provencemed","https:\/\/www.youtube.com\/@provence_med"]}]}},"_links":{"self":[{"href":"https:\/\/provence-mediterranee.prep.faire-savoir.eu\/en\/wp-json\/wp\/v2\/pages\/34926","targetHints":{"allow":["GET"]}}],"collection":[{"href":"https:\/\/provence-mediterranee.prep.faire-savoir.eu\/en\/wp-json\/wp\/v2\/pages"}],"about":[{"href":"https:\/\/provence-mediterranee.prep.faire-savoir.eu\/en\/wp-json\/wp\/v2\/types\/page"}],"author":[{"embeddable":true,"href":"https:\/\/provence-mediterranee.prep.faire-savoir.eu\/en\/wp-json\/wp\/v2\/users\/1"}],"replies":[{"embeddable":true,"href":"https:\/\/provence-mediterranee.prep.faire-savoir.eu\/en\/wp-json\/wp\/v2\/comments?post=34926"}],"version-history":[{"count":1,"href":"https:\/\/provence-mediterranee.prep.faire-savoir.eu\/en\/wp-json\/wp\/v2\/pages\/34926\/revisions"}],"predecessor-version":[{"id":36261,"href":"https:\/\/provence-mediterranee.prep.faire-savoir.eu\/en\/wp-json\/wp\/v2\/pages\/34926\/revisions\/36261"}],"up":[{"embeddable":true,"href":"https:\/\/provence-mediterranee.prep.faire-savoir.eu\/en\/wp-json\/wp\/v2\/pages\/35980"}],"wp:featuredmedia":[{"embeddable":true,"href":"https:\/\/provence-mediterranee.prep.faire-savoir.eu\/en\/wp-json\/wp\/v2\/media\/22788"}],"wp:attachment":[{"href":"https:\/\/provence-mediterranee.prep.faire-savoir.eu\/en\/wp-json\/wp\/v2\/media?parent=34926"}],"curies":[{"name":"wp","href":"https:\/\/api.w.org\/{rel}","templated":true}]}}