{"id":36372,"date":"2024-04-12T10:52:11","date_gmt":"2024-04-12T08:52:11","guid":{"rendered":"https:\/\/provence-mediterranee.prep.faire-savoir.eu\/hyeres-porquerolles\/porquerolles\/restaurants-in-porquerolles\/"},"modified":"2025-10-09T17:08:39","modified_gmt":"2025-10-09T15:08:39","slug":"restaurants-in-porquerolles","status":"publish","type":"page","link":"https:\/\/provence-mediterranee.prep.faire-savoir.eu\/de\/hyeres-porquerolles\/porquerolles\/restaurants-in-porquerolles\/","title":{"rendered":"Restaurants in Porquerolles"},"content":{"rendered":"\n<p>Ob Sie nun einen Salat, ein gastronomisches Essen oder nur ein Eis m\u00f6chten, in Porquerolles gibt es f\u00fcr jeden Geschmack und jedes Budget einen Tisch. In der entspannten Atmosph\u00e4re einer schattigen Terrasse oder an einem Sandstrand, der vom klaren Wasser des Mittelmeers umgeben ist, zaubern die K\u00fcchenchefs provenzalische Gerichte, in denen die leuchtenden Farben des frischen Gem\u00fcses mit den Aromen der Kr\u00e4uter der Provence wetteifern. In der Hochsaison wird eine Reservierung dringend empfohlen.<\/p>\n","protected":false},"excerpt":{"rendered":"<p>Ob Sie nun einen Salat, ein gastronomisches Essen oder nur ein Eis m\u00f6chten, in Porquerolles gibt es f\u00fcr jeden Geschmack und jedes Budget einen Tisch. In der entspannten Atmosph\u00e4re einer schattigen Terrasse oder an einem Sandstrand, der vom klaren Wasser des Mittelmeers umgeben ist, zaubern die K\u00fcchenchefs provenzalische Gerichte, in denen die leuchtenden Farben des [&hellip;]<\/p>\n","protected":false},"author":9,"featured_media":101723,"parent":36278,"menu_order":0,"comment_status":"closed","ping_status":"closed","template":"templates\/listing.php","meta":{"_acf_changed":false,"footnotes":"","_links_to":"","_links_to_target":""},"class_list":["post-36372","page","type-page","status-publish","has-post-thumbnail","hentry"],"acf":[],"_links":{"self":[{"href":"https:\/\/provence-mediterranee.prep.faire-savoir.eu\/de\/wp-json\/wp\/v2\/pages\/36372","targetHints":{"allow":["GET"]}}],"collection":[{"href":"https:\/\/provence-mediterranee.prep.faire-savoir.eu\/de\/wp-json\/wp\/v2\/pages"}],"about":[{"href":"https:\/\/provence-mediterranee.prep.faire-savoir.eu\/de\/wp-json\/wp\/v2\/types\/page"}],"author":[{"embeddable":true,"href":"https:\/\/provence-mediterranee.prep.faire-savoir.eu\/de\/wp-json\/wp\/v2\/users\/9"}],"replies":[{"embeddable":true,"href":"https:\/\/provence-mediterranee.prep.faire-savoir.eu\/de\/wp-json\/wp\/v2\/comments?post=36372"}],"version-history":[{"count":3,"href":"https:\/\/provence-mediterranee.prep.faire-savoir.eu\/de\/wp-json\/wp\/v2\/pages\/36372\/revisions"}],"predecessor-version":[{"id":44973,"href":"https:\/\/provence-mediterranee.prep.faire-savoir.eu\/de\/wp-json\/wp\/v2\/pages\/36372\/revisions\/44973"}],"up":[{"embeddable":true,"href":"https:\/\/provence-mediterranee.prep.faire-savoir.eu\/de\/wp-json\/wp\/v2\/pages\/36278"}],"wp:featuredmedia":[{"embeddable":true,"href":"https:\/\/provence-mediterranee.prep.faire-savoir.eu\/de\/wp-json\/wp\/v2\/media\/101723"}],"wp:attachment":[{"href":"https:\/\/provence-mediterranee.prep.faire-savoir.eu\/de\/wp-json\/wp\/v2\/media?parent=36372"}],"curies":[{"name":"wp","href":"https:\/\/api.w.org\/{rel}","templated":true}]}}