{"id":35878,"date":"2024-03-06T14:08:57","date_gmt":"2024-03-06T13:08:57","guid":{"rendered":"https:\/\/provence-mediterranee.prep.faire-savoir.eu\/unsere-12-gemeinden\/six-fours-les-plages\/"},"modified":"2024-11-08T08:34:12","modified_gmt":"2024-11-08T07:34:12","slug":"six-fours-les-plages","status":"publish","type":"page","link":"https:\/\/provence-mediterranee.prep.faire-savoir.eu\/de\/unsere-12-gemeinden\/six-fours-les-plages\/","title":{"rendered":"Six-Fours les plages"},"content":{"rendered":"\n<section class=\"wp-block-group alignfull pattern-text-image--map has-global-padding is-layout-constrained wp-block-group-is-layout-constrained\">\n<div class=\"wp-block-columns are-vertically-aligned-center is-layout-flex wp-container-core-columns-is-layout-28f84493 wp-block-columns-is-layout-flex\">\n<div class=\"wp-block-column is-vertically-aligned-center pattern-text-image--map__content is-layout-flow wp-block-column-is-layout-flow\">\n<h2 class=\"wp-block-heading\"><strong>Sportgeist auf See und an Land<\/strong><\/h2>\n\n\n\n<p>Six Fours-les-Plages kombiniert eine reiche kulturelle Vergangenheit, 18 Kilometer K\u00fcste und <a href=\"https:\/\/provence-mediterranee.prep.faire-savoir.eu\/de\/toulon-la-seyne\/la-seyne-sur-mer\/das-massiv-von-cap-sicie\/\" target=\"_blank\" rel=\"noreferrer noopener\">das Massiv von Cap Sici\u00e9<\/a>. Fr\u00fcher bestand es aus bis zu 120 Weilern. Heute sind es die Viertel Les L\u00f4nes, in der N\u00e4he von Sanary, La Coudouli\u00e8re, <a href=\"https:\/\/provence-mediterranee.prep.faire-savoir.eu\/de\/six-fours-les-embiez\/unsere-must-haves-2\/le-brusc\/\" target=\"_blank\" rel=\"noreferrer noopener\">Le Brusc<\/a> und <a href=\"https:\/\/provence-mediterranee.prep.faire-savoir.eu\/de\/six-fours-les-embiez\/insel-gaou\/\" target=\"_blank\" rel=\"noreferrer noopener\">die Halbinsel Gaou<\/a>, die die Urlauber gl\u00fccklich machen. Wenn Sie gerne wandern oder Wassersport betreiben, ist Six Fours-les-Plages das ideale Reiseziel f\u00fcr Sie. Und wenn Sie Lust auf Robinson haben, schiffen Sie sich nach Les Embiez ein, einem unber\u00fchrten Inselparadies, das nur 10 Minuten mit dem Boot vom Festland entfernt liegt und ideal ist, um sich zu erholen.<\/p>\n<\/div>\n\n\n\n<div class=\"wp-block-column is-vertically-aligned-center pattern-text-image--map__media is-layout-flow wp-block-column-is-layout-flow\" style=\"flex-basis:470px\">\n<figure class=\"wp-block-image size-thumbnail\"><img loading=\"lazy\" decoding=\"async\" width=\"367\" height=\"210\" src=\"https:\/\/provence-mediterranee.prep.faire-savoir.eu\/assets\/uploads\/2024\/03\/carte-sixfours.svg\" alt=\"\" class=\"wp-image-2780\"\/><\/figure>\n<\/div>\n<\/div>\n<\/section>\n\n\n\n<section class=\"wp-block-group alignfull pattern-text-image has-global-padding is-layout-constrained wp-block-group-is-layout-constrained\">\n<div class=\"wp-block-columns alignwide are-vertically-aligned-center is-layout-flex wp-container-core-columns-is-layout-28f84493 wp-block-columns-is-layout-flex\">\n<div class=\"wp-block-column is-vertically-aligned-center pattern-text-image__media is-layout-flow wp-block-column-is-layout-flow\" style=\"flex-basis:67%\">\n<figure class=\"wp-block-image size-large\"><img loading=\"lazy\" decoding=\"async\" width=\"1200\" height=\"900\" src=\"https:\/\/provence-mediterranee.prep.faire-savoir.eu\/assets\/uploads\/2024\/04\/six-fours-les-embiez-le-gaou-full-page-7-1200x900.jpg\" alt=\"\" class=\"wp-image-21153\" srcset=\"https:\/\/provence-mediterranee.prep.faire-savoir.eu\/assets\/uploads\/2024\/04\/six-fours-les-embiez-le-gaou-full-page-7-1200x900.jpg 1200w, https:\/\/provence-mediterranee.prep.faire-savoir.eu\/assets\/uploads\/2024\/04\/six-fours-les-embiez-le-gaou-full-page-7-800x600.jpg 800w, https:\/\/provence-mediterranee.prep.faire-savoir.eu\/assets\/uploads\/2024\/04\/six-fours-les-embiez-le-gaou-full-page-7-520x390.jpg 520w, https:\/\/provence-mediterranee.prep.faire-savoir.eu\/assets\/uploads\/2024\/04\/six-fours-les-embiez-le-gaou-full-page-7-768x576.jpg 768w, https:\/\/provence-mediterranee.prep.faire-savoir.eu\/assets\/uploads\/2024\/04\/six-fours-les-embiez-le-gaou-full-page-7-1536x1152.jpg 1536w, https:\/\/provence-mediterranee.prep.faire-savoir.eu\/assets\/uploads\/2024\/04\/six-fours-les-embiez-le-gaou-full-page-7.jpg 1920w\" sizes=\"auto, (max-width: 1200px) 100vw, 1200px\" \/><figcaption class=\"wp-element-caption\">Le Gaou im Vordergrund, dann die Insel Les Embiez, die Lagune von Le Brusc und die Bucht von Six-Fours.<\/figcaption><\/figure>\n<\/div>\n\n\n\n<div class=\"wp-block-column is-vertically-aligned-center pattern-text-image__content is-layout-flow wp-block-column-is-layout-flow\" style=\"flex-basis:33%\">\n<h2 class=\"wp-block-heading\"><strong>Le Gaou, ein Hauch von anderswo  <\/strong><\/h2>\n\n\n\n<p>Die Halbinsel Gaou ist ein Naturschatz, der \u00fcber einen Holzsteg zug\u00e4nglich ist. Die Basaltfelsen stehen im Kontrast zu dem blonden Kalkstein der K\u00fcste der Provence M\u00e9diterran\u00e9e und verleihen ihr ein Gef\u00fchl der Fremde. Die nach Garrigue duftende Vegetation erinnert Sie schnell daran, dass Sie sich im S\u00fcden befinden. Die kleinen Buchten, die von den vom Wind geformten Kiefern versteckt werden, laden zum Baden ein. Wenn der Mistral weht oder die Sonne untergeht, wird das Naturschauspiel Sie mit Emotionen f\u00fcttern.<\/p>\n\n\n\n<div class=\"wp-block-buttons is-layout-flex wp-block-buttons-is-layout-flex\">\n<div class=\"wp-block-button\"><a class=\"wp-block-button__link wp-element-button\" href=\"https:\/\/provence-mediterranee.prep.faire-savoir.eu\/six-fours-les-embiez\/le-gaou\/\" target=\"_blank\" rel=\"noreferrer noopener\">Halbinsel Gaou<\/a><\/div>\n<\/div>\n<\/div>\n<\/div>\n<\/section>\n\n\n\n<section class=\"wp-block-group alignfull pattern-text-image has-global-padding is-layout-constrained wp-block-group-is-layout-constrained\">\n<div class=\"wp-block-columns alignwide are-vertically-aligned-center is-layout-flex wp-container-core-columns-is-layout-28f84493 wp-block-columns-is-layout-flex\">\n<div class=\"wp-block-column is-vertically-aligned-center pattern-text-image__content is-layout-flow wp-block-column-is-layout-flow\" style=\"flex-basis:33%\">\n<h2 class=\"wp-block-heading\"><strong>In See stechen<\/strong><\/h2>\n\n\n\n<p>Wenn Sie Sport und Wasseraktivit\u00e4ten lieben, wird Ihr Aufenthalt in Six-Fours alle Ihre W\u00fcnsche erf\u00fcllen. Bei Wind ist die K\u00fcste von Six-Fournais bekannt f\u00fcr Funboarding oder Wing Foiling. Wenn die Bucht ruhiger ist, k\u00f6nnen Sie mit dem Kajak oder Paddelboot die K\u00fcste entlang fahren, tauchen und die Unterwasserwelt erkunden. Segelt\u00f6rns zu den Inseln oder den Calanques vervollst\u00e4ndigen das gro\u00dfz\u00fcgige Angebot an Aktivit\u00e4ten, die sowohl f\u00fcr Anf\u00e4nger als auch f\u00fcr erfahrene Sportler geeignet sind.<\/p>\n\n\n\n<div class=\"wp-block-buttons is-layout-flex wp-block-buttons-is-layout-flex\">\n<div class=\"wp-block-button\"><a class=\"wp-block-button__link wp-element-button\" href=\"https:\/\/provence-mediterranee.prep.faire-savoir.eu\/de\/freizeitaktivitaeten-auf-dem-wasser\/?_commune=six-fours-les-plages\">Wasserspa\u00df  <\/a><\/div>\n<\/div>\n<\/div>\n\n\n\n<div class=\"wp-block-column is-vertically-aligned-center pattern-text-image__media is-layout-flow wp-block-column-is-layout-flow\" style=\"flex-basis:67%\">\n<figure class=\"wp-block-image size-large\"><img loading=\"lazy\" decoding=\"async\" width=\"1200\" height=\"900\" src=\"https:\/\/provence-mediterranee.prep.faire-savoir.eu\/assets\/uploads\/2024\/04\/funboard-embiez-1200x900.jpg\" alt=\"\" class=\"wp-image-21608\" srcset=\"https:\/\/provence-mediterranee.prep.faire-savoir.eu\/assets\/uploads\/2024\/04\/funboard-embiez-1200x900.jpg 1200w, https:\/\/provence-mediterranee.prep.faire-savoir.eu\/assets\/uploads\/2024\/04\/funboard-embiez-800x600.jpg 800w, https:\/\/provence-mediterranee.prep.faire-savoir.eu\/assets\/uploads\/2024\/04\/funboard-embiez-520x390.jpg 520w, https:\/\/provence-mediterranee.prep.faire-savoir.eu\/assets\/uploads\/2024\/04\/funboard-embiez-768x576.jpg 768w, https:\/\/provence-mediterranee.prep.faire-savoir.eu\/assets\/uploads\/2024\/04\/funboard-embiez-1536x1152.jpg 1536w, https:\/\/provence-mediterranee.prep.faire-savoir.eu\/assets\/uploads\/2024\/04\/funboard-embiez.jpg 1920w\" sizes=\"auto, (max-width: 1200px) 100vw, 1200px\" \/><figcaption class=\"wp-element-caption\">Six-Fours, &#8222;Land&#8220; f\u00fcr Wassersportaktivit\u00e4ten bei jedem Wetter<\/figcaption><\/figure>\n<\/div>\n<\/div>\n<\/section>\n\n\n\n<section class=\"wp-block-group alignfull pattern-link-mosaic has-global-padding is-layout-constrained wp-block-group-is-layout-constrained\">\n<div class=\"wp-block-group alignwide is-content-justification-left is-layout-flow wp-block-group-is-layout-flow\">\t<div class=\"fsgb-block-link-mosaic is-style-micro-cards\">\n\n\t\t\t\t\n\t\t\t\t\t\t\t\t\t\t\t\t\t\t\t\t\t\t\t\t\t<article class=\"card card--page stretched-link card--link-mosaic stack\" >\n\t\t\t\t\t<div class=\"card__thumbnail has-middleground-background-color stack\">\n\t\t\t\t\t\t\t\t<figure><img loading=\"lazy\" decoding=\"async\" width=\"1920\" height=\"1080\" src=\"https:\/\/provence-mediterranee.prep.faire-savoir.eu\/assets\/uploads\/2024\/04\/homepage-hebergement-ville.jpg\" class=\"attachment-full size-full\" alt=\"\" srcset=\"https:\/\/provence-mediterranee.prep.faire-savoir.eu\/assets\/uploads\/2024\/04\/homepage-hebergement-ville.jpg 1920w, https:\/\/provence-mediterranee.prep.faire-savoir.eu\/assets\/uploads\/2024\/04\/homepage-hebergement-ville-800x450.jpg 800w, https:\/\/provence-mediterranee.prep.faire-savoir.eu\/assets\/uploads\/2024\/04\/homepage-hebergement-ville-1200x675.jpg 1200w, https:\/\/provence-mediterranee.prep.faire-savoir.eu\/assets\/uploads\/2024\/04\/homepage-hebergement-ville-520x293.jpg 520w, https:\/\/provence-mediterranee.prep.faire-savoir.eu\/assets\/uploads\/2024\/04\/homepage-hebergement-ville-768x432.jpg 768w, https:\/\/provence-mediterranee.prep.faire-savoir.eu\/assets\/uploads\/2024\/04\/homepage-hebergement-ville-1536x864.jpg 1536w\" sizes=\"auto, (max-width: 1920px) 100vw, 1920px\" \/><\/figure>\t\t\t\t\t\t\t\t<div class=\"on-hover\"><\/div>\n\t\t\t<\/div>\n\t\t\n\t\t<div class=\"card__content\">\n\t\t\t\t\t\t\n\t\t\t\t\t\t<h3 class=\"title wp-block-heading\">\n\t\t\t\t\t\t\t\t\t<a href=\"https:\/\/provence-mediterranee.prep.faire-savoir.eu\/de\/unsere-12-gemeinden\/six-fours-les-plages\/unterkuenfte-in-six-fours-les-plages\/\" target=\"blank\">Unterk\u00fcnfte Six-Fours<\/a>\t\t\t\t\t\t\t<\/h3>\n\n\t\t\t\t\t\t\n\t\t\t\t\t\t\t\t\t\n\t\t\t\t\t\t\n\t\t\t\t\t\t\n\t\t\t\t\t\t\n\t\t\t\t\t\t\n\t\t\t\t\t\t\n\t\t\t\t\t\t\n\t\t\t\t\t\t\t\t\t\n\t\t<\/div>\n\t<\/article>\n\t\t\t\t\t\t\t\t\t\t\t\t\t\t\t\t\t\t\t\t\t\t\t\t\t\t\t\t\t\t\t\t\t\t<article class=\"card card--page stretched-link card--link-mosaic stack\" >\n\t\t\t\t\t<div class=\"card__thumbnail has-middleground-background-color stack\">\n\t\t\t\t\t\t\t\t<figure><img loading=\"lazy\" decoding=\"async\" width=\"1920\" height=\"1080\" src=\"https:\/\/provence-mediterranee.prep.faire-savoir.eu\/assets\/uploads\/2024\/08\/sit-restaurant-restaurant-a-remplacerjpg.jpg\" class=\"attachment-full size-full\" alt=\"\" srcset=\"https:\/\/provence-mediterranee.prep.faire-savoir.eu\/assets\/uploads\/2024\/08\/sit-restaurant-restaurant-a-remplacerjpg.jpg 1920w, https:\/\/provence-mediterranee.prep.faire-savoir.eu\/assets\/uploads\/2024\/08\/sit-restaurant-restaurant-a-remplacerjpg-800x450.jpg 800w, https:\/\/provence-mediterranee.prep.faire-savoir.eu\/assets\/uploads\/2024\/08\/sit-restaurant-restaurant-a-remplacerjpg-1200x675.jpg 1200w, https:\/\/provence-mediterranee.prep.faire-savoir.eu\/assets\/uploads\/2024\/08\/sit-restaurant-restaurant-a-remplacerjpg-520x293.jpg 520w, https:\/\/provence-mediterranee.prep.faire-savoir.eu\/assets\/uploads\/2024\/08\/sit-restaurant-restaurant-a-remplacerjpg-768x432.jpg 768w, https:\/\/provence-mediterranee.prep.faire-savoir.eu\/assets\/uploads\/2024\/08\/sit-restaurant-restaurant-a-remplacerjpg-1536x864.jpg 1536w\" sizes=\"auto, (max-width: 1920px) 100vw, 1920px\" \/><\/figure>\t\t\t\t\t\t\t\t<div class=\"on-hover\"><\/div>\n\t\t\t<\/div>\n\t\t\n\t\t<div class=\"card__content\">\n\t\t\t\t\t\t\n\t\t\t\t\t\t<h3 class=\"title wp-block-heading\">\n\t\t\t\t\t\t\t\t\t<a href=\"https:\/\/provence-mediterranee.prep.faire-savoir.eu\/de\/unsere-12-gemeinden\/six-fours-les-plages\/restaurants-von-six-fours\/\" target=\"blank\">Restaurants Six-Fours<\/a>\t\t\t\t\t\t\t<\/h3>\n\n\t\t\t\t\t\t\n\t\t\t\t\t\t\t\t\t\n\t\t\t\t\t\t\n\t\t\t\t\t\t\n\t\t\t\t\t\t\n\t\t\t\t\t\t\n\t\t\t\t\t\t\n\t\t\t\t\t\t\n\t\t\t\t\t\t\t\t\t\n\t\t<\/div>\n\t<\/article>\n\t\t\t\t\t\t\t\t\t\t\t\t\t\t\t\t\t\t\t\t\t\t\t\t\t\t\t\t\t\t\t\t\t\t<article class=\"card card--page stretched-link card--link-mosaic stack\" >\n\t\t\t\t\t<div class=\"card__thumbnail has-middleground-background-color stack\">\n\t\t\t\t\t\t\t\t<figure><img loading=\"lazy\" decoding=\"async\" width=\"1920\" height=\"1080\" src=\"https:\/\/provence-mediterranee.prep.faire-savoir.eu\/assets\/uploads\/2024\/04\/vivre-la-provence-culture-et-art-de-vivre-hub-m1-7.jpg\" class=\"attachment-full size-full\" alt=\"\" srcset=\"https:\/\/provence-mediterranee.prep.faire-savoir.eu\/assets\/uploads\/2024\/04\/vivre-la-provence-culture-et-art-de-vivre-hub-m1-7.jpg 1920w, https:\/\/provence-mediterranee.prep.faire-savoir.eu\/assets\/uploads\/2024\/04\/vivre-la-provence-culture-et-art-de-vivre-hub-m1-7-800x450.jpg 800w, https:\/\/provence-mediterranee.prep.faire-savoir.eu\/assets\/uploads\/2024\/04\/vivre-la-provence-culture-et-art-de-vivre-hub-m1-7-1200x675.jpg 1200w, https:\/\/provence-mediterranee.prep.faire-savoir.eu\/assets\/uploads\/2024\/04\/vivre-la-provence-culture-et-art-de-vivre-hub-m1-7-520x293.jpg 520w, https:\/\/provence-mediterranee.prep.faire-savoir.eu\/assets\/uploads\/2024\/04\/vivre-la-provence-culture-et-art-de-vivre-hub-m1-7-768x432.jpg 768w, https:\/\/provence-mediterranee.prep.faire-savoir.eu\/assets\/uploads\/2024\/04\/vivre-la-provence-culture-et-art-de-vivre-hub-m1-7-1536x864.jpg 1536w\" sizes=\"auto, (max-width: 1920px) 100vw, 1920px\" \/><\/figure>\t\t\t\t\t\t\t\t<div class=\"on-hover\"><\/div>\n\t\t\t<\/div>\n\t\t\n\t\t<div class=\"card__content\">\n\t\t\t\t\t\t\n\t\t\t\t\t\t<h3 class=\"title wp-block-heading\">\n\t\t\t\t\t\t\t\t\t<a href=\"https:\/\/provence-mediterranee.prep.faire-savoir.eu\/de\/terminkalender-von-six-fours-les-plages\/\" target=\"blank\">Veranstaltungen Six-Fours<\/a>\t\t\t\t\t\t\t<\/h3>\n\n\t\t\t\t\t\t\n\t\t\t\t\t\t\t\t\t\n\t\t\t\t\t\t\n\t\t\t\t\t\t\n\t\t\t\t\t\t\n\t\t\t\t\t\t\n\t\t\t\t\t\t\n\t\t\t\t\t\t\n\t\t\t\t\t\t\t\t\t\n\t\t<\/div>\n\t<\/article>\n\t\t\t\t\t\t\t\t\t\t\t\t\t\t\t\t\t\t\t\t\t\t\t\t\t\t\t\t\t\t\t\t\t\t<article class=\"card card--page stretched-link card--link-mosaic stack\" >\n\t\t\t\t\t<div class=\"card__thumbnail has-middleground-background-color stack\">\n\t\t\t\t\t\t\t\t<figure><\/figure>\t\t\t\t\t\t\t\t<div class=\"on-hover\"><\/div>\n\t\t\t<\/div>\n\t\t\n\t\t<div class=\"card__content\">\n\t\t\t\t\t\t\n\t\t\t\t\t\t<h3 class=\"title wp-block-heading\">\n\t\t\t\t\t\t\t\t\t<a href=\"https:\/\/provence-mediterranee.prep.faire-savoir.eu\/visites-guidees\/?_commune=six-fours-les-plages\" target=\"blank\">Gef\u00fchrte Touren Six-Fours<\/a>\t\t\t\t\t\t\t<\/h3>\n\n\t\t\t\t\t\t\n\t\t\t\t\t\t\t\t\t\n\t\t\t\t\t\t\n\t\t\t\t\t\t\n\t\t\t\t\t\t\n\t\t\t\t\t\t\n\t\t\t\t\t\t\n\t\t\t\t\t\t\n\t\t\t\t\t\t\t\t\t\n\t\t<\/div>\n\t<\/article>\n\t\t\t\t\t\t\t\t\t\t\t\t\t\t\t\t\t\t\t\t\t\t\t\t\t\t\t\t\t\t\t\t\t\t<article class=\"card card--page stretched-link card--link-mosaic stack\" >\n\t\t\t\t\t<div class=\"card__thumbnail has-middleground-background-color stack\">\n\t\t\t\t\t\t\t\t<figure><img loading=\"lazy\" decoding=\"async\" width=\"1920\" height=\"1080\" src=\"https:\/\/provence-mediterranee.prep.faire-savoir.eu\/assets\/uploads\/2024\/08\/sit-plage-a-remplacerjpg.jpg\" class=\"attachment-full size-full\" alt=\"\" srcset=\"https:\/\/provence-mediterranee.prep.faire-savoir.eu\/assets\/uploads\/2024\/08\/sit-plage-a-remplacerjpg.jpg 1920w, https:\/\/provence-mediterranee.prep.faire-savoir.eu\/assets\/uploads\/2024\/08\/sit-plage-a-remplacerjpg-800x450.jpg 800w, https:\/\/provence-mediterranee.prep.faire-savoir.eu\/assets\/uploads\/2024\/08\/sit-plage-a-remplacerjpg-1200x675.jpg 1200w, https:\/\/provence-mediterranee.prep.faire-savoir.eu\/assets\/uploads\/2024\/08\/sit-plage-a-remplacerjpg-520x293.jpg 520w, https:\/\/provence-mediterranee.prep.faire-savoir.eu\/assets\/uploads\/2024\/08\/sit-plage-a-remplacerjpg-768x432.jpg 768w, https:\/\/provence-mediterranee.prep.faire-savoir.eu\/assets\/uploads\/2024\/08\/sit-plage-a-remplacerjpg-1536x864.jpg 1536w\" sizes=\"auto, (max-width: 1920px) 100vw, 1920px\" \/><\/figure>\t\t\t\t\t\t\t\t<div class=\"on-hover\"><\/div>\n\t\t\t<\/div>\n\t\t\n\t\t<div class=\"card__content\">\n\t\t\t\t\t\t\n\t\t\t\t\t\t<h3 class=\"title wp-block-heading\">\n\t\t\t\t\t\t\t\t\t<a href=\"https:\/\/provence-mediterranee.prep.faire-savoir.eu\/de\/die-provence-erleben\/urlaub-am-meer\/alle-straende\/?_commune=six-fours-les-plages\" target=\"blank\">Str\u00e4nde Six-Fours<\/a>\t\t\t\t\t\t\t<\/h3>\n\n\t\t\t\t\t\t\n\t\t\t\t\t\t\t\t\t\n\t\t\t\t\t\t\n\t\t\t\t\t\t\n\t\t\t\t\t\t\n\t\t\t\t\t\t\n\t\t\t\t\t\t\n\t\t\t\t\t\t\n\t\t\t\t\t\t\t\t\t\n\t\t<\/div>\n\t<\/article>\n\t\t\t\t\t\t\t\t\t\t\t\t\t\t\t\t\t\t\n\t\t\t\t\t\t\t\t\t\t\t<\/div>\n\n<\/div>\n<\/section>\n\n\n\n<section class=\"wp-block-group alignfull pattern-text-image has-global-padding is-layout-constrained wp-block-group-is-layout-constrained\">\n<div class=\"wp-block-columns alignwide are-vertically-aligned-center is-layout-flex wp-container-core-columns-is-layout-28f84493 wp-block-columns-is-layout-flex\">\n<div class=\"wp-block-column is-vertically-aligned-center pattern-text-image__media is-layout-flow wp-block-column-is-layout-flow\" style=\"flex-basis:67%\">\n<figure class=\"wp-block-image size-large\"><img loading=\"lazy\" decoding=\"async\" width=\"1200\" height=\"900\" src=\"https:\/\/provence-mediterranee.prep.faire-savoir.eu\/assets\/uploads\/2024\/04\/six-fours-les-embiez-six-fours-hub-m5-1-1200x900.jpg\" alt=\"\" class=\"wp-image-21157\" srcset=\"https:\/\/provence-mediterranee.prep.faire-savoir.eu\/assets\/uploads\/2024\/04\/six-fours-les-embiez-six-fours-hub-m5-1-1200x900.jpg 1200w, https:\/\/provence-mediterranee.prep.faire-savoir.eu\/assets\/uploads\/2024\/04\/six-fours-les-embiez-six-fours-hub-m5-1-800x600.jpg 800w, https:\/\/provence-mediterranee.prep.faire-savoir.eu\/assets\/uploads\/2024\/04\/six-fours-les-embiez-six-fours-hub-m5-1-520x390.jpg 520w, https:\/\/provence-mediterranee.prep.faire-savoir.eu\/assets\/uploads\/2024\/04\/six-fours-les-embiez-six-fours-hub-m5-1-768x576.jpg 768w, https:\/\/provence-mediterranee.prep.faire-savoir.eu\/assets\/uploads\/2024\/04\/six-fours-les-embiez-six-fours-hub-m5-1-1536x1152.jpg 1536w, https:\/\/provence-mediterranee.prep.faire-savoir.eu\/assets\/uploads\/2024\/04\/six-fours-les-embiez-six-fours-hub-m5-1.jpg 1920w\" sizes=\"auto, (max-width: 1200px) 100vw, 1200px\" \/><figcaption class=\"wp-element-caption\">Der &#8222;Maison du Cygne&#8220;<\/figcaption><\/figure>\n<\/div>\n\n\n\n<div class=\"wp-block-column is-vertically-aligned-center pattern-text-image__content is-layout-flow wp-block-column-is-layout-flow\" style=\"flex-basis:33%\">\n<h2 class=\"wp-block-heading\"><strong>Kultur ist in Six-Fours allgegenw\u00e4rtig<\/strong><\/h2>\n\n\n\n<p>Six-Fours lebt auch im Rhythmus seiner Veranstaltungen, die einen echten kulturellen Impuls f\u00fcr ein breites Publikum erzeugen. Das &#8222;Festival de La Coll\u00e9giale&#8220; oder &#8222;<a href=\"https:\/\/www.sixfoursvagueclassique.fr\/\" target=\"_blank\" rel=\"noreferrer noopener nofollow\">La Vague Classique&#8220;<\/a> empfangen Sie an den prestigetr\u00e4chtigsten Orten der Stadt: &#8222;<a href=\"https:\/\/provence-mediterranee.prep.faire-savoir.eu\/de\/activites\/maison-du-cygne\/\" target=\"_blank\" rel=\"noreferrer noopener\">Maison du Cygne&#8220;<\/a> oder &#8222;<a href=\"https:\/\/provence-mediterranee.prep.faire-savoir.eu\/de\/activites\/maison-du-patrimoine-francois-flohic\/\" target=\"_blank\" rel=\"noreferrer noopener\">Maison du Patrimoine&#8220;<\/a>, zwei der vier Standorte des &#8222;P\u00f4le Arts Plastiques&#8220;, oder <a href=\"https:\/\/provence-mediterranee.prep.faire-savoir.eu\/de\/activites\/collegiale-saint-pierre\/\" target=\"_blank\" rel=\"noreferrer noopener\">die Stiftskirche Saint-Pierre<\/a>, das einzige \u00dcberbleibsel der Altstadt von Six-Fours.<\/p>\n<\/div>\n<\/div>\n<\/section>\n\n\n\n<section class=\"wp-block-group alignfull pattern-text-image has-global-padding is-layout-constrained wp-block-group-is-layout-constrained\">\n<div class=\"wp-block-columns alignwide are-vertically-aligned-center is-layout-flex wp-container-core-columns-is-layout-28f84493 wp-block-columns-is-layout-flex\">\n<div class=\"wp-block-column is-vertically-aligned-center pattern-text-image__content is-layout-flow wp-block-column-is-layout-flow\" style=\"flex-basis:33%\">\n<h2 class=\"wp-block-heading\"><strong>Le Brusc<\/strong><\/h2>\n\n\n\n<p>Der Weiler Le Brusc, am Ende von Six-Fours, ist ein typisches mediterranes Fischerdorf. Lauschen Sie am Hafen den Gespr\u00e4chen der Einheimischen, plaudern Sie mit den Fischern oder spielen Sie eine Partie Boule. Sie werden es schnell bemerken: Le Brusc ist kein Dorf wie jedes andere.<\/p>\n\n\n\n<div class=\"wp-block-buttons is-layout-flex wp-block-buttons-is-layout-flex\">\n<div class=\"wp-block-button\"><a class=\"wp-block-button__link wp-element-button\" href=\"https:\/\/provence-mediterranee.prep.faire-savoir.eu\/de\/unsere-must-haves-2\/le-brusc\/\" target=\"_blank\" rel=\"noreferrer noopener\">le brusc entdecken<\/a><\/div>\n<\/div>\n<\/div>\n\n\n\n<div class=\"wp-block-column is-vertically-aligned-center pattern-text-image__media is-layout-flow wp-block-column-is-layout-flow\" style=\"flex-basis:67%\">\n<figure class=\"wp-block-image size-large\"><img loading=\"lazy\" decoding=\"async\" width=\"1200\" height=\"900\" src=\"https:\/\/provence-mediterranee.prep.faire-savoir.eu\/assets\/uploads\/2024\/04\/six-fours-les-embiez-incontournables-le-brusc-m1-1200x900.jpg\" alt=\"\" class=\"wp-image-21159\" srcset=\"https:\/\/provence-mediterranee.prep.faire-savoir.eu\/assets\/uploads\/2024\/04\/six-fours-les-embiez-incontournables-le-brusc-m1-1200x900.jpg 1200w, https:\/\/provence-mediterranee.prep.faire-savoir.eu\/assets\/uploads\/2024\/04\/six-fours-les-embiez-incontournables-le-brusc-m1-800x600.jpg 800w, https:\/\/provence-mediterranee.prep.faire-savoir.eu\/assets\/uploads\/2024\/04\/six-fours-les-embiez-incontournables-le-brusc-m1-520x390.jpg 520w, https:\/\/provence-mediterranee.prep.faire-savoir.eu\/assets\/uploads\/2024\/04\/six-fours-les-embiez-incontournables-le-brusc-m1-768x576.jpg 768w, https:\/\/provence-mediterranee.prep.faire-savoir.eu\/assets\/uploads\/2024\/04\/six-fours-les-embiez-incontournables-le-brusc-m1-1536x1152.jpg 1536w, https:\/\/provence-mediterranee.prep.faire-savoir.eu\/assets\/uploads\/2024\/04\/six-fours-les-embiez-incontournables-le-brusc-m1.jpg 1920w\" sizes=\"auto, (max-width: 1200px) 100vw, 1200px\" \/><figcaption class=\"wp-element-caption\">Die Sanftheit von Le Brusc<\/figcaption><\/figure>\n<\/div>\n<\/div>\n<\/section>\n","protected":false},"excerpt":{"rendered":"<p>Sportgeist auf See und an Land Six Fours-les-Plages kombiniert eine reiche kulturelle Vergangenheit, 18 Kilometer K\u00fcste und das Massiv von Cap Sici\u00e9. Fr\u00fcher bestand es aus bis zu 120 Weilern. Heute sind es die Viertel Les L\u00f4nes, in der N\u00e4he von Sanary, La Coudouli\u00e8re, Le Brusc und die Halbinsel Gaou, die die Urlauber gl\u00fccklich machen. [&hellip;]<\/p>\n","protected":false},"author":4,"featured_media":29585,"parent":35830,"menu_order":100,"comment_status":"closed","ping_status":"closed","template":"templates\/municipality.php","meta":{"_acf_changed":false,"footnotes":"","_links_to":"","_links_to_target":""},"class_list":["post-35878","page","type-page","status-publish","has-post-thumbnail","hentry"],"acf":[],"_links":{"self":[{"href":"https:\/\/provence-mediterranee.prep.faire-savoir.eu\/de\/wp-json\/wp\/v2\/pages\/35878","targetHints":{"allow":["GET"]}}],"collection":[{"href":"https:\/\/provence-mediterranee.prep.faire-savoir.eu\/de\/wp-json\/wp\/v2\/pages"}],"about":[{"href":"https:\/\/provence-mediterranee.prep.faire-savoir.eu\/de\/wp-json\/wp\/v2\/types\/page"}],"author":[{"embeddable":true,"href":"https:\/\/provence-mediterranee.prep.faire-savoir.eu\/de\/wp-json\/wp\/v2\/users\/4"}],"replies":[{"embeddable":true,"href":"https:\/\/provence-mediterranee.prep.faire-savoir.eu\/de\/wp-json\/wp\/v2\/comments?post=35878"}],"version-history":[{"count":5,"href":"https:\/\/provence-mediterranee.prep.faire-savoir.eu\/de\/wp-json\/wp\/v2\/pages\/35878\/revisions"}],"predecessor-version":[{"id":54421,"href":"https:\/\/provence-mediterranee.prep.faire-savoir.eu\/de\/wp-json\/wp\/v2\/pages\/35878\/revisions\/54421"}],"up":[{"embeddable":true,"href":"https:\/\/provence-mediterranee.prep.faire-savoir.eu\/de\/wp-json\/wp\/v2\/pages\/35830"}],"wp:featuredmedia":[{"embeddable":true,"href":"https:\/\/provence-mediterranee.prep.faire-savoir.eu\/de\/wp-json\/wp\/v2\/media\/29585"}],"wp:attachment":[{"href":"https:\/\/provence-mediterranee.prep.faire-savoir.eu\/de\/wp-json\/wp\/v2\/media?parent=35878"}],"curies":[{"name":"wp","href":"https:\/\/api.w.org\/{rel}","templated":true}]}}