{"id":35764,"date":"2024-04-11T11:07:50","date_gmt":"2024-04-11T09:07:50","guid":{"rendered":"https:\/\/provence-mediterranee.prep.faire-savoir.eu\/newsletter-2\/"},"modified":"2024-08-08T15:22:12","modified_gmt":"2024-08-08T13:22:12","slug":"newsletter-2","status":"publish","type":"page","link":"https:\/\/provence-mediterranee.prep.faire-savoir.eu\/de\/newsletter-2\/","title":{"rendered":"Newsletter"},"content":{"rendered":"\n<section class=\"wp-block-group alignfull pattern-text-image--map has-global-padding is-layout-constrained wp-block-group-is-layout-constrained\">\n<div class=\"wp-block-columns is-layout-flex wp-container-core-columns-is-layout-28f84493 wp-block-columns-is-layout-flex\">\n<div class=\"wp-block-column is-vertically-aligned-top pattern-text-image--map__content is-layout-flow wp-block-column-is-layout-flow\">\n<iframe loading=\"lazy\" id=\"frame-avizi-widget2\" src=\"https:\/\/app.avizi.fr\/widgets\/public\/77b00ed2204076e64f14888d7234d14e\/3035\" frameborder=\"0\" width=\"100%\" height=\"1200px\"><\/iframe>\n\n<\/div>\n\n\n\n<div class=\"wp-block-column is-vertically-aligned-top pattern-text-image--map__media is-layout-flow wp-block-column-is-layout-flow\" style=\"flex-basis:470px\">\n<p><\/p>\n\n\n\n<p>Weil Sie weit weg oder gleich um die Ecke wohnen, weil Sie Ihren Aufenthalt vorbereiten oder davon tr\u00e4umen, wiederzukommen, weil es eine gute M\u00f6glichkeit ist, Ideen f\u00fcr Familienausfl\u00fcge im Urlaub zu finden, bieten wir Ihnen die M\u00f6glichkeit, unseren Newsletter zu abonnieren. Einmal im Monat erhalten Sie unsere Top-Nachrichten und Entdeckungstipps.<br>  Sie k\u00f6nnen den Newsletter jederzeit abbestellen.<\/p>\n\n\n\n<section class=\"wp-block-group alignfull pattern-accordion has-global-padding is-layout-constrained wp-block-group-is-layout-constrained\">\n<details class=\"wp-block-details is-layout-flow wp-block-details-is-layout-flow\"><summary>DSGVO<\/summary>\n<p>Die in diesem Formular gesammelten Daten sind Gegenstand einer elektronischen Verarbeitung, f\u00fcr die das OTMPM verantwortlich ist. Der Zweck der Verarbeitung ist die Verwaltung von Newsletter-Anmeldungen und das Versenden von Angeboten und die Rechtsgrundlage ist die Zustimmung der betroffenen Personen.<\/p>\n\n\n\n<p>Sie k\u00f6nnen sich jederzeit abmelden, indem Sie auf den entsprechenden Hyperlink am Ende jeder Mitteilung klicken oder eine E-Mail an otpmdpo@provencemed.com senden.<\/p>\n\n\n\n<p>Sie haben das Recht auf Zugang, Berichtigung, L\u00f6schung, Widerspruch aus berechtigtem Grund, Einschr\u00e4nkung, Widerruf Ihrer Zustimmung und \u00dcbertragbarkeit, wenn die technischen Bedingungen und der gesetzliche Rahmen dies erlauben. Sie k\u00f6nnen auch festlegen, was mit Ihren postmortalen Daten geschehen soll.<\/p>\n\n\n\n<p>Sie k\u00f6nnen Ihre Rechte aus\u00fcben, indem Sie sich an otmpdpo@provencemed.com wenden oder per LRAR an: DPO de l&#8217;OTMPM 24, rue Baudin &#8211; place Raspail &#8211; 83000 TOULON.<\/p>\n\n\n\n<p>Wenn Sie der Meinung sind, dass Ihre Daten nicht in \u00dcbereinstimmung mit dem geltenden Recht verarbeitet werden, k\u00f6nnen Sie eine Beschwerde bei der CNIL einreichen:<\/p>\n\n\n\n<p>Nationale Kommission f\u00fcr Informatik und Freiheiten<br>| Beschwerdeabteilung<br>3,place de Fontenoy<br>TSA80715<br>75334 PARIS CEDEX 07<\/p>\n\n\n\n<p><a href=\"https:\/\/www.cnil.fr\/fr\/plaintes\" rel=\"nofollow noopener\" target=\"_blank\">https:\/\/www.cnil.fr\/fr\/plaintes<\/a><\/p>\n<\/details>\n<\/section>\n<\/div>\n<\/div>\n<\/section>\n","protected":false},"excerpt":{"rendered":"<p>Weil Sie weit weg oder gleich um die Ecke wohnen, weil Sie Ihren Aufenthalt vorbereiten oder davon tr\u00e4umen, wiederzukommen, weil es eine gute M\u00f6glichkeit ist, Ideen f\u00fcr Familienausfl\u00fcge im Urlaub zu finden, bieten wir Ihnen die M\u00f6glichkeit, unseren Newsletter zu abonnieren. Einmal im Monat erhalten Sie unsere Top-Nachrichten und Entdeckungstipps. Sie k\u00f6nnen den Newsletter jederzeit [&hellip;]<\/p>\n","protected":false},"author":4,"featured_media":0,"parent":0,"menu_order":0,"comment_status":"closed","ping_status":"closed","template":"templates\/pro.php","meta":{"_acf_changed":false,"footnotes":"","_links_to":"","_links_to_target":""},"class_list":["post-35764","page","type-page","status-publish","hentry"],"acf":[],"_links":{"self":[{"href":"https:\/\/provence-mediterranee.prep.faire-savoir.eu\/de\/wp-json\/wp\/v2\/pages\/35764","targetHints":{"allow":["GET"]}}],"collection":[{"href":"https:\/\/provence-mediterranee.prep.faire-savoir.eu\/de\/wp-json\/wp\/v2\/pages"}],"about":[{"href":"https:\/\/provence-mediterranee.prep.faire-savoir.eu\/de\/wp-json\/wp\/v2\/types\/page"}],"author":[{"embeddable":true,"href":"https:\/\/provence-mediterranee.prep.faire-savoir.eu\/de\/wp-json\/wp\/v2\/users\/4"}],"replies":[{"embeddable":true,"href":"https:\/\/provence-mediterranee.prep.faire-savoir.eu\/de\/wp-json\/wp\/v2\/comments?post=35764"}],"version-history":[{"count":2,"href":"https:\/\/provence-mediterranee.prep.faire-savoir.eu\/de\/wp-json\/wp\/v2\/pages\/35764\/revisions"}],"predecessor-version":[{"id":46533,"href":"https:\/\/provence-mediterranee.prep.faire-savoir.eu\/de\/wp-json\/wp\/v2\/pages\/35764\/revisions\/46533"}],"wp:attachment":[{"href":"https:\/\/provence-mediterranee.prep.faire-savoir.eu\/de\/wp-json\/wp\/v2\/media?parent=35764"}],"curies":[{"name":"wp","href":"https:\/\/api.w.org\/{rel}","templated":true}]}}