{"id":34547,"date":"2024-03-06T12:11:27","date_gmt":"2024-03-06T11:11:27","guid":{"rendered":"https:\/\/provence-mediterranee.prep.faire-savoir.eu\/carqueiranne\/"},"modified":"2024-11-05T16:52:17","modified_gmt":"2024-11-05T15:52:17","slug":"carqueiranne","status":"publish","type":"page","link":"https:\/\/provence-mediterranee.prep.faire-savoir.eu\/de\/unsere-12-gemeinden\/carqueiranne\/","title":{"rendered":"Carqueiranne"},"content":{"rendered":"\n<section class=\"wp-block-group alignfull pattern-text-image--map has-global-padding is-layout-constrained wp-block-group-is-layout-constrained\">\n<div class=\"wp-block-columns are-vertically-aligned-center is-layout-flex wp-container-core-columns-is-layout-28f84493 wp-block-columns-is-layout-flex\">\n<div class=\"wp-block-column is-vertically-aligned-center pattern-text-image--map__content is-layout-flow wp-block-column-is-layout-flow\">\n<h2 class=\"wp-block-heading\"><strong>Ruhiger Aufenthalt am Meer<\/strong><\/h2>\n\n\n\n<p>Carqueiranne, ein beliebter Badeort zwischen<a href=\"https:\/\/provence-mediterranee.prep.faire-savoir.eu\/de\/unsere-12-gemeinden\/hyeres\/\"> Hy\u00e8res<\/a> und <a href=\"https:\/\/provence-mediterranee.prep.faire-savoir.eu\/de\/unsere-12-gemeinden\/le-pradet\/\">Le Pradet<\/a>, ist die ideale Kulisse f\u00fcr einen entspannenden Urlaub am Mittelmeer. Zwischen Meer und H\u00fcgeln, mit einem typischen kleinen Hafen, einem Markt, Str\u00e4nden und Naturpfaden, die die authentische Atmosph\u00e4re eines Urlaubs im S\u00fcden widerspiegeln. Die s\u00fcdliche Stadt der Tulpen verspricht Ihnen einen erholsamen Aufenthalt im Herzen der Provence.<\/p>\n<\/div>\n\n\n\n<div class=\"wp-block-column is-vertically-aligned-center pattern-text-image--map__media is-layout-flow wp-block-column-is-layout-flow\" style=\"flex-basis:470px\">\n<figure class=\"wp-block-image size-thumbnail\"><img loading=\"lazy\" decoding=\"async\" width=\"367\" height=\"210\" src=\"https:\/\/provence-mediterranee.prep.faire-savoir.eu\/assets\/uploads\/2024\/03\/carte-carqueiranne.svg\" alt=\"\" class=\"wp-image-2756\"\/><\/figure>\n<\/div>\n<\/div>\n<\/section>\n\n<section class=\"wp-block-group alignfull pattern-text-image has-global-padding is-layout-constrained wp-block-group-is-layout-constrained\">\n<div class=\"wp-block-columns alignwide are-vertically-aligned-center is-layout-flex wp-container-core-columns-is-layout-28f84493 wp-block-columns-is-layout-flex\">\n<div class=\"wp-block-column is-vertically-aligned-center pattern-text-image__media is-layout-flow wp-block-column-is-layout-flow\" style=\"flex-basis:67%\">\n<figure class=\"wp-block-image size-large\"><img loading=\"lazy\" decoding=\"async\" width=\"1200\" height=\"900\" src=\"https:\/\/provence-mediterranee.prep.faire-savoir.eu\/assets\/uploads\/2024\/04\/12-villes-carqueiranne-autour-du-port-1200x900.jpg\" alt=\"\" class=\"wp-image-14017\" srcset=\"https:\/\/provence-mediterranee.prep.faire-savoir.eu\/assets\/uploads\/2024\/04\/12-villes-carqueiranne-autour-du-port-1200x900.jpg 1200w, https:\/\/provence-mediterranee.prep.faire-savoir.eu\/assets\/uploads\/2024\/04\/12-villes-carqueiranne-autour-du-port-800x600.jpg 800w, https:\/\/provence-mediterranee.prep.faire-savoir.eu\/assets\/uploads\/2024\/04\/12-villes-carqueiranne-autour-du-port-520x390.jpg 520w, https:\/\/provence-mediterranee.prep.faire-savoir.eu\/assets\/uploads\/2024\/04\/12-villes-carqueiranne-autour-du-port-768x576.jpg 768w, https:\/\/provence-mediterranee.prep.faire-savoir.eu\/assets\/uploads\/2024\/04\/12-villes-carqueiranne-autour-du-port-1536x1152.jpg 1536w, https:\/\/provence-mediterranee.prep.faire-savoir.eu\/assets\/uploads\/2024\/04\/12-villes-carqueiranne-autour-du-port.jpg 1920w\" sizes=\"auto, (max-width: 1200px) 100vw, 1200px\" \/><figcaption class=\"wp-element-caption\">Das Fischerhaus am Hafen von Salettes. Es werden Verk\u00e4ufe von frischem Fisch organisiert.<\/figcaption><\/figure>\n<\/div>\n\n\n\n<div class=\"wp-block-column is-vertically-aligned-center pattern-text-image__content is-layout-flow wp-block-column-is-layout-flow\" style=\"flex-basis:33%\">\n<h2 class=\"wp-block-heading\"><strong>Rund um den Hafen von Salettes<\/strong><\/h2>\n\n\n\n<p>In Carqueiranne verk\u00f6rpert der Hafen von Salettes die mediterrane Authentizit\u00e4t. Dieser malerische Hafen liegt in einer gesch\u00fctzten Bucht und l\u00e4dt zu einem Spaziergang entlang der Kais ein, an denen die farbenfrohen Pointus anlegen. Er ist ein Treffpunkt f\u00fcr Fischer und Segler und bietet eine warme Atmosph\u00e4re, in der die provenzalische Lebenskunst in aller Ruhe genossen werden kann.<\/p>\n\n\n\n<div class=\"wp-block-buttons is-layout-flex wp-block-buttons-is-layout-flex\">\n<div class=\"wp-block-button\"><a class=\"wp-block-button__link wp-element-button\" href=\"https:\/\/provence-mediterranee.prep.faire-savoir.eu\/de\/activites\/port-des-salettes\/\" target=\"_blank\" rel=\"noreferrer noopener\"><kbd>Der Hafen von Salettes<\/kbd><\/a><\/div>\n<\/div>\n<\/div>\n<\/div>\n<\/section>\n\n<section class=\"wp-block-group alignfull pattern-text-image has-global-padding is-layout-constrained wp-block-group-is-layout-constrained\">\n<div class=\"wp-block-columns alignwide are-vertically-aligned-center is-layout-flex wp-container-core-columns-is-layout-28f84493 wp-block-columns-is-layout-flex\">\n<div class=\"wp-block-column is-vertically-aligned-center pattern-text-image__content is-layout-flow wp-block-column-is-layout-flow\" style=\"flex-basis:33%\">\n<h2 class=\"wp-block-heading\"><strong>Die H\u00fcgel von Carqueiranne<\/strong><\/h2>\n\n\n\n<p>Der Mont des Oiseaux im Osten und <a href=\"https:\/\/provence-mediterranee.prep.faire-savoir.eu\/de\/activites\/massiv-des-colle-noire\/\">das Massiv des Colle Noire<\/a> im Westen umschlie\u00dfen die K\u00fcste mit ihren Pinienw\u00e4ldern. Bei einem Spaziergang auf den Pfaden entfaltet die Natur ihre ganze Pracht mit erhabenen Kiefernlandschaften, die sich \u00fcber das Mittelmeer und <a href=\"https:\/\/provence-mediterranee.prep.faire-savoir.eu\/de\/hyeres-porquerolles\/\">die Inseln von Hy\u00e8res<\/a> neigen.<\/p>\n<\/div>\n\n\n\n<div class=\"wp-block-column is-vertically-aligned-center pattern-text-image__media is-layout-flow wp-block-column-is-layout-flow\" style=\"flex-basis:67%\">\n<figure class=\"wp-block-image size-large\"><img loading=\"lazy\" decoding=\"async\" width=\"1200\" height=\"900\" src=\"https:\/\/provence-mediterranee.prep.faire-savoir.eu\/assets\/uploads\/2024\/04\/carqueiranne-1200x900.jpg\" alt=\"\" class=\"wp-image-21063\" srcset=\"https:\/\/provence-mediterranee.prep.faire-savoir.eu\/assets\/uploads\/2024\/04\/carqueiranne-1200x900.jpg 1200w, https:\/\/provence-mediterranee.prep.faire-savoir.eu\/assets\/uploads\/2024\/04\/carqueiranne-800x600.jpg 800w, https:\/\/provence-mediterranee.prep.faire-savoir.eu\/assets\/uploads\/2024\/04\/carqueiranne-520x390.jpg 520w, https:\/\/provence-mediterranee.prep.faire-savoir.eu\/assets\/uploads\/2024\/04\/carqueiranne-768x576.jpg 768w, https:\/\/provence-mediterranee.prep.faire-savoir.eu\/assets\/uploads\/2024\/04\/carqueiranne-1536x1152.jpg 1536w, https:\/\/provence-mediterranee.prep.faire-savoir.eu\/assets\/uploads\/2024\/04\/carqueiranne.jpg 1920w\" sizes=\"auto, (max-width: 1200px) 100vw, 1200px\" \/><figcaption class=\"wp-element-caption\">Carqueiranne aus der Luft<\/figcaption><\/figure>\n<\/div>\n<\/div>\n<\/section>\n\n<section class=\"wp-block-group alignfull pattern-link-mosaic has-global-padding is-layout-constrained wp-block-group-is-layout-constrained\">\n<div class=\"wp-block-group alignwide is-content-justification-left is-layout-flow wp-block-group-is-layout-flow\">\t<div class=\"fsgb-block-link-mosaic is-style-micro-cards\">\n\n\t\t\t\t\n\t\t\t\t\t\t\t\t\t\t\t\t\t\t\t\t\t\t\t\t\t<article class=\"card card--page stretched-link card--link-mosaic stack\" >\n\t\t\t\t\t<div class=\"card__thumbnail has-middleground-background-color stack\">\n\t\t\t\t\t\t\t\t<figure><img loading=\"lazy\" decoding=\"async\" width=\"1920\" height=\"1080\" src=\"https:\/\/provence-mediterranee.prep.faire-savoir.eu\/assets\/uploads\/2024\/04\/homepage-hebergement-ville.jpg\" class=\"attachment-full size-full\" alt=\"\" srcset=\"https:\/\/provence-mediterranee.prep.faire-savoir.eu\/assets\/uploads\/2024\/04\/homepage-hebergement-ville.jpg 1920w, https:\/\/provence-mediterranee.prep.faire-savoir.eu\/assets\/uploads\/2024\/04\/homepage-hebergement-ville-800x450.jpg 800w, https:\/\/provence-mediterranee.prep.faire-savoir.eu\/assets\/uploads\/2024\/04\/homepage-hebergement-ville-1200x675.jpg 1200w, https:\/\/provence-mediterranee.prep.faire-savoir.eu\/assets\/uploads\/2024\/04\/homepage-hebergement-ville-520x293.jpg 520w, https:\/\/provence-mediterranee.prep.faire-savoir.eu\/assets\/uploads\/2024\/04\/homepage-hebergement-ville-768x432.jpg 768w, https:\/\/provence-mediterranee.prep.faire-savoir.eu\/assets\/uploads\/2024\/04\/homepage-hebergement-ville-1536x864.jpg 1536w\" sizes=\"auto, (max-width: 1920px) 100vw, 1920px\" \/><\/figure>\t\t\t\t\t\t\t\t<div class=\"on-hover\"><\/div>\n\t\t\t<\/div>\n\t\t\n\t\t<div class=\"card__content\">\n\t\t\t\t\t\t\n\t\t\t\t\t\t<h3 class=\"title wp-block-heading\">\n\t\t\t\t\t\t\t\t\t<a href=\"https:\/\/provence-mediterranee.prep.faire-savoir.eu\/de\/unsere-12-gemeinden\/carqueiranne\/carqueiranne-unterkuenfte\/\">Unterk\u00fcnfte Carqueiranne<\/a>\t\t\t\t\t\t\t<\/h3>\n\n\t\t\t\t\t\t\n\t\t\t\t\t\t\t\t\t\n\t\t\t\t\t\t\n\t\t\t\t\t\t\n\t\t\t\t\t\t\n\t\t\t\t\t\t\n\t\t\t\t\t\t\n\t\t\t\t\t\t\n\t\t\t\t\t\t\t\t\t\n\t\t<\/div>\n\t<\/article>\n\t\t\t\t\t\t\t\t\t\t\t\t\t\t\t\t\t\t\t\t\t\t\t\t\t\t\t\t\t\t\t\t\t\t<article class=\"card card--page stretched-link card--link-mosaic stack\" >\n\t\t\t\t\t<div class=\"card__thumbnail has-middleground-background-color stack\">\n\t\t\t\t\t\t\t\t<figure><img loading=\"lazy\" decoding=\"async\" width=\"1920\" height=\"1080\" src=\"https:\/\/provence-mediterranee.prep.faire-savoir.eu\/assets\/uploads\/2024\/08\/sit-restaurant-restaurant-a-remplacerjpg.jpg\" class=\"attachment-full size-full\" alt=\"\" srcset=\"https:\/\/provence-mediterranee.prep.faire-savoir.eu\/assets\/uploads\/2024\/08\/sit-restaurant-restaurant-a-remplacerjpg.jpg 1920w, https:\/\/provence-mediterranee.prep.faire-savoir.eu\/assets\/uploads\/2024\/08\/sit-restaurant-restaurant-a-remplacerjpg-800x450.jpg 800w, https:\/\/provence-mediterranee.prep.faire-savoir.eu\/assets\/uploads\/2024\/08\/sit-restaurant-restaurant-a-remplacerjpg-1200x675.jpg 1200w, https:\/\/provence-mediterranee.prep.faire-savoir.eu\/assets\/uploads\/2024\/08\/sit-restaurant-restaurant-a-remplacerjpg-520x293.jpg 520w, https:\/\/provence-mediterranee.prep.faire-savoir.eu\/assets\/uploads\/2024\/08\/sit-restaurant-restaurant-a-remplacerjpg-768x432.jpg 768w, https:\/\/provence-mediterranee.prep.faire-savoir.eu\/assets\/uploads\/2024\/08\/sit-restaurant-restaurant-a-remplacerjpg-1536x864.jpg 1536w\" sizes=\"auto, (max-width: 1920px) 100vw, 1920px\" \/><\/figure>\t\t\t\t\t\t\t\t<div class=\"on-hover\"><\/div>\n\t\t\t<\/div>\n\t\t\n\t\t<div class=\"card__content\">\n\t\t\t\t\t\t\n\t\t\t\t\t\t<h3 class=\"title wp-block-heading\">\n\t\t\t\t\t\t\t\t\t<a href=\"https:\/\/provence-mediterranee.prep.faire-savoir.eu\/de\/unsere-12-gemeinden\/carqueiranne\/restaurants-in-carqueiranne\/\" target=\"blank\">Restaurants Carqueiranne<\/a>\t\t\t\t\t\t\t<\/h3>\n\n\t\t\t\t\t\t\n\t\t\t\t\t\t\t\t\t\n\t\t\t\t\t\t\n\t\t\t\t\t\t\n\t\t\t\t\t\t\n\t\t\t\t\t\t\n\t\t\t\t\t\t\n\t\t\t\t\t\t\n\t\t\t\t\t\t\t\t\t\n\t\t<\/div>\n\t<\/article>\n\t\t\t\t\t\t\t\t\t\t\t\t\t\t\t\t\t\t\t\t\t\t\t\t\t\t\t\t\t\t\t\t\t\t<article class=\"card card--page stretched-link card--link-mosaic stack\" >\n\t\t\t\t\t<div class=\"card__thumbnail has-middleground-background-color stack\">\n\t\t\t\t\t\t\t\t<figure><img loading=\"lazy\" decoding=\"async\" width=\"1920\" height=\"1080\" src=\"https:\/\/provence-mediterranee.prep.faire-savoir.eu\/assets\/uploads\/2024\/04\/vivre-la-provence-culture-et-art-de-vivre-hub-m1-7.jpg\" class=\"attachment-full size-full\" alt=\"\" srcset=\"https:\/\/provence-mediterranee.prep.faire-savoir.eu\/assets\/uploads\/2024\/04\/vivre-la-provence-culture-et-art-de-vivre-hub-m1-7.jpg 1920w, https:\/\/provence-mediterranee.prep.faire-savoir.eu\/assets\/uploads\/2024\/04\/vivre-la-provence-culture-et-art-de-vivre-hub-m1-7-800x450.jpg 800w, https:\/\/provence-mediterranee.prep.faire-savoir.eu\/assets\/uploads\/2024\/04\/vivre-la-provence-culture-et-art-de-vivre-hub-m1-7-1200x675.jpg 1200w, https:\/\/provence-mediterranee.prep.faire-savoir.eu\/assets\/uploads\/2024\/04\/vivre-la-provence-culture-et-art-de-vivre-hub-m1-7-520x293.jpg 520w, https:\/\/provence-mediterranee.prep.faire-savoir.eu\/assets\/uploads\/2024\/04\/vivre-la-provence-culture-et-art-de-vivre-hub-m1-7-768x432.jpg 768w, https:\/\/provence-mediterranee.prep.faire-savoir.eu\/assets\/uploads\/2024\/04\/vivre-la-provence-culture-et-art-de-vivre-hub-m1-7-1536x864.jpg 1536w\" sizes=\"auto, (max-width: 1920px) 100vw, 1920px\" \/><\/figure>\t\t\t\t\t\t\t\t<div class=\"on-hover\"><\/div>\n\t\t\t<\/div>\n\t\t\n\t\t<div class=\"card__content\">\n\t\t\t\t\t\t\n\t\t\t\t\t\t<h3 class=\"title wp-block-heading\">\n\t\t\t\t\t\t\t\t\t<a href=\"https:\/\/provence-mediterranee.prep.faire-savoir.eu\/de\/terminkalender-von-carqueiranne\/\" target=\"blank\">Veranstaltungen Carqueiranne<\/a>\t\t\t\t\t\t\t<\/h3>\n\n\t\t\t\t\t\t\n\t\t\t\t\t\t\t\t\t\n\t\t\t\t\t\t\n\t\t\t\t\t\t\n\t\t\t\t\t\t\n\t\t\t\t\t\t\n\t\t\t\t\t\t\n\t\t\t\t\t\t\n\t\t\t\t\t\t\t\t\t\n\t\t<\/div>\n\t<\/article>\n\t\t\t\t\t\t\t\t\t\t\t\t\t\t\t\t\t\t\t\t\t\t\t\t\t\t\t\t\t\t\t\t\t\t<article class=\"card card--page stretched-link card--link-mosaic stack\" >\n\t\t\t\t\t<div class=\"card__thumbnail has-middleground-background-color stack\">\n\t\t\t\t\t\t\t\t<figure><img loading=\"lazy\" decoding=\"async\" width=\"1920\" height=\"1080\" src=\"https:\/\/provence-mediterranee.prep.faire-savoir.eu\/assets\/uploads\/2024\/08\/sit-plage-a-remplacerjpg.jpg\" class=\"attachment-full size-full\" alt=\"\" srcset=\"https:\/\/provence-mediterranee.prep.faire-savoir.eu\/assets\/uploads\/2024\/08\/sit-plage-a-remplacerjpg.jpg 1920w, https:\/\/provence-mediterranee.prep.faire-savoir.eu\/assets\/uploads\/2024\/08\/sit-plage-a-remplacerjpg-800x450.jpg 800w, https:\/\/provence-mediterranee.prep.faire-savoir.eu\/assets\/uploads\/2024\/08\/sit-plage-a-remplacerjpg-1200x675.jpg 1200w, https:\/\/provence-mediterranee.prep.faire-savoir.eu\/assets\/uploads\/2024\/08\/sit-plage-a-remplacerjpg-520x293.jpg 520w, https:\/\/provence-mediterranee.prep.faire-savoir.eu\/assets\/uploads\/2024\/08\/sit-plage-a-remplacerjpg-768x432.jpg 768w, https:\/\/provence-mediterranee.prep.faire-savoir.eu\/assets\/uploads\/2024\/08\/sit-plage-a-remplacerjpg-1536x864.jpg 1536w\" sizes=\"auto, (max-width: 1920px) 100vw, 1920px\" \/><\/figure>\t\t\t\t\t\t\t\t<div class=\"on-hover\"><\/div>\n\t\t\t<\/div>\n\t\t\n\t\t<div class=\"card__content\">\n\t\t\t\t\t\t\n\t\t\t\t\t\t<h3 class=\"title wp-block-heading\">\n\t\t\t\t\t\t\t\t\t<a href=\"https:\/\/provence-mediterranee.prep.faire-savoir.eu\/de\/die-provence-erleben\/urlaub-am-meer\/alle-straende\/?_commune=carqueiranne\" target=\"blank\">Str\u00e4nde Carqueiranne<\/a>\t\t\t\t\t\t\t<\/h3>\n\n\t\t\t\t\t\t\n\t\t\t\t\t\t\t\t\t\n\t\t\t\t\t\t\n\t\t\t\t\t\t\n\t\t\t\t\t\t\n\t\t\t\t\t\t\n\t\t\t\t\t\t\n\t\t\t\t\t\t\n\t\t\t\t\t\t\t\t\t\n\t\t<\/div>\n\t<\/article>\n\t\t\t\t\t\t\t\t\t\t\t\t\t\t\t\t\t\t\n\t\t\t\t\t\t\t\t\t\t\t<\/div>\n\n<\/div>\n<\/section>\n\n<section class=\"wp-block-group alignfull pattern-text-image has-global-padding is-layout-constrained wp-block-group-is-layout-constrained\">\n<div class=\"wp-block-columns alignwide are-vertically-aligned-center is-layout-flex wp-container-core-columns-is-layout-28f84493 wp-block-columns-is-layout-flex\">\n<div class=\"wp-block-column is-vertically-aligned-center pattern-text-image__media is-layout-flow wp-block-column-is-layout-flow\" style=\"flex-basis:67%\">\n<figure class=\"wp-block-image size-large is-resized\"><img loading=\"lazy\" decoding=\"async\" width=\"1200\" height=\"900\" src=\"https:\/\/provence-mediterranee.prep.faire-savoir.eu\/assets\/uploads\/2024\/07\/12-communes-carqueiranne-un-ete-au-bord-de-leaujpg-1200x900.jpg\" alt=\"\" class=\"wp-image-36483\" style=\"width:990px;height:auto\" srcset=\"https:\/\/provence-mediterranee.prep.faire-savoir.eu\/assets\/uploads\/2024\/07\/12-communes-carqueiranne-un-ete-au-bord-de-leaujpg-1200x900.jpg 1200w, https:\/\/provence-mediterranee.prep.faire-savoir.eu\/assets\/uploads\/2024\/07\/12-communes-carqueiranne-un-ete-au-bord-de-leaujpg-800x600.jpg 800w, https:\/\/provence-mediterranee.prep.faire-savoir.eu\/assets\/uploads\/2024\/07\/12-communes-carqueiranne-un-ete-au-bord-de-leaujpg-520x390.jpg 520w, https:\/\/provence-mediterranee.prep.faire-savoir.eu\/assets\/uploads\/2024\/07\/12-communes-carqueiranne-un-ete-au-bord-de-leaujpg-768x576.jpg 768w, https:\/\/provence-mediterranee.prep.faire-savoir.eu\/assets\/uploads\/2024\/07\/12-communes-carqueiranne-un-ete-au-bord-de-leaujpg-1536x1152.jpg 1536w, https:\/\/provence-mediterranee.prep.faire-savoir.eu\/assets\/uploads\/2024\/07\/12-communes-carqueiranne-un-ete-au-bord-de-leaujpg.jpg 1920w\" sizes=\"auto, (max-width: 1200px) 100vw, 1200px\" \/><figcaption class=\"wp-element-caption\">Der Park der schiefen Kiefern<\/figcaption><\/figure>\n<\/div>\n\n\n\n<div class=\"wp-block-column is-vertically-aligned-center pattern-text-image__content is-layout-flow wp-block-column-is-layout-flow\" style=\"flex-basis:33%\">\n<h2 class=\"wp-block-heading\"><strong><strong>Ein Sommer am Wasser<\/strong><\/strong><\/h2>\n\n\n\n<p>Carqueiranne ist ein beliebter Badeort f\u00fcr einen Urlaub am Meer und eine lebendige Postkarte. Baden und picknicken Sie an gro\u00dfen Sandstr\u00e4nden oder in versteckten Buchten, genie\u00dfen Sie es, mit dem Kajak oder Paddelboot \u00fcber das Wasser zu gleiten, schlendern Sie abends durch den Hafen, um ein Souvenir zu kaufen oder ein Eis zu essen: alles Zutaten f\u00fcr einen unvergesslichen Sommer.<\/p>\n\n\n\n<div class=\"wp-block-buttons is-layout-flex wp-block-buttons-is-layout-flex\">\n<div class=\"wp-block-button\"><a class=\"wp-block-button__link wp-element-button\" href=\"https:\/\/provence-mediterranee.prep.faire-savoir.eu\/de\/meine-ankunft-vorbereiten\/freizeitaktivitaeten-auf-dem-wasser\/?_commune=carqueiranne\">Ins Wasser springen<\/a><\/div>\n<\/div>\n<\/div>\n<\/div>\n<\/section>\n\n<section class=\"wp-block-group alignfull pattern-text-image has-global-padding is-layout-constrained wp-block-group-is-layout-constrained\">\n<div class=\"wp-block-columns alignwide are-vertically-aligned-center is-layout-flex wp-container-core-columns-is-layout-28f84493 wp-block-columns-is-layout-flex\">\n<div class=\"wp-block-column is-vertically-aligned-center pattern-text-image__content is-layout-flow wp-block-column-is-layout-flow\" style=\"flex-basis:33%\">\n<h2 class=\"wp-block-heading\"><strong>Geschmack und Terroir<\/strong><\/h2>\n\n\n\n<p>Das Gebiet von Carqueirannais zeugt von einer uralten landwirtschaftlichen und maritimen Tradition, die auf den M\u00e4rkten, an den St\u00e4nden der Fischer und bei den lokalen Produzenten noch immer lebendig ist. Blumen &#8211; vor allem die Tulpe, das Wahrzeichen der Stadt &#8211; Zitrusfr\u00fcchte, Papaya, Spirulina, Fisch und Meeresfr\u00fcchte: In Ihrem Urlaub in Carqueiranne k\u00f6nnen Sie alle Reicht\u00fcmer des Mittelmeers genie\u00dfen.<\/p>\n\n\n\n<div class=\"wp-block-buttons is-layout-flex wp-block-buttons-is-layout-flex\">\n<div class=\"wp-block-button\"><a class=\"wp-block-button__link wp-element-button\" href=\"https:\/\/provence-mediterranee.prep.faire-savoir.eu\/les-producteurs\/?_commune=carqueiranne\">Produzenten aus Carqueiranne<\/a><\/div>\n<\/div>\n<\/div>\n\n\n\n<div class=\"wp-block-column is-vertically-aligned-center pattern-text-image__media is-layout-flow wp-block-column-is-layout-flow\" style=\"flex-basis:67%\">\n<figure class=\"wp-block-image size-large\"><img loading=\"lazy\" decoding=\"async\" width=\"1200\" height=\"900\" src=\"https:\/\/provence-mediterranee.prep.faire-savoir.eu\/assets\/uploads\/2024\/04\/12-villes-carqueiranne-terroir-1200x900.jpg\" alt=\"\" class=\"wp-image-14031\" srcset=\"https:\/\/provence-mediterranee.prep.faire-savoir.eu\/assets\/uploads\/2024\/04\/12-villes-carqueiranne-terroir-1200x900.jpg 1200w, https:\/\/provence-mediterranee.prep.faire-savoir.eu\/assets\/uploads\/2024\/04\/12-villes-carqueiranne-terroir-800x600.jpg 800w, https:\/\/provence-mediterranee.prep.faire-savoir.eu\/assets\/uploads\/2024\/04\/12-villes-carqueiranne-terroir-520x390.jpg 520w, https:\/\/provence-mediterranee.prep.faire-savoir.eu\/assets\/uploads\/2024\/04\/12-villes-carqueiranne-terroir-768x576.jpg 768w, https:\/\/provence-mediterranee.prep.faire-savoir.eu\/assets\/uploads\/2024\/04\/12-villes-carqueiranne-terroir-1536x1152.jpg 1536w, https:\/\/provence-mediterranee.prep.faire-savoir.eu\/assets\/uploads\/2024\/04\/12-villes-carqueiranne-terroir.jpg 1920w\" sizes=\"auto, (max-width: 1200px) 100vw, 1200px\" \/><figcaption class=\"wp-element-caption\">Pfingstrosen aus Carqueiranne<\/figcaption><\/figure>\n<\/div>\n<\/div>\n<\/section>\n","protected":false},"excerpt":{"rendered":"<p>Ruhiger Aufenthalt am Meer Carqueiranne, ein beliebter Badeort zwischen Hy\u00e8res und Le Pradet, ist die ideale Kulisse f\u00fcr einen entspannenden Urlaub am Mittelmeer. Zwischen Meer und H\u00fcgeln, mit einem typischen kleinen Hafen, einem Markt, Str\u00e4nden und Naturpfaden, die die authentische Atmosph\u00e4re eines Urlaubs im S\u00fcden widerspiegeln. Die s\u00fcdliche Stadt der Tulpen verspricht Ihnen einen erholsamen [&hellip;]<\/p>\n","protected":false},"author":4,"featured_media":29811,"parent":35830,"menu_order":10,"comment_status":"closed","ping_status":"closed","template":"templates\/municipality.php","meta":{"_acf_changed":false,"footnotes":"","_links_to":"","_links_to_target":""},"class_list":["post-34547","page","type-page","status-publish","has-post-thumbnail","hentry"],"acf":[],"_links":{"self":[{"href":"https:\/\/provence-mediterranee.prep.faire-savoir.eu\/de\/wp-json\/wp\/v2\/pages\/34547","targetHints":{"allow":["GET"]}}],"collection":[{"href":"https:\/\/provence-mediterranee.prep.faire-savoir.eu\/de\/wp-json\/wp\/v2\/pages"}],"about":[{"href":"https:\/\/provence-mediterranee.prep.faire-savoir.eu\/de\/wp-json\/wp\/v2\/types\/page"}],"author":[{"embeddable":true,"href":"https:\/\/provence-mediterranee.prep.faire-savoir.eu\/de\/wp-json\/wp\/v2\/users\/4"}],"replies":[{"embeddable":true,"href":"https:\/\/provence-mediterranee.prep.faire-savoir.eu\/de\/wp-json\/wp\/v2\/comments?post=34547"}],"version-history":[{"count":6,"href":"https:\/\/provence-mediterranee.prep.faire-savoir.eu\/de\/wp-json\/wp\/v2\/pages\/34547\/revisions"}],"predecessor-version":[{"id":54310,"href":"https:\/\/provence-mediterranee.prep.faire-savoir.eu\/de\/wp-json\/wp\/v2\/pages\/34547\/revisions\/54310"}],"up":[{"embeddable":true,"href":"https:\/\/provence-mediterranee.prep.faire-savoir.eu\/de\/wp-json\/wp\/v2\/pages\/35830"}],"wp:featuredmedia":[{"embeddable":true,"href":"https:\/\/provence-mediterranee.prep.faire-savoir.eu\/de\/wp-json\/wp\/v2\/media\/29811"}],"wp:attachment":[{"href":"https:\/\/provence-mediterranee.prep.faire-savoir.eu\/de\/wp-json\/wp\/v2\/media?parent=34547"}],"curies":[{"name":"wp","href":"https:\/\/api.w.org\/{rel}","templated":true}]}}